{"id":1185,"date":"2019-04-04T10:22:27","date_gmt":"2019-04-04T10:22:27","guid":{"rendered":"https:\/\/mrticketfixer.com\/?page_id=1185"},"modified":"2025-03-17T15:30:48","modified_gmt":"2025-03-17T22:30:48","slug":"teen-drivers-intermediate-license","status":"publish","type":"page","link":"https:\/\/mrticketfixer.com\/es\/traffic-tickets\/teen-drivers-intermediate-license\/","title":{"rendered":"Licencias Intermedias para Adolescentes"},"content":{"rendered":"<h2 class=\"wp-block-heading\" id=\"how-to-handle-your-teen-s-traffic-ticket-on-an-intermediate-license\">C\u00f3mo Manejar la Infracci\u00f3n de Tr\u00e1nsito de su Adolescente con una Licencia Intermedia<\/h2>\n\n\n\n<p>In Washington State, an&nbsp;<em>Intermediate License<\/em>&nbsp;En el estado de Washington, una licencia intermedia es un tipo particular de licencia para nuevos conductores. En concreto, cualquier conductor que tenga 16 o 17 a\u00f1os tendr\u00e1 lo que se denomina licencia intermedia. Si su hijo adolescente acaba de obtener su licencia y est\u00e1 comenzando a conducir, debe estar atento a la seguridad tanto de su hijo como de su veh\u00edculo. Si bien desea que su hijo adolescente experimente la alegr\u00eda y la libertad que se obtienen al estar detr\u00e1s del volante, tambi\u00e9n debe asegurarse de que su hijo no cause estragos en el proceso.<\/p>\n\n\n\n<p>Dicho esto, los conductores adolescentes cometer\u00e1n errores, sin importar cu\u00e1n cuidadosos sean usted o ellos. Los excelentes h\u00e1bitos de conducci\u00f3n vienen con la experiencia, y hasta que su hijo adolescente no haya pasado innumerables horas al volante, no podr\u00e1 tomar las mejores decisiones mientras est\u00e9 en la carretera.<\/p>\n\n\n\n<p>Desafortunadamente, esa inexperiencia puede llevar a una variedad de situaciones en las que su hijo adolescente recibe una infracci\u00f3n. Si eso sucede, es imperativo comprender las posibles consecuencias tanto para usted como para la licencia intermedia de su hijo.<\/p>\n\n\n\n<p>Con eso en mente, queremos echar un vistazo a las mejores formas de manejar la infracci\u00f3n de tr\u00e1nsito de su hijo adolescente mientras tiene su licencia intermedia, incluidas las infracciones que se le pueden imponer y las posibles consecuencias.<\/p>\n\n\n\n<h3 class=\"wp-block-heading\" id=\"teen-drivers-and-insurance-rates\"><strong>Conductores Adolescentes y Tasas de Seguro<\/strong><\/h3>\n\n\n\n<p>Incluso antes de que su hijo adolescente salga de viaje, tendr\u00eda que agregarlo a su p\u00f3liza de seguro. Como puede imaginar, los conductores no probados son una responsabilidad potencialmente enorme para las aseguradoras, lo que significa que sus tasas probablemente aumentar\u00e1n en un margen sustancial.<\/p>\n\n\n\n<p>Aunque puede ayudar a minimizar estos costos haciendo que su hijo adolescente tome cursos de conducci\u00f3n segura y adquiera experiencia adicional al volante con usted en el asiento del pasajero, el hecho es que el aumento promedio de la tasa de seguro de su veh\u00edculo por&nbsp;<a href=\"https:\/\/www.insure.com\/car-insurance\/teen-permit.html\" target=\"_blank\" rel=\"noopener\">agregar un conductor adolescente es de aproximadamente 154 % en el estado de Washington.<\/a>.<\/p>\n\n\n\n<p>Desafortunadamente, no hay mucho que usted y su hijo adolescente puedan hacer para mitigar estos gastos. M\u00e1s all\u00e1 de algunos cursos y descuentos en el GPA(Grade-Point Average o Promedio de Calificaciones en Colegio), las compa\u00f1\u00edas de seguros asumir\u00e1n lo peor y esperar\u00e1n lo mejor, mientras que las tasas de usted como padre penden de un hilo. Solo despu\u00e9s de a\u00f1os de conducci\u00f3n segura podr\u00e1 esperar que esos costos bajen, o hasta que su hijo adolescente pueda pagar un plan individual.<\/p>\n\n\n\n<p>Pase lo que pase, si su hijo recibe una infracci\u00f3n mientras conduce, eso aumentar\u00e1 significativamente las tarifas de su seguro. Si bien el porcentaje real puede cambiar dependiendo de una variedad de factores, es probable que observe un aumento adicional de al menos cinco a 20 %. Esto se sumar\u00eda al aumento que acaba de recibir simplemente por agregar a su conductor adolescente.<\/p>\n\n\n\n<p>Algunos de estos factores a los que las aseguradoras prestan atenci\u00f3n incluyen:<\/p>\n\n\n\n<p>La edad real del conductor: cuanto m\u00e1s cerca est\u00e9 su hijo de los 18 a\u00f1os, m\u00e1s bajas ser\u00e1n sus tasas de seguro.<\/p>\n\n\n\n<p><a href=\"https:\/\/mrticketfixer.com\/es\/traffic-tickets\/moving-vs-non-moving-violations\/\">Infracciones en Movimiento versus infracciones Estacionarias:<\/a>&nbsp;si no est\u00e1 familiarizado, las infracciones en movimiento son como infracciones por exceso de velocidad, mientras que las infracciones estacionarias son como por ejemplo, infracciones de estacionamiento.<\/p>\n\n\n\n<p>Debido a que la naturaleza de la infracci\u00f3n es tan crucial para los algoritmos de la compa\u00f1\u00eda de seguros, analicemos las diversas razones por las que su adolescente podr\u00eda recibir una infracci\u00f3n en primer lugar.<\/p>\n\n\n\n<h3 class=\"wp-block-heading\" id=\"in-washington-anyone-under-18-has-an-intermediate-license\"><strong>En Washington, Cualquier Persona Menor de 18 a\u00f1os tiene una \u201cLicencia Intermedia\u201d<\/strong>&#8220;<\/h3>\n\n\n\n<h4 class=\"wp-block-heading\" id=\"driving-with-passengers\"><strong>Conducir con Pasajeros<\/strong><\/h4>\n\n\n\n<p>Durante los primeros seis meses de conducci\u00f3n, su hijo no puede llevar pasajeros menores de 20 a\u00f1os, excepto familiares directos. Se excluyen los primos, t\u00edas y t\u00edos, mientras que se permiten hermanos y padres, ya sean parientes consangu\u00edneos o matrimoniales (es decir, tambi\u00e9n se permiten hermanastros).<\/p>\n\n\n\n<p>Durante los pr\u00f3ximos seis meses de tener una licencia intermedia, su hijo adolescente no puede tener m\u00e1s de tres pasajeros menores de 20 a\u00f1os que no sean parientes inmediatos. Como puede imaginar, esta regla tiene como objetivo ayudar a reducir la posibilidad de que los adolescentes conduzcan con un grupo de amigos todo el tiempo.<\/p>\n\n\n\n<p>Los accidentes e infracciones son mucho m\u00e1s probables si su hijo conduce con sus compa\u00f1eros, raz\u00f3n por la cual la ley quiere adultos certificados (mayores de 20 a\u00f1os) en el veh\u00edculo en todo momento.<\/p>\n\n\n\n<h4 class=\"wp-block-heading\" id=\"driving-at-night\"><strong>Conducir de noche<\/strong><\/h4>\n\n\n\n<p>En su mayor parte, su hijo adolescente puede conducir de noche, excepto entre la una y las cinco de la ma\u00f1ana. Durante estas horas, su hijo tambi\u00e9n debe tener a alguien mayor de 25 a\u00f1os en el veh\u00edculo. No solo eso, sino que la persona tambi\u00e9n debe tener una licencia de conducir v\u00e1lida.<\/p>\n\n\n\n<h4 class=\"wp-block-heading\" id=\"cell-phones\"><strong>Tel\u00e9fonos Celulares<\/strong><\/h4>\n\n\n\n<p>Agregar tel\u00e9fonos m\u00f3viles a la mezcla para conductores adolescentes es una receta para el desastre, raz\u00f3n por la cual todo uso de dispositivos m\u00f3viles est\u00e1 prohibido con una licencia intermedia. Incluso est\u00e1 prohibido hablar con manos libres o usar el tel\u00e9fono, excepto cuando se llama para solicitar asistencia de emergencia (es decir, 911).<\/p>\n\n\n\n<p>En pocas palabras, si su hijo adolescente tiene un tel\u00e9fono en el autom\u00f3vil, es mejor guardarlo de forma segura o apagarlo mientras su hijo est\u00e1 detr\u00e1s del volante.<\/p>\n\n\n\n<h4 class=\"wp-block-heading\" id=\"other-infractions\"><strong>Otras infracciones<\/strong><\/h4>\n\n\n\n<p>Las restricciones que enumeramos anteriormente son las \u00fanicas restricciones impuestas a una licencia intermedia. Sin embargo, tenga en cuenta que su adolescente a\u00fan puede ser detenido y recibir una infracci\u00f3n por cualquier otra cosa mientras conduce, incluido exceso de velocidad, no encender las luces para virar a la derecha o a la izquierda, conducir ilegalmente en el carril de viaje compartido y otras infracciones.<\/p>\n\n\n\n<p>Por lo tanto, es imperativo que analice estos posibles problemas que podr\u00edan surgir mientras su hijo adolescente est\u00e1 en la carretera, principalmente si va a conducir solo mucho tiempo. Tener a usted u otro adulto en el autom\u00f3vil puede ayudar a mitigar la posibilidad de una infracci\u00f3n, pero si su hijo adolescente conduce solo, entonces debe repasar las reglas de tr\u00e1nsito y la seguridad.<\/p>\n\n\n\n<h3 class=\"wp-block-heading\" id=\"penalties-for-violations-on-an-intermediate-license\">Sanciones por Infracciones de una Licencia Intermedia<\/h3>\n\n\n\n<p>Las infracciones pueden ser una de tres cosas: primero, si su adolescente desobedece una de las restricciones impuestas en la licencia intermedia (es decir, tener pasajeros j\u00f3venes en los primeros seis meses). En segundo lugar, si infringe una regla de tr\u00e1nsito (es decir, exceso de velocidad). Finalmente, si su adolescente se ve involucrado en una colisi\u00f3n, contar\u00e1 como una infracci\u00f3n, lo que podr\u00eda resultar en una sanci\u00f3n.<\/p>\n\n\n\n<ul class=\"wp-block-list\"><li><u>Primera infracci\u00f3n: m\u00e1s all\u00e1 de la infracci\u00f3n en s\u00ed, el estado emitir\u00e1 una advertencia por escrito a su adolescente que se enviar\u00e1 por correo a su casa. Tenga en cuenta que las restricciones de la licencia intermedia est\u00e1n vigentes hasta que su hijo cumpla 18 a\u00f1os.<\/u>&nbsp;\u2013 Beyond the ticket itself, the state will issue a written warning to your teenager that will be mailed to your house. Keep in mind that the intermediate license restrictions are in place until your child turns 18.<\/li><li><u>Segunda infracci\u00f3n: el DOL (Departamento de Licencias) le enviar\u00e1 una carta indicando que la licencia de su adolescente se suspender\u00e1 durante seis meses o hasta que cumpla 18 a\u00f1os, lo que ocurra primero. Por ejemplo, si la segunda infracci\u00f3n ocurre solo cuatro meses antes de su cumplea\u00f1os, esa ser\u00e1 la duraci\u00f3n de la suspensi\u00f3n.<\/u>&nbsp;\u2013 The DOL will send you a letter stating your teen\u2019s license will be suspended for six months or until they reach the age of 18 whichever comes sooner. For example, if the second violation happens only four months before his or her birthday, then that\u2019s how long the suspension will last.<\/li><li><u>Tercera infracci\u00f3n: la licencia de su adolescente se suspender\u00e1 por completo hasta que cumpla 18 a\u00f1os.<\/u>&nbsp;\u2013 Your teen\u2019s license will be suspended altogether until he or she turns 18.<\/li><\/ul>\n\n\n\n<p>En general, debes tomar en serio cada infracci\u00f3n. Dado que una vez que las infracciones se acumulan y aparecen en el historial de su adolescente, lo \u00fanico que puede hacer es que su hijo espere hasta que pase la suspensi\u00f3n.<\/p>\n\n\n\n<h2 class=\"wp-block-heading\" id=\"what-you-can-do\">Lo que Puede Hacer<\/h2>\n\n\n\n<p>Si su hijo adolescente es detenido y recibe una citaci\u00f3n, debe tomar medidas de inmediato. Aqu\u00ed hay algunas opciones disponibles para usted.<\/p>\n\n\n\n<p><strong>Pagar la Multa que Est\u00e1 en la Infracci\u00f3n<\/strong><\/p>\n\n\n\n<p>Esta opci\u00f3n es una de las peores cosas que puede hacer, ya que solo aumentar\u00e1 las tasas de su seguro y pondr\u00e1 una marca negra en el historial de conducci\u00f3n de su hijo. Recuerde, cada infracci\u00f3n se basa en la anterior, por lo que desea mantener el historial de su hijo adolescente lo m\u00e1s limpio posible hasta que cumpla 18 a\u00f1os.<\/p>\n\n\n\n<p>Aunque puede resultar tentador pagar la multa y seguir adelante, primero querr\u00e1 ver si puede luchar contra ella o lograr que el tribunal la anule o la enmiende.<\/p>\n\n\n\n<p><strong>Aplazar la Infracci\u00f3n de Tr\u00e1fico<\/strong><\/p>\n\n\n\n<p>En el estado de Washington, los conductores pueden solicitar el&nbsp;<a href=\"https:\/\/mrticketfixer.com\/es\/traffic-tickets\/how-to-fight-traffic-tickets\/getting-tickets-deferred\/\">aplazamiento<\/a>&nbsp;de una infracci\u00f3n de tr\u00e1fico cada siete a\u00f1os. A primera vista, puede parecer una tarjeta para \u201csalir libre de la c\u00e1rcel\u201d, pero en realidad no es una buena idea utilizarla para la primera infracci\u00f3n de su hijo adolescente.<\/p>\n\n\n\n<p>La forma en que funciona un aplazamiento es que b\u00e1sicamente se llega a un acuerdo de declaraci\u00f3n de culpabilidad con el tribunal. El conductor (es decir, su adolescente) se compromete a no sufrir otra infracci\u00f3n en los pr\u00f3ximos seis a doce meses. Una vez finalizado este per\u00edodo libre de infracciones, la infracci\u00f3n puede ser desestimada de sus registros de manejo.<\/p>\n\n\n\n<p>Una vez m\u00e1s, superficialmente, esto parece una idea potencialmente buena. Sin embargo, debido a que nunca puede estar 100% seguro de que su hijo adolescente no cometer\u00e1 otra infracci\u00f3n (especialmente si el plazo es de un a\u00f1o completo), celebrar este acuerdo puede afectarlos a ambos al final.<\/p>\n\n\n\n<p>Si ocurre otra infracci\u00f3n, la infracci\u00f3n original se incluir\u00e1 en el historial de manejo de su adolescente. Recuerde que solo recibir\u00e1 una advertencia y la segunda infracci\u00f3n resultar\u00e1 en una suspensi\u00f3n. Por lo tanto, si su adolescente viola el aplazamiento con una nueva infracci\u00f3n, se enfrentar\u00e1 a una posible suspensi\u00f3n de su privilegio de conducir durante 6 meses.<\/p>\n\n\n\n<p>Adem\u00e1s, debido a que el aplazamiento solo puede ocurrir una vez cada siete a\u00f1os (incluso si completa el plazo del acuerdo), no es algo que deba tomarse a la ligera.<\/p>\n\n\n\n<p><strong>Consulte a un Abogado de Infracciones de Tr\u00e1nsito<\/strong><\/p>\n\n\n\n<p>En general, su mejor opci\u00f3n es hablar con un abogado antes de hacer cualquier cosa con una infracci\u00f3n. Si hay alguna manera de que su hijo adolescente pueda librarse de la infracci\u00f3n, entonces ser\u00e1 una soluci\u00f3n mucho mejor que un aplazamiento o pagar la multa directamente. Por lo general, un abogado especializado en infracciones de tr\u00e1nsito puede anular la infracci\u00f3n o reducirla a una infracci\u00f3n que no contar\u00e1 como una falta contra la licencia intermedia de su adolescente. M\u00e1s importante a\u00fan, le ahorrar\u00e1 un mont\u00f3n de dinero en las tarifas de su seguro.<\/p>\n\n\n\n<p>Si su hijo adolescente ha recibido una infracci\u00f3n en el oeste de Washington,&nbsp;<a href=\"https:\/\/mrticketfixer.com\/es\/contact\/\">cont\u00e1ctenos hoy.<\/a>Independientemente de las circunstancias, podemos ofrecerle una consulta gratuita e informarle qu\u00e9 opciones est\u00e1n disponibles. No vuelva a ser el taxista de su hijo o hija adolescente.<\/p>\n\n\n\n<h3 class=\"wp-block-heading\" id=\"how-often-do-you-see-driving-tickets-for-teen-drivers-in-washington\">\u00bfCon qu\u00e9 Frecuencia ve Usted Infracciones de Tr\u00e1nsito para Conductores Adolescentes en Washington?<\/h3>\n\n\n\n<p>Los conductores adolescentes tienen m\u00e1s probabilidades de sufrir un accidente que cualquier otro tipo de conductor. Una investigaci\u00f3n realizada por la Fundaci\u00f3n AAA para la Seguridad del Tr\u00e1nsito muestra que los conductores de 16 a 17 a\u00f1os tienen nueve veces m\u00e1s probabilidades de verse involucrados en un accidente que los adultos.<\/p>\n\n\n\n<p>Por lo tanto, no sorprende que veamos y luchemos contra muchas infracciones cometidas por nuevos conductores adolescentes.<\/p>\n\n\n\n<p>El estado de Washington tiene un programa especial para adolescentes de este grupo de edad, que expide una \u201clicencia intermedia\u201d a conductores de 16 y 17 a\u00f1os. Una licencia intermedia viene con ciertas restricciones, adem\u00e1s de sanciones adicionales por infracciones de tr\u00e1nsito. Durante los primeros seis meses, estos adolescentes no pueden llevar pasajeros menores de 20 a\u00f1os, excepto familiares directos. Durante los pr\u00f3ximos seis meses, no podr\u00e1n conducir m\u00e1s de tres pasajeros menores de 20 a\u00f1os que no sean miembros de su familia inmediata.<\/p>\n\n\n\n<p>Tambi\u00e9n se aplican restricciones de conducci\u00f3n nocturna a los titulares de permisos intermedios. Estos adolescentes no pueden conducir entre la 1 y las 5 a. m., a menos que est\u00e9n con un conductor con licencia que tenga al menos 25 a\u00f1os.<\/p>\n\n\n\n<p>Las infracciones relacionadas con el uso de tel\u00e9fonos m\u00f3viles conllevan sanciones estrictas; una infracci\u00f3n por tel\u00e9fono celular cuenta como una falta contra la licencia intermedia de un adolescente.<\/p>\n\n\n\n<p>Si un adolescente con una licencia intermedia es citado por cualquier tipo de infracci\u00f3n de tr\u00e1nsito o una infracci\u00f3n de una de estas restricciones especiales, sus padres o tutor legal reciben una carta de advertencia del Departamento de Licencias. Si el adolescente recibe una segunda infracci\u00f3n, la repercusi\u00f3n es una suspensi\u00f3n de la licencia por seis meses o hasta que el joven cumpla 18 a\u00f1os, lo que ocurra primero. Una tercera infracci\u00f3n da lugar a una prohibici\u00f3n de conducir hasta los 18 a\u00f1os.<\/p>\n\n\n\n<p>From the standpoint of insurance rates, teen driving tickets can be a nightmare for parents. Teens are among the \u201criskiest\u201d group of drivers to insure because of accident statistics and their lack of driving experience.<\/p>\n\n\n\n<p>Para una familia con un solo autom\u00f3vil, agregar un conductor adolescente a la p\u00f3liza de seguro de su familia generalmente aumenta la factura en un 44%, seg\u00fan Insurance.com. Las familias con dos autom\u00f3viles ven un aumento promedio del 58%, mientras que las familias con tres autom\u00f3viles reciben un aumento promedio del 62%.<\/p>\n\n\n\n<p>Cuando se agregan los costos de las infracciones a estas costosas tarifas de seguro, los padres enfrentan un gasto significativo. Los padres deben darse cuenta de que las consecuencias de que su hijo adolescente reciba infracciones mientras conduce con una licencia intermedia incluyen estas consecuencias del seguro a largo plazo, adem\u00e1s del costo de la multa real.<\/p>\n\n\n\n<h4 class=\"wp-block-heading\" id=\"should-you-use-a-deferred-finding-for-a-teen-s-ticket\">\u00bfDeber\u00eda utilizar un fallo diferido para la infracci\u00f3n de un adolescente?<\/h4>\n\n\n\n<p>Un problema com\u00fan que veo entre los conductores adolescentes es el uso de un \u201cfallo diferido\u201d en su primera infracci\u00f3n.<\/p>\n\n\n\n<p>La Legislatura del Estado de Washington cre\u00f3 el programa de fallo diferido para brindar a las personas la oportunidad de mantener una infracci\u00f3n fuera de sus historial de manejo. Una vez cada siete a\u00f1os, un conductor puede utilizar un fallo diferido para una infracci\u00f3n en movimiento y una infracci\u00f3n estacionaria. B\u00e1sicamente, el tribunal presiona el bot\u00f3n de pausa en la infracci\u00f3n y llega a un acuerdo con el conductor. El conductor paga una multa, normalmente entre 150 y 200 d\u00f3lares, y si no recibe m\u00e1s infracciones dentro de un per\u00edodo de prueba establecido, normalmente de seis meses a un a\u00f1o, se desestima la infracci\u00f3n.<\/p>\n\n\n\n<p>Algunos inconvenientes surgen de los fallos diferidos. Primero, el conductor no puede recibir m\u00e1s infracciones mientras est\u00e9 en libertad condicional. Recibir una infracci\u00f3n adicional revocar\u00eda el trato y la persona podr\u00eda tener DOS infracciones agregadas a su historial de manejo al mismo tiempo. Adem\u00e1s, los conductores s\u00f3lo podr\u00e1n obtener uno de estos aplazamientos cada siete a\u00f1os.<\/p>\n\n\n\n<p>Mi filosof\u00eda general sobre los fallos diferidos o aplazamientos: utilizarlos solo si no hay otras opciones disponibles.<\/p>\n\n\n\n<p>En mi experiencia con conductores adolescentes, un adolescente que recibe una infracci\u00f3n durante su primer a\u00f1o de conducci\u00f3n normalmente recibe una segunda poco despu\u00e9s. A menudo recibo llamadas de padres con la misma historia: \u201cUsamos un aplazamiento en la primera infracci\u00f3n de mi hijo y acaban de recibir una nueva. No puedo volver a transportarlos y no puedo permitirme pagar m\u00e1s por el seguro. \u00bfHay algo que podamos hacer?<\/p>\n\n\n\n<p>En retrospectiva, es 20\/20, pero no utilice un aplazamiento en la primera infracci\u00f3n de un adolescente sin consultar primero con un abogado especializado en infracciones de tr\u00e1nsito. Aunque esta opci\u00f3n le da a su hijo la oportunidad de mantener la infracci\u00f3n fuera de su historial, es probable que se enfrente a una suspensi\u00f3n de la licencia si viola el aplazamiento al obtener una infracci\u00f3n adicional.<\/p>","protected":false},"excerpt":{"rendered":"<p>How to Handle Your Teen\u2019s Traffic Ticket on an Intermediate License In Washington State, an&nbsp;Intermediate License&nbsp;is a particular type of license for new drivers. Specifically, any driver that is either 16 or 17 years old will have what\u2019s called an intermediate license. If your teenager just got their license and is starting to drive, you [&hellip;]<\/p>\n","protected":false},"author":4,"featured_media":0,"parent":939,"menu_order":0,"comment_status":"closed","ping_status":"closed","template":"","meta":{"_acf_changed":false,"footnotes":""},"class_list":["post-1185","page","type-page","status-publish","hentry"],"acf":[],"_links":{"self":[{"href":"https:\/\/mrticketfixer.com\/es\/wp-json\/wp\/v2\/pages\/1185","targetHints":{"allow":["GET"]}}],"collection":[{"href":"https:\/\/mrticketfixer.com\/es\/wp-json\/wp\/v2\/pages"}],"about":[{"href":"https:\/\/mrticketfixer.com\/es\/wp-json\/wp\/v2\/types\/page"}],"author":[{"embeddable":true,"href":"https:\/\/mrticketfixer.com\/es\/wp-json\/wp\/v2\/users\/4"}],"replies":[{"embeddable":true,"href":"https:\/\/mrticketfixer.com\/es\/wp-json\/wp\/v2\/comments?post=1185"}],"version-history":[{"count":0,"href":"https:\/\/mrticketfixer.com\/es\/wp-json\/wp\/v2\/pages\/1185\/revisions"}],"up":[{"embeddable":true,"href":"https:\/\/mrticketfixer.com\/es\/wp-json\/wp\/v2\/pages\/939"}],"wp:attachment":[{"href":"https:\/\/mrticketfixer.com\/es\/wp-json\/wp\/v2\/media?parent=1185"}],"curies":[{"name":"wp","href":"https:\/\/api.w.org\/{rel}","templated":true}]}}