{"id":1253,"date":"2019-07-18T09:54:35","date_gmt":"2019-07-18T09:54:35","guid":{"rendered":"https:\/\/mrticketfixer.com\/?page_id=1253"},"modified":"2025-03-17T15:33:23","modified_gmt":"2025-03-17T22:33:23","slug":"habitual-traffic-offender","status":"publish","type":"page","link":"https:\/\/mrticketfixer.com\/es\/traffic-tickets\/habitual-traffic-offender\/","title":{"rendered":"HTO (Infractor Habitual de Tr\u00e1nsito)"},"content":{"rendered":"<h2 class=\"wp-block-heading\" id=\"what-s-a-habitual-traffic-offender-under-washington-law\">\u00bfQu\u00e9 es un HTO (Infractor Habitual de Tr\u00e1nsito) Seg\u00fan la Ley de Washington?<\/h2>\n\n\n\n<p>La capacidad de conducir legalmente desde el punto A al punto B es fundamental para el \u00e9xito de la vida cotidiana de cualquier persona. Seg\u00fan <a href=\"https:\/\/www.statista.com\/statistics\/198029\/total-number-of-us-licensed-drivers-by-state\/\" target=\"_blank\" rel=\"noreferrer noopener\">datos<\/a> del Departamento de Licencias (DOL), hay casi 6 millones de personas con una licencia de conducir en el estado de Washington. De ellos, hay alrededor de 380.000 conductores a quienes se les han suspendido o revocado sus privilegios de conducir. La licencia de una persona puede suspenderse o revocarse por varios motivos; sin embargo, ser clasificado como Infractor Habitual de Tr\u00e1nsito es el m\u00e1s perjudicial. <em>Habitual Traffic Offender<\/em> is the most detrimental.<\/p>\n\n\n\n<h4 class=\"wp-block-heading\" id=\"what-is-a-habitual-traffic-offender-hto\">\u00bfQu\u00e9 es un HTO (Infractor Habitual de Tr\u00e1nsito)?<\/h4>\n\n\n\n<p>Seg\u00fan <a href=\"https:\/\/app.leg.wa.gov\/RCW\/default.aspx?cite=46.65.020\" target=\"_blank\" rel=\"noreferrer noopener\">Art\u00edculo 46.65.020<\/a>, un Infractor Habitual de Tr\u00e1nsito (HTO) es alguien a quien se le ha revocado la licencia de conducir. El Departamento de Licencias de Washington revocar\u00e1 su licencia si, dentro de un per\u00edodo de cinco a\u00f1os, usted ha sido:<\/p>\n\n\n\n<ol class=\"wp-block-list\">\n<li>Sido condenado por tres o m\u00e1s delitos enumerados en RCW 46.65.020.<\/li>\n\n\n\n<li>Se ha encontrado que ha cometido o ha sido condenado por 20 o m\u00e1s Infracciones en Movimiento enumeradas en WAC 308-104-160.<\/li>\n<\/ol>\n\n\n\n<p>El primer escenario involucra a un individuo que ha sido acusado de un delito en particular y posteriormente ha sido declarado culpable o se declar\u00f3 a s\u00ed mismo culpable de ese cargo. Estos delitos incluyen:<\/p>\n\n\n\n<ol class=\"wp-block-list\">\n<li>Homicidio vehicular;<\/li>\n\n\n\n<li>Asalto Vehicular;<\/li>\n\n\n\n<li>DUI (Conducir Bajo la Influencia)<\/li>\n\n\n\n<li>DWLS (Conducir Con la Licencia Suspendida)  en Segundo Grado;<sup>nd<\/sup> Degree;<\/li>\n\n\n\n<li>Atropello y Fuga;<\/li>\n\n\n\n<li>Conducci\u00f3n Imprudente;<\/li>\n\n\n\n<li>Control F\u00edsico de un Veh\u00edculo Bajo la Influencia; &amp;<\/li>\n\n\n\n<li>Intentando Eludir.<\/li>\n<\/ol>\n\n\n\n<p>El segundo escenario involucra a alguien que tiene una combinaci\u00f3n de veinte Infracciones en Movimiento distintas en cinco a\u00f1os. Estas infracciones incluyen tanto cargos criminales relacionados con la conducci\u00f3n como infracciones de tr\u00e1nsito en movimiento. <a href=\"https:\/\/app.leg.wa.gov\/WAC\/default.aspx?cite=308-104-160\" target=\"_blank\" rel=\"noopener\">Aqu\u00ed<\/a> est\u00e1 la lista completa de esas violaciones.<\/p>\n\n\n\n<p>Este per\u00edodo de cinco a\u00f1os es un reloj continuo y comenzar\u00e1 en la fecha de la primera condena o fallo cometido.<\/p>\n\n\n\n<h4 class=\"wp-block-heading\" id=\"consequences-of-driving-while-hto\">Consecuencias de Conducir Mientras se Tiene  el Cargo de HTO (Infractor Habitual de Tr\u00e1nsito)<\/h4>\n\n\n\n<p>El estado de Washington tiene algunas de las leyes m\u00e1s estrictas del pa\u00eds con respecto a las personas sorprendidas conduciendo como Infractores de Tr\u00e1nsito Habituales. Si lo atrapan, se le acusar\u00e1 de conducir con la licencia suspendida en primer grado. DWLS (Conducir Con la Licencia Suspendida) conlleva un requisito m\u00ednimo obligatorio de c\u00e1rcel de:<sup>st<\/sup> Degree. DWLS 1 carries a mandatory minimum jail requirement of:<\/p>\n\n\n\n<ol class=\"wp-block-list\">\n<li>Diez d\u00edas para la primera condena;<\/li>\n\n\n\n<li>Noventa d\u00edas para la segunda condena; &amp;<\/li>\n\n\n\n<li>Ciento ochenta d\u00edas para una tercera condena.<\/li>\n<\/ol>\n\n\n\n<p>Si usted es un HTO (Infractor Habitual de Tr\u00e1nsito) , es imperativo que deje de conducir hasta que pueda hacerlo legalmente. Debido a los requisitos obligatorios de c\u00e1rcel impuestos, no vale la pena correr el riesgo, si lo atrapan conduciendo.<\/p>\n\n\n\n<h4 class=\"wp-block-heading\" id=\"how-long-will-my-license-be-suspended-if-i-am-a-habitual-traffic-offender\">\u00bfDurante Cu\u00e1nto Tiempo se Suspender\u00e1 mi Licencia si Soy un HTO (Infractor Habitual de Tr\u00e1nsito)?<\/h4>\n\n\n\n<p>Si el Departamento de Licencias de Washington determina que usted es un Infractor Habitual de Tr\u00e1nsito , su licencia de conducir se revocar\u00e1 hasta que sea elegible para ser reinstalada. Normalmente, esto es por un m\u00ednimo de 7 a\u00f1os.<\/p>\n\n\n\n<h4 class=\"wp-block-heading\" id=\"do-i-have-a-right-to-a-hearing-before-hto-revocation\">\u00bfTengo Derecho a Una Audiencia Antes de La Revocaci\u00f3n del Cargo por HTO (Infractor Habitual de Tr\u00e1nsito)?<\/h4>\n\n\n\n<p>Si el Departamento de Licencias de Washington (DOL) lo designa como HTO (Infractor Habitual de Tr\u00e1nsito) , ellos deben ofrecerle a usted una audiencia. Antes de la revocaci\u00f3n, el DOL le notificar\u00e1 que tienen la intenci\u00f3n de revocar su licencia y se le permitir\u00e1 solicitar una audiencia.<\/p>\n\n\n\n<p>En la audiencia, el Departamento de Licencia (DOL) solo examinar\u00e1 si su historial de conducci\u00f3n respalda la designaci\u00f3n de HTO (Infractor de Tr\u00e1nsito Habitual) analizando el n\u00famero de condenas\/fallos cometidos en un per\u00edodo de 5 a\u00f1os. Su licencia ser\u00e1 revocada si cumple con esos requisitos. Desafortunadamente, su necesidad de conducir o las dificultades que esto le causar\u00e1 son irrelevantes en esta audiencia. Sin embargo, su revocaci\u00f3n de HTO (Infractor Habitual de Tr\u00e1nsito) puede suspenderse (no imponerse) si cumple con requisitos espec\u00edficos. Esos requisitos se abordan con m\u00e1s detalle a continuaci\u00f3n.<\/p>\n\n\n\n<h4 class=\"wp-block-heading\" id=\"how-do-i-get-my-license-back-after-a-habitual-traffic-offender-revocation\">\u00bfC\u00f3mo Recupero mi Licencia Despu\u00e9s de una Revocaci\u00f3n por HTO (Infractor Habitual de Tr\u00e1nsito)?<\/h4>\n\n\n\n<p>Una vez que haya sido designado  Infractor Habitual de Tr\u00e1nsito del Estado de Washington, puede restaurar sus privilegios de conducir de una de tres maneras:<\/p>\n\n\n\n<ol class=\"wp-block-list\">\n<li>No puede conducir durante siete a\u00f1os y luego solicitar el restablecimiento total de sus privilegios de conducir. La reinstalaci\u00f3n no es autom\u00e1tica. El DOL (Departamento de Licencias) a\u00fan tendr\u00e1 que aprobar su solicitud. Por lo tanto, debe solicitar una audiencia para pedirle al DOL que restablezca su licencia. En la audiencia, el DOL determinar\u00e1 si existe una buena causa para restablecer su licencia de conducir. <a href=\"https:\/\/dol.wa.gov\/forms\/view\/525006\/download?inline\" target=\"_blank\" rel=\"noreferrer noopener\">Aqu\u00ed<\/a> est\u00e1 el formulario para solicitar la audiencia.<\/li>\n\n\n\n<li>No puede conducir durante los primeros cuatro a\u00f1os y solicitar al DOL (Departamento de Licencias) una reinstalaci\u00f3n anticipada. Como se indic\u00f3 anteriormente, esto no es autom\u00e1tico y la decisi\u00f3n ser\u00e1 discrecional. Sin embargo, incluso para ser considerado para el restablecimiento anticipado, debe cumplir con los cinco criterios a continuaci\u00f3n:\n<ol class=\"wp-block-list\">\n<li>Ha estado en estado de HTO (Infractor Habitual de Tr\u00e1nsito) durante al menos cuatro a\u00f1os;<\/li>\n\n\n\n<li>No hay evidencia de que haya conducido en los \u00faltimos dos a\u00f1os;<\/li>\n\n\n\n<li>Ha cumplido con todos los requisitos de alcohol (si corresponde);<\/li>\n\n\n\n<li>No existe suspensi\u00f3n por incumplimiento del tratamiento; &amp;<\/li>\n\n\n\n<li>Ha pasado al menos un a\u00f1o desde que el Departamento de Licencias (DOL) rechaz\u00f3 cualquier solicitud anterior.<\/li>\n<\/ol>\n<\/li>\n<\/ol>\n\n\n\n<p>Si el Departamento de Licencias (DOL) concede su solicitud de restituci\u00f3n anticipada, ser\u00e1 con la condici\u00f3n de que usted haya conducido legalmente desde ese momento hasta el final de la revocaci\u00f3n original. Esto significa que a\u00fan tendr\u00e1 que cumplir con otros requisitos, como el seguro SR-22 y no conducir sin un dispositivo de bloqueo de encendido que funcione. Adem\u00e1s, habr\u00e1 una limitaci\u00f3n para recibir infracciones de tr\u00e1nsito adicionales.<\/p>\n\n\n\n<p>Si viola cualquiera de las condiciones del restablecimiento anticipado, el DOL volver\u00e1 a revocar su licencia, a menudo m\u00e1s all\u00e1 de la fecha de restablecimiento original de siete a\u00f1os.<\/p>\n\n\n\n<ol start=\"3\" class=\"wp-block-list\">\n<li>Finalmente, puede acceder a un acuerdo de suspensi\u00f3n de su revocaci\u00f3n con el DOL (Departamento de Licencias) si los delitos que llevaron a la revocaci\u00f3n de la HTO fueron causados \u200b\u200bpor dependencia de drogas o alcohol. En este escenario, usted le est\u00e1 pidiendo al DOL que suspenda (no imponga) su revocaci\u00f3n de HTO (Infractor Habitual de Tr\u00e1nsito).<\/li>\n<\/ol>\n\n\n\n<p>Para calificar, debe establecer en su audiencia con el DOL que una agencia de tratamiento certificada por el estado lo ha evaluado como \u201cdependiente de sustancias\u201d. Adem\u00e1s, debe demostrar que, desde su \u00faltimo delito criminal, ha completado un programa de tratamiento de alcohol o drogas o ha completado los primeros 60 d\u00edas de ese programa y lo cumple. Finalmente, su estado de revocaci\u00f3n de HTO (Infractor Habitual de Tr\u00e1nsito) no es por violar una estad\u00eda anterior o un restablecimiento anticipado.<\/p>\n\n\n\n<p>Si el Departamento de Licencias (DOL) concede su solicitud de suspensi\u00f3n del cargo de HTO (Infractor Habitual de Tr\u00e1nsito), la suspensi\u00f3n ser\u00e1 efectiva y sus privilegios de conducir se restaurar\u00e1n sujeto a otros requisitos (como bloqueo de encendido, seguro SR-22 y no tener m\u00e1s cargos criminales o <a href=\"https:\/\/mrticketfixer.com\/es\/traffic-tickets\/ignoring-traffic-tickets\/\">infracciones de tr\u00e1nsito).<\/a>).<\/p>\n\n\n\n<p>Si viola el acuerdo, el DOL tomar\u00e1 medidas para revocar la suspensi\u00f3n e imponer la revocaci\u00f3n completa de 7 a\u00f1os desde el momento de la violaci\u00f3n. Por lo tanto, debido a que los acuerdos de estad\u00eda requieren un cumplimiento total, solo debe acceder a ellos despu\u00e9s de una consulta cuidadosa con un abogado con experiencia en Cargos por HTO (Infractor Habitual de Tr\u00e1nsito).<\/p>","protected":false},"excerpt":{"rendered":"<p>What&#8217;s a Habitual Traffic Offender Under Washington Law? The ability to drive legally from point A to point B is critical to the success of anyone\u2019s everyday life. According to data from the DOL, there are nearly 6 million people with a Washington State driver\u2019s license. Of those, there are around 380,000 drivers who have [&hellip;]<\/p>\n","protected":false},"author":4,"featured_media":0,"parent":939,"menu_order":0,"comment_status":"closed","ping_status":"closed","template":"","meta":{"_acf_changed":false,"footnotes":""},"class_list":["post-1253","page","type-page","status-publish","hentry"],"acf":[],"_links":{"self":[{"href":"https:\/\/mrticketfixer.com\/es\/wp-json\/wp\/v2\/pages\/1253","targetHints":{"allow":["GET"]}}],"collection":[{"href":"https:\/\/mrticketfixer.com\/es\/wp-json\/wp\/v2\/pages"}],"about":[{"href":"https:\/\/mrticketfixer.com\/es\/wp-json\/wp\/v2\/types\/page"}],"author":[{"embeddable":true,"href":"https:\/\/mrticketfixer.com\/es\/wp-json\/wp\/v2\/users\/4"}],"replies":[{"embeddable":true,"href":"https:\/\/mrticketfixer.com\/es\/wp-json\/wp\/v2\/comments?post=1253"}],"version-history":[{"count":0,"href":"https:\/\/mrticketfixer.com\/es\/wp-json\/wp\/v2\/pages\/1253\/revisions"}],"up":[{"embeddable":true,"href":"https:\/\/mrticketfixer.com\/es\/wp-json\/wp\/v2\/pages\/939"}],"wp:attachment":[{"href":"https:\/\/mrticketfixer.com\/es\/wp-json\/wp\/v2\/media?parent=1253"}],"curies":[{"name":"wp","href":"https:\/\/api.w.org\/{rel}","templated":true}]}}