{"id":1255,"date":"2019-07-18T09:59:52","date_gmt":"2019-07-18T09:59:52","guid":{"rendered":"https:\/\/mrticketfixer.com\/?page_id=1255"},"modified":"2025-04-25T16:55:18","modified_gmt":"2025-04-25T23:55:18","slug":"dui-breath-tests","status":"publish","type":"page","link":"https:\/\/mrticketfixer.com\/es\/criminal-defense\/dui-defense\/dui-breath-tests\/","title":{"rendered":"Prueba de Sobriedad en el Campo, Alcohol\u00edmetro y Prueba de Sangre"},"content":{"rendered":"<h2 class=\"wp-block-heading\">\u00bfEst\u00e1 obligado a someterse a una prueba de Aliento, de sangre o de sobriedad en campo, en Washington?<\/h2>\n\n\n\n<p>Una parada por DUI puede ser uno de los momentos m\u00e1s estresantes e inciertos de su vida. Las decisiones que tome en esos primeros minutos pueden tener consecuencias duraderas para su licencia, su historial e incluso su libertad. <strong>\u00bfDeber\u00eda someterse a una prueba de alcoholemia en campo o a un examen de sobriedad en campo? \u00bfQu\u00e9 tal una prueba de alcoholemia o una prueba de sangre despu\u00e9s de su arresto?<\/strong><\/p>\n\n\n\n<p>En el estado de Washington, las leyes sobre estas pruebas pueden ser confusas, y un simple paso en falso podr\u00eda complicar su situaci\u00f3n. Por eso es tan importante comprender sus derechos y contar con representaci\u00f3n legal con experiencia puede marcar la diferencia.<\/p>\n\n\n\n<h2 class=\"wp-block-heading\">\u00bfPuede Negarse Legalmente a las Pruebas de Sobriedad en Campo en Washington?<\/h2>\n\n\n\n<p><strong>S\u00ed, puede negarse legalmente a realizar pruebas de sobriedad en campo y pruebas de alcoholemia en carretera en Washington<\/strong> y en muchos casos, esa puede ser la decisi\u00f3n m\u00e1s inteligente. Las pruebas de sobriedad en campo <em>no<\/em> son obligatorias por ley, y no existe una <strong>sanci\u00f3n legal autom\u00e1tica<\/strong> por negarse a participar en ellas.<\/p>\n\n\n\n<p>A diferencia de las pruebas qu\u00edmicas <strong>posteriores a su arresto<\/strong>, como el alcohol\u00edmetro en la comisar\u00eda, <strong>, las pruebas de sobriedad en campo y las pruebas de alcoholemia en carretera se consideran voluntarias<\/strong>. Esto significa que los agentes del orden p\u00fablico no <em>pueden<\/em> obligarle a realizarlas. Su licencia de conducir tampoco puede ser suspendida solo por negarse a una prueba de sobriedad en campo o una prueba de alcoholemia en carretera.<\/p>\n\n\n\n<p>Dicho esto, incluso si se niega a una prueba de sobriedad en campo, a\u00fan <em>puede<\/em> enfrentar consecuencias. Los agentes de polic\u00eda est\u00e1n capacitados para construir casos de DUI utilizando diversas observaciones. Si se niega a una prueba de campo, a\u00fan <strong>pueden arrestarlo<\/strong> arrestarlo bas\u00e1ndose en lo que hayan visto, olido u o\u00eddo, como dificultad para hablar, ojos inyectados en sangre, un recipiente abierto con alcohol o el olor a alcohol o cannabis. Y aunque no ser\u00e1 castigado simplemente por negarse, la fiscal\u00eda a\u00fan puede intentar usar su negativa como <strong>prueba circunstancial de incapacidad<\/strong>, argumentando que rechaz\u00f3 las pruebas de campo porque pens\u00f3 que podr\u00eda fallar.<\/p>\n\n\n\n<p>Lo que mucha gente no sabe es que las pruebas de sobriedad de campo a menudo se <strong>administran en condiciones estresantes y poco ideales<\/strong> \u2013 como al costado de una carretera concurrida, de noche, con mal tiempo. Puede estar cansado, asustado o f\u00edsicamente incapaz de realizar las pruebas correctamente, incluso si est\u00e1 sobrio. Decir que \"no\" a estas pruebas puede <strong>limitar la cantidad de evidencia subjetiva recopilada en su contra<\/strong> y proteger mejor sus opciones legales de cara al futuro.<\/p>\n\n\n\n<p>Puede pensar que si \"aprueba\" una prueba de sobriedad de campo, el agente lo dejar\u00e1 ir y no enfrentar\u00e1 m\u00e1s cargos, pero esto es <strong>poco com\u00fan<\/strong>. E incluso si no ha bebido ni fumado, a\u00fan podr\u00eda \"fallar\" estas pruebas imprecisas en la carretera, y ese fallo puede usarse como prueba en su contra m\u00e1s adelante en el tribunal.<\/p>\n\n\n\n<p>Si no est\u00e1 seguro de c\u00f3mo responder, <strong>tiene derecho a rechazar respetuosamente la prueba de sobriedad en el campo y a indicar que desea hablar con un abogado antes de responder m\u00e1s preguntas o realizar cualquier prueba<\/strong>. Esto <em>no<\/em> . No se trata de ser dif\u00edcil  \u2013 sino de anticiparse y tomar medidas para protegerse en una situaci\u00f3n de alto riesgo.<\/p>\n\n\n\n<h2 class=\"wp-block-heading\">Pruebas de Sobriedad de Campo Comunes Utilizadas en Detenciones por DUI en Washington<\/h2>\n\n\n\n<p>Al realizar pruebas de sobriedad de campo (FST), los agentes del orden p\u00fablico podr\u00edan solicitarle que se realice los siguientes tipos de pruebas. Usted tiene derecho a rechazar estas pruebas:<\/p>\n\n\n\n<ol class=\"wp-block-list\">\n<li><strong>Prueba de Alcohol Preliminar en Carretera (PBT):<\/strong> \u2013 Se trata de un alcohol\u00edmetro port\u00e1til que puede utilizarse en el lugar de su detenci\u00f3n de tr\u00e1fico para estimar su concentraci\u00f3n de alcohol en sangre (CAS). Esta prueba es <strong>voluntaria<\/strong> y los resultados <em>no<\/em> son admisibles ante un tribunal para demostrar que usted estaba bajo los efectos del alcohol. Sin embargo, los agentes podr\u00edan utilizar la prueba para establecer causa probable para arrestarlo. Usted tiene derecho a rechazar estas pruebas de alcoholemia preliminares en carretera.<\/li>\n\n\n\n<li><strong>Prueba de Nistagmo de la Mirada Horizontal (HGN)<\/strong> \u2013\u00a0 Es posible que le pidan que siga con la mirada un objeto peque\u00f1o (generalmente un bol\u00edgrafo o una linterna). El agente observar\u00e1 si presenta movimientos involuntarios de los ojos, que pueden ser m\u00e1s pronunciados cuando una persona est\u00e1 bajo los efectos del alcohol.<\/li>\n\n\n\n<li><strong>Prueba de Caminar y Girar<\/strong>\u00a0\u2013 Debe dar 9 pasos en l\u00ednea recta, apoyando el tal\u00f3n en la punta del pie, girar sobre un pie y regresar de la misma manera. El agente revisar\u00e1 su equilibrio, coordinaci\u00f3n, capacidad para seguir instrucciones y si presenta se\u00f1ales de balanceo o de salirse de la l\u00ednea.<\/li>\n\n\n\n<li><strong>Prueba de Pararse Sobre una Pierna<\/strong> \u2013 Es posible que se le indique que levante una pierna aproximadamente 15 cm del suelo y la mantenga as\u00ed durante 30 segundos mientras cuenta en voz alta. Los agentes observar\u00e1n si presenta signos de desequilibrio, saltos o si baja el pie.<\/li>\n\n\n\n<li><strong>Prueba de Dedo a Nariz <\/strong>\u2013 Con los ojos cerrados y la cabeza inclinada hacia atr\u00e1s, es posible que se le pida que se toque la punta de la nariz con el dedo \u00edndice, alternando las manos. Esta prueba eval\u00faa la coordinaci\u00f3n y la percepci\u00f3n espacial, pero puede ser dif\u00edcil incluso en estado de sobriedad.<\/li>\n\n\n\n<li><strong>Prueba de equilibrio de Rhomberg<\/strong> \u2013 Es posible que se le pida que permanezca quieto con los pies juntos, los ojos cerrados y la cabeza inclinada hacia atr\u00e1s durante aproximadamente 30 segundos. El agente observar\u00e1 si presenta balanceo, movimientos corporales excesivos o incapacidad para calcular el tiempo.<\/li>\n\n\n\n<li><strong>Prueba de Conteo o del Alfabeto<\/strong> \u2013\u00a0Los agentes pueden pedirle que cuente hacia atr\u00e1s a partir de un n\u00famero determinado o que recite una parte del alfabeto. Si bien no forman parte de las pruebas estandarizadas, se utilizan ocasionalmente para evaluar la concentraci\u00f3n y la funci\u00f3n cognitiva.<\/li>\n\n\n\n<li><strong>Variantes Modificadas de Caminar y Girar o de Mantenerse de Pie y Mantener el Equilibrio<\/strong> \u2013 En algunos casos, los agentes del orden p\u00fablico pueden utilizar versiones alternativas o modificadas de las pruebas b\u00e1sicas mencionadas anteriormente si un conductor tiene limitaciones f\u00edsicas u otros desaf\u00edos.<\/li>\n<\/ol>\n\n\n\n<p>Solo las tres primeras pruebas (HGN, caminar y girar y mantenerse de pie en una pierna) se consideran Pruebas Estandarizadas de Sobriedad en Campo (SFST, por sus siglas en ingl\u00e9s) por la Administraci\u00f3n Nacional de Seguridad del Tr\u00e1fico en las Carreteras (NHTSA,). Estas pruebas deben seguir procedimientos espec\u00edficos para ser consideradas fiables, pero aun as\u00ed, su <strong>precisi\u00f3n puede variar considerablemente<\/strong> seg\u00fan c\u00f3mo se realicen y analicen. Las condiciones reales rara vez son ideales, y si un agente se desv\u00eda incluso ligeramente del protocolo, la precisi\u00f3n de estas pruebas de sobriedad en campo disminuye significativamente.<\/p>\n\n\n\n<h2 class=\"wp-block-heading\">\u00bfQu\u00e9 tan Confiables son las Pruebas de Sobriedad en Campo?<\/h2>\n\n\n\n<p>Si bien los agentes del orden p\u00fablico en todo el estado de Washington utilizan ampliamente las pruebas de sobriedad en campo, <strong>su confiabilidad no est\u00e1 garantizada<\/strong>. Si bien estas pruebas est\u00e1n dise\u00f1adas para ayudar a los agentes a evaluar si un conductor puede estar bajo la influencia del alcohol, su precisi\u00f3n depende en gran medida de c\u00f3mo se administran y mantienen, y los resultados pueden verse influenciados por una amplia gama de factores externos que pueden no tener nada que ver con el alcohol o las drogas.<\/p>\n\n\n\n<p>En la pr\u00e1ctica, las pruebas de sobriedad en campo suelen implicar una <strong>interpretaci\u00f3n subjetiva<\/strong> por parte del agente que realiza la parada de tr\u00e1fico. Lo que un agente ve como una \"pista\" o se\u00f1al de incapacidad, otro podr\u00eda ignorarlo o malinterpretarlo. Esto genera oportunidades de sesgo, especialmente si el agente ya sospecha que usted est\u00e1 bajo la influencia del alcohol incluso antes de comenzar.<\/p>\n\n\n\n<p>Muchos factores pueden hacer que una persona completamente sobria no apruebe una prueba de sobriedad en campo, incluyendo:<\/p>\n\n\n\n<ul class=\"wp-block-list\">\n<li><strong>Condiciones medicas<\/strong> como v\u00e9rtigo, artritis o trastornos del o\u00eddo interno.<\/li>\n\n\n\n<li><strong>Medicamentos<\/strong> que pueden causar temblores, sudoraci\u00f3n, pupilas dilatadas u otros s\u00edntomas.<\/li>\n\n\n\n<li><strong>Superficies irregulares<\/strong>, <strong>mala iluminaci\u00f3n<\/strong>, <strong>distracciones de tr\u00e1fico<\/strong>, o <strong>mal tiempo<\/strong><\/li>\n\n\n\n<li><strong>Problemas neurol\u00f3gicos<\/strong> o <strong>lesiones actuales o pasadas<\/strong><\/li>\n\n\n\n<li><strong>Fatiga o ansiedad<\/strong> durante la parada de tr\u00e1fico.<\/li>\n\n\n\n<li><strong>Calzado<\/strong>, como tacones altos, sandalias o botas.<\/li>\n\n\n\n<li>Su <strong>edad<\/strong>, <strong>peso<\/strong>, <strong>flexibilidad<\/strong>, o <strong>condici\u00f3n fisica<\/strong><\/li>\n<\/ul>\n\n\n\n<p>Estas variables pueden <strong>comprometer su balance, coordinaci\u00f3n, y funci\u00f3n motora<\/strong> \u2013  que son precisamente en lo que se basan las pruebas de campo. Sin embargo, los agentes del orden p\u00fablico <em>no<\/em> son profesionales m\u00e9dicos capacitados y podr\u00edan no tener en cuenta adecuadamente estos factores.<\/p>\n\n\n\n<p>Debido a sus numerosas deficiencias, las pruebas de sobriedad en campo son <strong>frecuentemente impugnadas en los tribunales<\/strong>Una defensa legal s\u00f3lida puede cuestionar si las pruebas se realizaron correctamente, si el entorno era seguro y controlado, o si factores f\u00edsicos o psicol\u00f3gicos pudieron haber afectado su desempe\u00f1o. Como resultado, no es raro que jueces y jurados consideren estas pruebas solo como <strong>una parte del problema<\/strong> , y no como una prueba definitiva de discapacidad. Por eso es importante contar con un abogado defensor que comprenda la ciencia que sustenta estas pruebas y sepa c\u00f3mo impugnar eficazmente su validez.<\/p>\n\n\n\n<h2 class=\"wp-block-heading\">\u00bfQu\u00e9 es la Ley de Consentimiento Impl\u00edcito de Washington?<\/h2>\n\n\n\n<p>La <a href=\"https:\/\/app.leg.wa.gov\/rcw\/default.aspx?cite=46.20.308\" target=\"_blank\" rel=\"noopener\"><strong>ley de consentimiento implicito de Washington<\/strong><\/a> del estado de Washington, establece que, al optar por conducir en la v\u00eda p\u00fablica, <strong>usted consiente autom\u00e1ticamente que se le realicen pruebas qu\u00edmicas (de aliento o de sangre) tras ser arrestado legalmente por DUI<\/strong>. Esta ley est\u00e1 dise\u00f1ada para fomentar la cooperaci\u00f3n con las investigaciones de DUI, imponiendo sanciones si se niega a someterse a estas pruebas <em>despu\u00e9s<\/em> de su arresto. As\u00ed es como funciona:<\/p>\n\n\n\n<ul class=\"wp-block-list\">\n<li>Si usted es <strong>arrestado legalmente por DUI<\/strong>, el agente debe informarle sobre sus derechos y las consecuencias de negarse a someterse a una prueba despu\u00e9s de su arresto.<\/li>\n\n\n\n<li>Despu\u00e9s de su arresto, es posible que le pidan que se someta a una <strong>prueba de aliento<\/strong>. Si no hay una prueba de alcoholemia disponible, o si se sospecha que tiene drogas en lugar de alcohol, es posible que le pidan que se someta a un <strong>an\u00e1lisis de sangre<\/strong>.<\/li>\n\n\n\n<li>Usted <strong>tiene el derecho a negarse a la prueba<\/strong> incluso despues de su arresto <strong>, pero esto conlleva sanciones administrativas inmediatas<\/strong> \u2013 incluso antes de que se resuelva su caso de DUI.<\/li>\n<\/ul>\n\n\n\n<p>La ley de consentimiento impl\u00edcito <em>no<\/em> se aplica a las pruebas de sobriedad en carretera ni a las pruebas preliminares de alcoholemia (PBT). Esta regla se aplica <strong>aplica \u00fanicamente tras un arresto legal<\/strong>y \u00fanicamente a las pruebas oficiales de alcoholemia o de sangre que se utilizar\u00e1n como prueba en un tribunal. Es una ley contundente con graves consecuencias, y una de las razones por las que los casos de DUI pueden complicarse sin una buena asesor\u00eda legal.<\/p>\n\n\n\n<h2 class=\"wp-block-heading\">\u00bfQu\u00e9 Sucede si se Niega a Someterse a una Prueba de Alcoholemia tras un Arresto?<\/h2>\n\n\n\n<p>Una vez que haya sido <strong>legalmente arrestado<\/strong> por sospecha de DUI en Washington, generalmente se le solicitar\u00e1 que se <strong>se someta a una prueba de alcoholemia en la comisar\u00eda o la c\u00e1rcel<\/strong>com\u00fanmente conocido como <strong>Prueba de Alcoholemia Probatoria (EBT)<\/strong>. Esto <em>no<\/em> no es lo mismo que la Prueba de Alcoholemia Preliminar en Carretera (por sus siglas en ingles PBT), que es voluntaria. La prueba de alcoholemia probatoria se rige por <strong>ley de consentimiento implicito de Washington<\/strong>lo que significa que negarse a someterse a ella conlleva consecuencias significativas.<\/p>\n\n\n\n<p>Si se niega a someterse a la prueba de alcoholemia posterior al arresto, el Departamento de Licencias de Washington (DOL) le <strong>impondr\u00e1 autom\u00e1ticamente sanciones administrativas<\/strong> en su contra, que incluyen:<\/p>\n\n\n\n<ul class=\"wp-block-list\">\n<li>Suspensi\u00f3n de la licencia de conducir por un a\u00f1o por la primera negativa o suspensi\u00f3n de la licencia de conducir por dos a\u00f1os por la segunda o posterior negativa dentro de los 7 a\u00f1os. Estas sanciones se aplican <strong>incluso si nunca ha sido condenado por un DUI<\/strong> en un tribunal penal.\u00a0\u00a0<\/li>\n\n\n\n<li>Usar su negativa como <strong>evidencia en su caso de DUI<\/strong> de que usted es culpable.<\/li>\n\n\n\n<li>Instalaci\u00f3n obligatoria de un <strong>dispositivo de bloqueo de encendido (IID)<\/strong> por al menos un a\u00f1o.<\/li>\n<\/ul>\n\n\n\n<p><a href=\"https:\/\/mrticketfixer.com\/es\/criminal-defense\/dui-defense\/dui-penalties-in-washington\/\">Haga clic aqu\u00ed para ver la tabla completa de sentencias por DUI.<\/a><\/p>\n\n\n\n<p>Tambi\u00e9n es importante entender que negarse a someterse a la prueba de aliento <strong>no<\/strong> garantiza que no se le realice. En casos graves, como aquellos que involucran lesiones, reincidencia o cuando el agente cuenta con el tiempo y los recursos necesarios, las autoridades podr\u00edan obtener una <strong>orden de registro<\/strong> para tomar una muestra de sangre de todos modos.<\/p>\n\n\n\n<p>La decisi\u00f3n de negarse a someterse a la prueba despu\u00e9s de su arresto nunca debe tomarse a la ligera. Esto puede complicar significativamente su caso, tanto en la audiencia del DOL como en el tribunal. En realidad, la <strong>la \u00fanica ocasi\u00f3n en que podr\u00eda tener sentido estrat\u00e9gico negarse<\/strong> es cuando las autoridades <strong>no tienen intenci\u00f3n de solicitar una orden de registro para una prueba de sangre<\/strong> \u2014 una decisi\u00f3n dif\u00edcil de tomar en el momento. Por eso es importante hablar con un abogado lo antes posible \u2014idealmente <strong>inmediatamente despu\u00e9s de su arresto y antes de decidir si se realiza o no la prueba<\/strong> \u2013 puede ayudarle a tomar una decisi\u00f3n informada y estrat\u00e9gica.<\/p>\n\n\n\n<h2 class=\"wp-block-heading\">\u00bfSon Obligatorias las Pruebas de Sangre, Puede Negarse?<\/h2>\n\n\n\n<p>Despu\u00e9s de un arresto, es posible que le pidan que se haga una prueba de sangre si:<\/p>\n\n\n\n<ul class=\"wp-block-list\">\n<li>A <strong>No es posible realizar una prueba de aliento<\/strong> (debido a lesiones, p\u00e9rdida del conocimiento o negativa),<\/li>\n\n\n\n<li><strong>Drogas, en lugar de Alcohol<\/strong>, son la sospecha de ser la causa de la incapacidad, o<\/li>\n\n\n\n<li>El oficial de la ley <strong>obtiene una orden de registro<\/strong> para una extracci\u00f3n de sangre.<\/li>\n<\/ul>\n\n\n\n<p>Tiene derecho a negarse a una prueba de sangre. Sin embargo, al igual que negarse a una prueba de alcoholemia despu\u00e9s de un arresto, negarse a una prueba de sangre tiene graves consecuencias.<\/p>\n\n\n\n<p>Si es <strong>niega a una prueba de sangre despues del arresto<\/strong>, y el oficial <em>no<\/em> tiene una orden judicial, su negativa se considerar\u00e1 igual que negarse a una prueba de aliento. Se enfrentar\u00e1 a la <strong>suspensi\u00f3n de la licencia<\/strong>, a un posible <strong>incremento de las sanciones penales<\/strong> si es condenado, y su negativa puede utilizarse como prueba en su contra en el tribunal. En muchos casos, los agentes responder\u00e1n <strong>solicitando una orden<\/strong> para una extracci\u00f3n de sangre, especialmente si su caso implica sospecha de incapacidad por drogas, un accidente o lesiones.<\/p>\n\n\n\n<p>Si las autoridades obtienen una orden judicial, su negativa ya no le protege de la prueba. Resistirse a una extracci\u00f3n de sangre ordenada por el tribunal podr\u00eda resultar en cargos y sanciones adicionales.<\/p>\n\n\n\n<p>En otras palabras, si bien <em>puede<\/em> negarse a una prueba de sangre inicialmente, la protecci\u00f3n que ofrece esa negativa es <strong>limitada<\/strong>, y no necesariamente impedir\u00e1 que el estado obtenga una muestra por medios legales. Comprender sus derechos y los posibles pasos a seguir es clave para protegerse legalmente.<\/p>\n\n\n\n<h2 class=\"wp-block-heading\">\u00bfPuede ser Condenado por  (DUI) Sin los Resultados de la Prueba Qu\u00edmica?<\/h2>\n\n\n\n<p>Yes \u2013 you <em>puede <\/em>S\u00ed, puede ser condenado por DUI en Washington incluso si se neg\u00f3 a una prueba de aliento o de sangre. Si bien los resultados de la prueba qu\u00edmica suelen ser una prueba fundamental en los casos de DUI, <strong>no son requeridos<\/strong> para que el estado pruebe su caso en su contra. La ley de Washington permite a los fiscales basarse en <strong>otros tipos de evidencia<\/strong> para demostrar que usted conduc\u00eda bajo la influencia,  como:<\/p>\n\n\n\n<ul class=\"wp-block-list\">\n<li><strong>Observaciones del Oficial<\/strong> como dificultad para hablar, ojos rojos, marcha inestable, envases abiertos u olor a alcohol o marihuana en usted o en su veh\u00edculo.<\/li>\n\n\n\n<li><strong>Comportamiento al volante<\/strong> , como desviarse bruscamente, exceso de velocidad o no detenerse correctamente.<\/li>\n\n\n\n<li><strong>Resultado en las pruebas de sobriedad en campo<\/strong> (si acepta someterse a ellas).<\/li>\n\n\n\n<li><strong>Declaraciones que hizo<\/strong> durante o despu\u00e9s de la parada de tr\u00e1fico.<\/li>\n\n\n\n<li><strong>Im\u00e1genes de video<\/strong> de la patrulla o c\u00e1mara corporal.<\/li>\n\n\n\n<li><strong>Negativa a someterse a la prueba<\/strong>,  que puede usarse como prueba de culpabilidad.<\/li>\n<\/ul>\n\n\n\n<p>Su comportamiento, sus palabras y la descripci\u00f3n del oficial de su condici\u00f3n f\u00edsica y mental pueden usarse para argumentar que usted estaba bajo la influencia del alcohol o las drogas. Negarse a una prueba podr\u00eda limitar las pruebas del estado en cierto modo, pero los fiscales pueden usar su negativa como prueba. En \u00faltima instancia, su negativa no impide que lo acusen o condenen.<\/p>\n\n\n\n<p>Por eso es tan importante contar con una defensa legal s\u00f3lida, especialmente en casos en los que no se realizaron pruebas qu\u00edmicas. Un abogado experto puede cuestionar la fiabilidad de evidencia subjetiva y ofrecer explicaciones alternativas a las observaciones del agente. En resumen, <em>si<\/em> tiene derecho a rechazar las pruebas qu\u00edmicas despu\u00e9s de un arresto, hacerlo suele dificultar su proceso legal. Es fundamental tomar estas decisiones con un conocimiento claro de la ley e, idealmente, con el apoyo de un abogado experimentado que sepa c\u00f3mo proteger sus intereses. En Garguile Law, estamos aqu\u00ed para ayudarle a comprender las realidades legales de las pruebas qu\u00edmicas. <a href=\"https:\/\/mrticketfixer.com\/es\/contact\/\" data-type=\"page\" data-id=\"91\">Cont\u00e1ctenos<\/a> ahora para comenzar una defensa estrat\u00e9gica.<\/p>","protected":false},"excerpt":{"rendered":"<p>Are You Required to Take a Breath, Blood or Field Sobriety Test in Washington? A DUI stop can be one of the most stressful and uncertain moments of your life. The decisions you make in those first few minutes can have lasting consequences for your license, your record, and even your freedom. Should you take [&hellip;]<\/p>\n","protected":false},"author":4,"featured_media":0,"parent":940,"menu_order":0,"comment_status":"closed","ping_status":"closed","template":"","meta":{"_acf_changed":false,"footnotes":""},"class_list":["post-1255","page","type-page","status-publish","hentry"],"acf":[],"_links":{"self":[{"href":"https:\/\/mrticketfixer.com\/es\/wp-json\/wp\/v2\/pages\/1255","targetHints":{"allow":["GET"]}}],"collection":[{"href":"https:\/\/mrticketfixer.com\/es\/wp-json\/wp\/v2\/pages"}],"about":[{"href":"https:\/\/mrticketfixer.com\/es\/wp-json\/wp\/v2\/types\/page"}],"author":[{"embeddable":true,"href":"https:\/\/mrticketfixer.com\/es\/wp-json\/wp\/v2\/users\/4"}],"replies":[{"embeddable":true,"href":"https:\/\/mrticketfixer.com\/es\/wp-json\/wp\/v2\/comments?post=1255"}],"version-history":[{"count":0,"href":"https:\/\/mrticketfixer.com\/es\/wp-json\/wp\/v2\/pages\/1255\/revisions"}],"up":[{"embeddable":true,"href":"https:\/\/mrticketfixer.com\/es\/wp-json\/wp\/v2\/pages\/940"}],"wp:attachment":[{"href":"https:\/\/mrticketfixer.com\/es\/wp-json\/wp\/v2\/media?parent=1255"}],"curies":[{"name":"wp","href":"https:\/\/api.w.org\/{rel}","templated":true}]}}