{"id":1354,"date":"2019-12-05T05:55:28","date_gmt":"2019-12-05T05:55:28","guid":{"rendered":"https:\/\/mrticketfixer.com\/?page_id=1354"},"modified":"2022-03-07T12:40:55","modified_gmt":"2022-03-07T20:40:55","slug":"ignoring-traffic-tickets","status":"publish","type":"page","link":"https:\/\/mrticketfixer.com\/es\/traffic-tickets\/ignoring-traffic-tickets\/","title":{"rendered":"Ignorar las infracciones de Tr\u00e1nsito"},"content":{"rendered":"<h2 class=\"wp-block-heading\" id=\"what-happens-if-i-just-ignore-a-traffic-ticket\">\u00bfQu\u00e9 Sucede si Simplemente Ignoro una Infracci\u00f3n de Tr\u00e1nsito?<\/h2>\n\n\n\n<p>Si ignora su infracci\u00f3n de tr\u00e1nsito, el tribunal la marcar\u00e1 como falta de comparecencia\/falta de respuesta; com\u00fanmente conocido como FTA. La infracci\u00f3n se considera cometida, se incluye en su historial de conducci\u00f3n y se env\u00eda al DOL (Departamento de Licencias). Si su infracci\u00f3n est\u00e1 marcada como FTA  (Falta de Comparecencia\/Falta de Respuesta)  entonces deber\u00e1 pagar la multa que aparece en la infracci\u00f3n  y una multa adicional por defecto de cincuenta y dos d\u00f3lares. Si no paga estas multas, el tribunal las enviar\u00e1 a una agencia de cobranza y se notificar\u00e1 al DOL (Departamento de Licencias) sobre la FTA. Si un FTA permanece en su historial, generalmente alrededor de 60 d\u00edas, se suspender\u00e1 su licencia por cualquier multa de tr\u00e1nsito que sea una infracci\u00f3n de tr\u00e1nsito y su licencia se suspender\u00e1 hasta que resuelva el FTA  (Falta de Comparecencia\/Falta de Respuesta) . Esto se hace estableciendo un plan de pago con la empresa de cobranza o con el tribunal.<\/p>\n\n\n\n<h4 class=\"wp-block-heading\" id=\"can-i-still-fight-my-case-if-i-pay-my-ticket-or-is-that-akin-to-pleading-guilty\">\u00bfPuedo Seguir Peleando mi Caso si Pago mi Infracci\u00f3n o eso es Similar a Declararme Culpable?<\/h4>\n\n\n\n<p>Siempre que paga una infracci\u00f3n est\u00e1 admitiendo su culpa y diciendo que cometi\u00f3 la infracci\u00f3n. Si no desea que la infracci\u00f3n conste en su historial de manejo, que lo afecte en el futuro o que afecte las tasas de empleo o de seguro, entonces debe solicitar una audiencia impugnada. Si paga la multa, ir\u00e1 a su historial. Si solicit\u00f3 mitigarlo, quedar\u00e1 registrado en su historial. Reducir\u00e1n la multa que se le debe al tribunal, pero aun as\u00ed quedar\u00e1 registrada en su historial. La \u00fanica manera de luchar contra su infracci\u00f3n es solicitar una audiencia impugnada (audiencia que exige la anulaci\u00f3n de cargos de la infracci\u00f3n) ante el tribunal. Si ya pag\u00f3 su multa, es dif\u00edcil conseguir una audiencia al respecto.<\/p>\n\n\n\n<p>A veces puede pedirle a un tribunal o a un juez que revise su caso y vea si presentar\u00e1n una moci\u00f3n para reconsiderar o anular el fallo. Si lo hacen, a veces le conceder\u00e1n una audiencia impugnada, pero eso es muy dif\u00edcil de lograr. Tendr\u00eda que ser dentro de una semana o dos despu\u00e9s de haber pagado la multa por su infracci\u00f3n.<\/p>\n\n\n\n<h4 class=\"wp-block-heading\" id=\"how-long-do-i-have-to-request-a-contested-hearing-if-i-decide-to-fight-my-traffic-ticket\">\u00bfCu\u00e1nto Tiempo Tengo Para Solicitar una Audiencia Impugnada Si Decido Luchar Contra mi Infracci\u00f3n de Tr\u00e1nsito?<\/h4>\n\n\n\n<p>Si un oficial de polic\u00eda le da una infracci\u00f3n, significa que se la entrega a usted. Tiene 15 d\u00edas para responder a esa infracci\u00f3n, ya sea pagando la multa, solicitando una audiencia de mitigaci\u00f3n o solicitando una audiencia impugnada. A veces, se le env\u00edan infracciones por accidente despu\u00e9s de que el oficial completa su investigaci\u00f3n. Si la infracci\u00f3n se env\u00eda por correo, tienes 18 d\u00edas para responder. Por lo general, el plazo de 15 d\u00edas o el plazo de 18 d\u00edas es un plazo estricto, pero algunos tribunales permiten que llegue un poco tarde, pero depende del tribunal. Los condados de Pierce y King generalmente permiten llegar un poco tarde, pero la mayor\u00eda de los dem\u00e1s tribunales son bastante estrictos con el cronograma de 15 a 18 d\u00edas. Si no cumple con esa fecha, tendr\u00e1 que solicitar al tribunal que le conceda una exenci\u00f3n del fallo para reabrir su caso.<\/p>\n\n\n\n<h4 class=\"wp-block-heading\" id=\"what-timeline-of-events-should-i-expect-if-i-decide-to-contest-my-traffic-ticket\">\u00bfQu\u00e9 Cronograma de Eventos Debo Esperar si Decido Impugnar Mi Infracci\u00f3n de Tr\u00e1nsito?<\/h4>\n\n\n\n<p>Una vez que reciba una infracci\u00f3n, deber\u00e1 responder dentro de los 15 d\u00edas. Si decide que quiere impugnar su infracci\u00f3n de tr\u00e1fico, la marcar\u00e1 como impugnada y la enviar\u00e1 al tribunal. El tribunal debe darle una fecha de audiencia dentro de los 120 d\u00edas posteriores a la solicitud. Puede ser un poco m\u00e1s largo el tiempo. La mayor\u00eda de los tribunales suelen tardar entre 45 y 60 d\u00edas en fijar una fecha para la audiencia.<\/p>\n\n\n\n<h4 class=\"wp-block-heading\" id=\"do-i-need-a-traffic-ticket-attorney-if-i-decide-to-contest-a-traffic-ticket-in-washington\">\u00bfNecesito un Abogado Especializado en Infracciones de Tr\u00e1nsito si Decido Impugnar (exigir la anulaci\u00f3n de cargos de) una Infracci\u00f3n de Tr\u00e1nsito en Washington?<\/h4>\n\n\n\n<p>En la mayor\u00eda de las circunstancias, debe consultar o contratar a un abogado. Estas infracciones se ganan legalmente cuando se presentan cuestiones t\u00e9cnicas. A menos que est\u00e9 consciente de los problemas t\u00e9cnicos, es muy poco probable que elimine su infracci\u00f3n. \u00a1No sabes lo que no sabes! Si el dinero es escaso y tiene tiempo para prepararse adecuadamente para la infracci\u00f3n, podr\u00eda hacerlo usted mismo. \u00bfEs una cuesti\u00f3n de cu\u00e1nto vale tu tiempo? Si no conoce los asuntos legales, no obtendr\u00e1 ning\u00fan beneficio significativo si entra y se representa a s\u00ed mismo.<\/p>","protected":false},"excerpt":{"rendered":"<p>What Happens if I Just Ignore a Traffic Ticket? If you ignore your traffic ticket then the court will mark it as a failure to appear or failure to respond; commonly known as an FTA. The infraction is ruled as committed, goes on your driving record, and gets sent to the Department of Licensing (DOL). [&hellip;]<\/p>\n","protected":false},"author":4,"featured_media":0,"parent":939,"menu_order":0,"comment_status":"closed","ping_status":"closed","template":"","meta":{"_acf_changed":false,"footnotes":""},"class_list":["post-1354","page","type-page","status-publish","hentry"],"acf":[],"_links":{"self":[{"href":"https:\/\/mrticketfixer.com\/es\/wp-json\/wp\/v2\/pages\/1354","targetHints":{"allow":["GET"]}}],"collection":[{"href":"https:\/\/mrticketfixer.com\/es\/wp-json\/wp\/v2\/pages"}],"about":[{"href":"https:\/\/mrticketfixer.com\/es\/wp-json\/wp\/v2\/types\/page"}],"author":[{"embeddable":true,"href":"https:\/\/mrticketfixer.com\/es\/wp-json\/wp\/v2\/users\/4"}],"replies":[{"embeddable":true,"href":"https:\/\/mrticketfixer.com\/es\/wp-json\/wp\/v2\/comments?post=1354"}],"version-history":[{"count":0,"href":"https:\/\/mrticketfixer.com\/es\/wp-json\/wp\/v2\/pages\/1354\/revisions"}],"up":[{"embeddable":true,"href":"https:\/\/mrticketfixer.com\/es\/wp-json\/wp\/v2\/pages\/939"}],"wp:attachment":[{"href":"https:\/\/mrticketfixer.com\/es\/wp-json\/wp\/v2\/media?parent=1354"}],"curies":[{"name":"wp","href":"https:\/\/api.w.org\/{rel}","templated":true}]}}