{"id":1856,"date":"2022-01-06T14:43:18","date_gmt":"2022-01-06T22:43:18","guid":{"rendered":"https:\/\/mrticketfixer.com\/?page_id=1856"},"modified":"2022-03-07T11:46:20","modified_gmt":"2022-03-07T19:46:20","slug":"too-fast-for-conditions","status":"publish","type":"page","link":"https:\/\/mrticketfixer.com\/es\/traffic-tickets\/too-fast-for-conditions\/","title":{"rendered":"Ir Demasiado R\u00e1pido Cuando Conduce en Condiciones de Riesgo"},"content":{"rendered":"<h2 class=\"wp-block-heading\" id=\"i-got-a-ticket-but-i-wasn-t-speeding\">\u00a1Recib\u00ed Una Infracci\u00f3n, Pero No Estaba Acelerando!<\/h2>\n\n\n\n<p>En el estado de Washington, las infracciones b\u00e1sicas por exceso de velocidad no son algo infrecuente, pero muchos conductores se sorprendieron al descubrir que se les hab\u00eda emitido una variedad de infracci\u00f3n menos conocida llamada infracci\u00f3n por \"Acelerar Demasiado R\u00e1pido en Condiciones de Riesgo\". Este tipo de infracci\u00f3n es com\u00fan entre los conductores que tuvieron un accidente y fueron citados por conducir demasiado r\u00e1pido por las condiciones de la carretera.<\/p>\n\n\n\n<p>Si bien hay ocasiones en las que el l\u00edmite de velocidad publicado puede considerarse inseguro, como en el caso de que las inclemencias del tiempo afecten las carreteras, el giro confuso de este tipo de infracci\u00f3n es que los conductores pueden recibir una infracci\u00f3n incluso si no estaban acelerando y viajaban al l\u00edmite de velocidad legalmente publicado.<\/p>\n\n\n\n<h4 class=\"wp-block-heading\" id=\"according-to-the-state-of-washington-law-rcw-46-61-400-says\">Seg\u00fan el estado de Washington, la Ley RCW (Revised Code of Washington- C\u00f3digo Revisado en el Estado de Washington- por sus siglas en ingl\u00e9s) <a href=\"mailto:https:\/\/app.leg.wa.gov\/rcw\/default.aspx?cite=46.61.400\" target=\"_blank\" rel=\"noopener\">Art\u00edculo 46.61.400<\/a> dice:<\/h4>\n\n\n\n<p>\u201cNinguna persona deber\u00e1 conducir un veh\u00edculo en una carretera a una velocidad superior a la razonable y prudente seg\u00fan las condiciones y teniendo en cuenta los peligros reales y potenciales que existan en ese momento. En todo caso, la velocidad se controlar\u00e1 en la medida necesaria para evitar colisionar con cualquier persona, veh\u00edculo u otro medio de transporte que se encuentre en la carretera o que ingrese a ella, de conformidad con los requisitos legales y el deber de todas las personas de tener el debido cuidado\u201d.<\/p>\n\n\n\n<p>En otras palabras, la ley declara que los conductores deben reducir la velocidad y siempre usar la debida diligencia cuando conducen en condiciones de riesgo, incluso si el l\u00edmite de velocidad indicado dice lo contrario. Si bien las infracciones por \u201cAcelerar Demasiado R\u00e1pido en Condiciones de Riesgo\u201d generalmente se emiten a conductores que estuvieron involucrados en un accidente automovil\u00edstico, los agentes del orden no tienen un m\u00e9todo objetivo para determinar una velocidad segura en condiciones de riesgo, haciendo que estas infracciones sean extraordinariamente subjetivas y muchas veces hay tambi\u00e9n errores sobre las condiciones clim\u00e1ticas.<\/p>\n\n\n\n<p>Si le han emitido una infracci\u00f3n por \u201cAcelerar Demasiado R\u00e1pido en Condiciones de Riesgo\u201d y se pregunta c\u00f3mo proceder, recomendamos a los conductores que luchen contra esta infracci\u00f3n, ya que las sanciones por este tipo de infracci\u00f3n pueden ser duraderas. Muchos conductores creen que la multa asociada a la infracci\u00f3n es la peor sanci\u00f3n, pero en realidad, la consecuencia m\u00e1s grave ser\u00e1 el aumento que sufrir\u00e1n las tasas de su seguro. Su accidente automovil\u00edstico no solo aumentar\u00e1 la tasas de su seguro, sino que su multa tambi\u00e9n se considera una infracci\u00f3n de tr\u00e1nsito, lo que tambi\u00e9n afectar\u00e1 afectar\u00e1 a su prima de seguro.<\/p>\n\n\n\n<p>Nuestro equipo en Garguile Law | Abogados de DUI &amp; Infracciones de Tr\u00e1nsito se ocupa habitualmente de infracciones por \"Acelerar Demasiado R\u00e1pido en Condiciones de Riesgo\" y estamos aqu\u00ed para ayudarle respondiendo algunas de sus preguntas m\u00e1s frecuentes:<\/p>\n\n\n\n<h4 class=\"wp-block-heading\" id=\"how-many-points-are-a-speeding-too-fast-for-conditions-ticket\">\u00bfCu\u00e1ntos Puntos Tiene Una Infracci\u00f3n Por Exceso de Velocidad En Condiciones De Riesgo?<\/h4>\n\n\n\n<p>El estado de Washington no opera con un sistema de puntos.<\/p>\n\n\n\n<h4 class=\"wp-block-heading\" id=\"is-a-speeding-too-fast-for-conditions-ticket-in-washington-state-a-moving-violation\">\u00bfEs una infracci\u00f3n por Acelerar Demasiado R\u00e1pido en Condiciones de Riesgo en el estado de Washington, una infracci\u00f3n en circulaci\u00f3n?<\/h4>\n\n\n\n<p>S\u00ed, se considera una <a href=\"mailto:https:\/\/mrticketfixer.com\/moving-versus-non-moving-violations\/\" target=\"_blank\" rel=\"noopener\">infracci\u00f3n en circulaci\u00f3n.<\/a>.<\/p>\n\n\n\n<h4 class=\"wp-block-heading\" id=\"how-does-a-cop-prove-you-were-speeding-too-fast-for-conditions-if-they-didn-t-see-it\">\u00bfC\u00f3mo Puede un Polic\u00eda Demostrar Que Iba Acelerando Demasiado R\u00e1pido en Condiciones de Riesgo Si No lo Vieron a Usted Manejando?<\/h4>\n\n\n\n<p>Legalmente, no tienen por qu\u00e9 hacerlo. Seg\u00fan <a href=\"https:\/\/app.leg.wa.gov\/RCW\/default.aspx?cite=46.63.030\" target=\"_blank\" rel=\"noopener\">Art\u00edculo 46.63.030<\/a>un oficial de polic\u00eda puede multar a una persona si es testigo de la infracci\u00f3n O si, en la escena de un accidente, tiene motivos razonables para creer que el conductor involucrado en el accidente cometi\u00f3 una infracci\u00f3n de tr\u00e1nsito.<\/p>\n\n\n\n<h4 class=\"wp-block-heading\" id=\"what-is-the-fine-on-a-speeding-too-fast-for-conditions-ticket-in-washington-state\">\u00bfCu\u00e1l Es la Multa En Una Infracci\u00f3n Por Acelerar Demasiado R\u00e1pido en Condiciones de Riesgo en el Estado de Washington?<\/h4>\n\n\n\n<p>La multa cuesta $190 si estuvo involucrado en un accidente y $139 si no hubo accidente.<\/p>\n\n\n\n<h4 class=\"wp-block-heading\" id=\"what-does-speeding-too-fast-for-conditions-mean\">\u00bfQu\u00e9 Significa Acelerar Demasiado R\u00e1pido en Condiciones de Riesgo?<\/h4>\n\n\n\n<p>Las condiciones inseguras pueden incluir nieve, lluvia, hielo o incluso mucho tr\u00e1fico en la carretera.<\/p>\n\n\n\n<p>Estas condiciones dictan que un conductor debe reducir la velocidad, incluso si el l\u00edmite de velocidad indicado indica lo contrario.<\/p>\n\n\n\n<h4 class=\"wp-block-heading\" id=\"can-i-contest-fight-a-speeding-too-fast-for-conditions-ticket\">\u00bfPuedo impugnar (exigir la anulaci\u00f3n de cargos) de una infracci\u00f3n por Acelerar Demasiado R\u00e1pido en Condiciones de Riesgo?<\/h4>\n\n\n\n<p>S\u00ed, animamos a los conductores a luchar contra este tipo de infracci\u00f3n porque las tarifas de su seguro pueden verse afectadas negativamente por <u>ambas infracciones<\/u> tanto el accidente automovil\u00edstico as\u00ed como por la infracci\u00f3n de tr\u00e1nsito en su historial de manejo.<\/p>","protected":false},"excerpt":{"rendered":"<p>I Got a Ticket, But I Wasn&#8217;t Speeding! In the state of Washington, basic speeding tickets are not an uncommon occurrence, but many drivers have been surprised when finding out that they&#8217;ve been issued a lesser-known variety of infraction called a &#8220;Speeding Too Fast for Conditions&#8221; ticket. This type of ticket is common among drivers [&hellip;]<\/p>\n","protected":false},"author":4,"featured_media":0,"parent":939,"menu_order":0,"comment_status":"closed","ping_status":"closed","template":"","meta":{"_acf_changed":false,"footnotes":""},"class_list":["post-1856","page","type-page","status-publish","hentry"],"acf":[],"_links":{"self":[{"href":"https:\/\/mrticketfixer.com\/es\/wp-json\/wp\/v2\/pages\/1856","targetHints":{"allow":["GET"]}}],"collection":[{"href":"https:\/\/mrticketfixer.com\/es\/wp-json\/wp\/v2\/pages"}],"about":[{"href":"https:\/\/mrticketfixer.com\/es\/wp-json\/wp\/v2\/types\/page"}],"author":[{"embeddable":true,"href":"https:\/\/mrticketfixer.com\/es\/wp-json\/wp\/v2\/users\/4"}],"replies":[{"embeddable":true,"href":"https:\/\/mrticketfixer.com\/es\/wp-json\/wp\/v2\/comments?post=1856"}],"version-history":[{"count":0,"href":"https:\/\/mrticketfixer.com\/es\/wp-json\/wp\/v2\/pages\/1856\/revisions"}],"up":[{"embeddable":true,"href":"https:\/\/mrticketfixer.com\/es\/wp-json\/wp\/v2\/pages\/939"}],"wp:attachment":[{"href":"https:\/\/mrticketfixer.com\/es\/wp-json\/wp\/v2\/media?parent=1856"}],"curies":[{"name":"wp","href":"https:\/\/api.w.org\/{rel}","templated":true}]}}