{"id":1858,"date":"2022-01-06T14:55:10","date_gmt":"2022-01-06T22:55:10","guid":{"rendered":"https:\/\/mrticketfixer.com\/?page_id=1858"},"modified":"2025-10-13T10:26:08","modified_gmt":"2025-10-13T17:26:08","slug":"is-cost-of-traffic-lawyer-worth-it","status":"publish","type":"page","link":"https:\/\/mrticketfixer.com\/es\/traffic-tickets\/is-cost-of-traffic-lawyer-worth-it\/","title":{"rendered":"\u00bfVale la Pena un Abogado de Tr\u00e1nsito?"},"content":{"rendered":"<h2 class=\"wp-block-heading\" id=\"price-vs-cost\">\u00bfVale la Pena Contratar a un Abogado por Una Infracci\u00f3n por Exceso de Velocidad?<\/h2>\n\n\n\n<p>\u00bfLa polic\u00eda lo cit\u00f3 recientemente y le puso una infracci\u00f3n por exceso de velocidad? \u00bfEst\u00e1 considerando luchar contra la infracci\u00f3n, pero necesita ayuda para saber por d\u00f3nde empezar? Quiz\u00e1s se pregunte si vale la pena contratar a un abogado por una infracci\u00f3n por exceso de velocidad. Probablemente, tenga varias otras preguntas rondando por su cabeza. Si usted o un ser querido acaba de recibir una infracci\u00f3n de tr\u00e1nsito, sabr\u00e1 que el precio de la infracci\u00f3n en el estado de Washington es alto. \u00bfPero sab\u00eda que el costo de una infracci\u00f3n puede ser incluso mayor?<\/p>\n\n\n\n<p>A la hora de abordar adecuadamente las infracciones de tr\u00e1nsito, como las infracciones por exceso de velocidad, y responder si vale la pena contratar un abogado de tr\u00e1fico, es fundamental comprender la diferencia entre precio y costo.&nbsp;<\/p>\n\n\n\n<p>A primera vista, estos t\u00e9rminos pueden parecer intercambiables, pero cada uno resalta diferentes aspectos del impacto financiero que puede tener una infracci\u00f3n de tr\u00e1nsito. El precio es la multa inicial adjuntada a la infracci\u00f3n, un pago \u00fanico que parece sencillo. Sin embargo, el costo va m\u00e1s all\u00e1 de este gasto inmediato. Abarca las implicaciones financieras a largo plazo, incluido el aumento de las primas de seguros, una posible suspensi\u00f3n de la licencia y efectos indirectos como el tiempo que se pasa en los tribunales o fuera del trabajo.&nbsp;<\/p>\n\n\n\n<p>A continuaci\u00f3n, profundizaremos en el costo de contratar a un abogado especializado en infracciones de tr\u00e1nsito, evaluando si su capacidad para navegar por el sistema legal, negociar sanciones reducidas y brindar tranquilidad puede superar el precio de sus servicios. Determinaremos si vale la pena contratar a un abogado por una infracci\u00f3n por exceso de velocidad.<\/p>\n\n\n\n<h3 class=\"wp-block-heading\">\u00bfCu\u00e1nto Cuesta un Abogado de Tr\u00e1nsito?<\/h3>\n\n\n\n<p>En el estado de Washington, el costo de contratar a un abogado para una infracci\u00f3n de tr\u00e1nsito no criminal var\u00eda de un abogado a otro. Sin embargo, la tarifa actual, entre la mayor\u00eda de los abogados en el \u00e1rea metropolitana de Puget Sound, oscila entre $200 y $ 350. Los abogados de tr\u00e1nsito que centran su pr\u00e1ctica en la lucha contra las infracciones de tr\u00e1nsito suelen estar en el extremo superior del rango. Si bien los abogados que incursionan en la defensa de infracciones de tr\u00e1nsito o los abogados nuevos estar\u00e1n en el extremo inferior del espectro, al igual que con cualquier otra cosa, usted obtiene la representaci\u00f3n por la que paga. Recuerde, estas son tasas fijas y deber\u00edan cubrir la representaci\u00f3n ante el tribunal, pero pueden surgir costos adicionales dependiendo del resultado de su caso. Como dice el refr\u00e1n, lo barato sale caro.<\/p>\n\n\n\n<h4 class=\"wp-block-heading\">Precio versus Costo<\/h4>\n\n\n\n<p>Con un poco de contexto adicional, podemos decidir si vale la pena contratar a un abogado especializado en infracciones de tr\u00e1nsito para que se encargue de sus infracciones por exceso de velocidad u otras infracciones de tr\u00e1nsito. Antes de hacerlo, debemos recordar que <span style=\"text-decoration: underline;\">el precio<\/span> es el pago \u00fanico de la infracci\u00f3n, pero el <span style=\"text-decoration: underline;\">costo<\/span> incluye posibles consecuencias a largo plazo.<\/p>\n\n\n\n<p>Supongamos que recibe una infracci\u00f3n por exceso de velocidad por exceder el l\u00edmite en 11 mph. El precio que pagar\u00e1 por su infracci\u00f3n es de $165. \u00bfPero el costo? Debido a la infracci\u00f3n, las tarifas de su seguro podr\u00edan aumentar en un promedio de $22 por mes durante los pr\u00f3ximos tres a\u00f1os. Este aumento puede sumar hasta $792. Incluso podr\u00eda correr el riesgo de que le suspendan la licencia, lo que le provocar\u00eda dificultades financieras adicionales si depende de conducir.<\/p>\n\n\n\n<p>Aqu\u00ed hay un desglose r\u00e1pido:<\/p>\n\n\n\n<figure class=\"wp-block-table\"><table><thead><tr><th>Typical Costs<\/th><th>Paying the Ticket<\/th><th>Fighting the Ticket<\/th><\/tr><\/thead><tbody><tr><td>Average Cost of Traffic Ticket<\/td><td>$165<\/td><td>$0<\/td><\/tr><tr><td>Average Cost of Insurance Hikes (+$22\/month x 3 years)<\/td><td>$792<\/td><td>$0<\/td><\/tr><tr><td>Attorney Fees<\/td><td>$0<\/td><td>$285<\/td><\/tr><tr><td>Average Court Fees<\/td><td>$0<\/td><td>$150<\/td><\/tr><tr><td><strong>Total Cost<\/strong><br> <\/td><td><strong>$957<\/strong><br> <\/td><td><strong>$435<\/strong><br>(Savings of $522)<\/td><\/tr><\/tbody><\/table><\/figure>\n\n\n\n<p>En nuestro ejemplo, la multa inicial por la infracci\u00f3n de exceso de velocidad es de 165 d\u00f3lares. Si simplemente paga la multa, puede anticipar un aumento en las tarifas de su seguro porque la compa\u00f1\u00eda de seguros ahora lo ver\u00e1 como un conductor m\u00e1s riesgoso. En el estado de Washington, las infracciones permanecen en su registro durante tres a\u00f1os. El costo anual promedio para una cobertura total en 2022 en Washington es de $1,313. En tres a\u00f1os, podr\u00eda ver un aumento aproximado de $792 en su cobertura de seguro. Esto hace que el costo real de su multa de tr\u00e1nsito sea de $957.<\/p>\n\n\n\n<p>Now, consider the alternative. If you hire a traffic ticket attorney, their fee would be around $285. If they get the ticket dismissed, no extra costs would be due. If they can negotiate the ticket down to a non-moving violation, you might have to pay about $150 in court fees. Therefore, challenging your traffic ticket could cost approximately $435. This represents a savings of at least $435, potentially up to $585 if the ticket is completely dismissed.<\/p>\n\n\n\n<p>\u00bfSe pregunta cu\u00e1nto cuesta espec\u00edficamente luchar contra su infracci\u00f3n? <a href=\"https:\/\/mrticketfixer.com\/es\/traffic-tickets\/get-my-quote\/\" type=\"page\" id=\"2532\">Obtenga una cotizaci\u00f3n instant\u00e1nea<\/a> seg\u00fan la ubicaci\u00f3n y el tipo de infracci\u00f3n. <\/p>\n\n\n\n<h3 class=\"wp-block-heading\">\u00bfCu\u00e1nto Subir\u00e1n las Tasas de mi Seguro Despu\u00e9s de una Infracci\u00f3n?<\/h3>\n\n\n\n<p>Estimar el aumento preciso de las tarifas del seguro despu\u00e9s de una infracci\u00f3n de tr\u00e1nsito puede resultar complicado. Esto se debe principalmente a que cada compa\u00f1\u00eda de seguros emplea f\u00f3rmulas \u00fanicas para calcular las tarifas para sus clientes, y estas f\u00f3rmulas no se divulgan p\u00fablicamente. Por lo tanto, es imposible predecir el impacto exacto de una infracci\u00f3n de tr\u00e1fico en las tarifas de su seguro.<br>A pesar de estos desaf\u00edos, <a href=\"https:\/\/www.insurance.com\/auto-insurance\/does-a-speeding-ticket-affect-your-insurance\" target=\"_blank\" rel=\"noopener\">Insurance.com<\/a> analiza de cerca las cotizaciones y tasas de varias compa\u00f1\u00edas de seguros y proporciona aumentos promedio basados \u200b\u200ben su estudio de cientos de miles de p\u00f3lizas a lo largo de los a\u00f1os. Los siguientes son los aumentos porcentuales promedio que encontraron para infracciones comunes:<\/p>\n\n\n\n<figure class=\"wp-block-table table table-bordered\"><table><tbody><tr><th>Infracci\u00f3n<\/th><th>Porcentaje de Incremento<\/th><\/tr><tr><td>Exceso de Velocidad de +30 kms\/h Por Encima del L\u00edmite<\/td><td>30%<\/td><\/tr><tr><td>infracci\u00f3n por Mensaje de Texto<\/td><td>24%<\/td><\/tr><tr><td>Exceso de Velocidad de 16-29 kms\/h Por Encima del L\u00edmite<\/td><td>22%<\/td><\/tr><tr><td>Pase Inadecuado o Ilegal<\/td><td>20%<\/td><\/tr><tr><td>Exceso de Velocidad de 1-15 kms\/h Por Encima del L\u00edmite<\/td><td>20%<\/td><\/tr><tr><td>Seguir Demasiado Cerca<\/td><td>20%<\/td><\/tr><tr><td>Giro Inadecuado<\/td><td>20%<\/td><\/tr><tr><td>No Ceder<\/td><td>20%<\/td><\/tr><tr><td>No Detenerse<\/td><td>19%<\/td><\/tr><tr><td>Hablar por Tel\u00e9fono Celular<\/td><td>16%<\/td><\/tr><\/tbody><\/table><\/figure>\n\n\n\n<p>Estos aumentos se aplican a conductores que no tienen otras infracciones en su historial de conducci\u00f3n. Sin embargo, estos porcentajes pueden <a href=\"https:\/\/www.forbes.com\/sites\/moneybuilder\/2011\/06\/02\/the-true-cost-of-a-speeding-ticket\/#53baf0d4686b\" target=\"_blank\" rel=\"noopener\">aumentar significativamente<\/a> si se acumulan m\u00e1s infracciones en su historial. Por ejemplo, las personas con dos infracciones n movimiento terminaron pagando un 34 % m\u00e1s por su seguro, mientras que los conductores con tres infracciones en su historial experimentaron un asombroso aumento del 53 % en sus tarifas.<\/p>\n\n\n\n<h4 class=\"wp-block-heading\">\u00bfDurante Cu\u00e1nto Tiempo Afectar\u00e1 Una Infracci\u00f3n Las Tarifas de Mi Seguro?<\/h4>\n\n\n\n<p>En el estado de Washington, una infracci\u00f3n de tr\u00e1nsito permanece en su historial de manejo durante tres a\u00f1os. Pero es importante tener en cuenta que este per\u00edodo de tres a\u00f1os no comienza cuando recibe la infracci\u00f3n. Mas bien, el tiempo comienza a correr una vez que la infracci\u00f3n de tr\u00e1nsito se resuelve en el tribunal mediante una audiencia o cuando usted acepta la culpa, ya sea pagando la infracci\u00f3n o firmando un plan de pago. Por lo tanto, no s\u00f3lo se deben considerar las consecuencias inmediatas de una infracci\u00f3n de tr\u00e1nsito, sino tambi\u00e9n su impacto a largo plazo en aspectos como las tasas de los seguros.<\/p>\n\n\n\n<h4 class=\"wp-block-heading\">Costo Promedio del Seguro de Autom\u00f3vil en el Estado de Washington<\/h4>\n\n\n\n<p>El costo promedio del seguro de autom\u00f3vil en el <a href=\"https:\/\/www.bankrate.com\/insurance\/car\/average-cost-of-car-insurance-in-washington\/\" target=\"_blank\" rel=\"noopener\">Estado de Washington<\/a> es de $ 1313,00 por a\u00f1o para un solo conductor. Sin embargo, las tasas son significativamente m\u00e1s caras en ciudades como Seattle y Tacoma. En ambas ciudades, el precio medio supera los 1.500 d\u00f3lares al a\u00f1o.<\/p>\n\n\n\n<h3 class=\"wp-block-heading\">\u00a1Contratar a un Abogado por una Infracci\u00f3n por Exceso de Velocidad Vale la Pena!<\/h3>\n\n\n\n<p>En conclusi\u00f3n, recibir una infracci\u00f3n de tr\u00e1nsito puede parecer una molestia no deseada. Sin embargo, pagar la infracci\u00f3n apresuradamente podr\u00eda tener consecuencias imprevistas, lo que podr\u00eda convertir un simple inconveniente en una carga m\u00e1s grave. Tenga en cuenta que la infracci\u00f3n inicial es s\u00f3lo el punto de partida; el costo real de una infracci\u00f3n de tr\u00e1nsito a menudo queda oculto tras los efectos a largo plazo, como el aumento de las tasas de los seguros.<\/p>\n\n\n\n<p>Aqu\u00ed es donde nuestra experiencia en Garguile Law | Abogados de DUI &amp; Infracciones de Tr\u00e1nsito, se vuelve invaluable. Nuestro equipo de abogados de tr\u00e1nsito experimentados comprende las complejidades de las leyes de tr\u00e1nsito y estamos aqu\u00ed para guiarlo en cada paso. Nuestra ayuda puede simplificar este proceso y potencialmente ahorrarle una cantidad significativa de dinero a largo plazo.<\/p>\n\n\n\n<p>No se sienta obligado a navegar solo por estas aguas agitadas. Cont\u00e1ctenos para una evaluaci\u00f3n gratuita de su caso y deje que Garguile Law | Abogados de DUI &amp; Infracciones de Tr\u00e1nsito, lo oriente hacia un resultado m\u00e1s favorable.<\/p>","protected":false},"excerpt":{"rendered":"<p>Is It Worth Hiring a Lawyer for a Speeding Ticket? Did the police recently stop you and give you a speeding ticket? Are you considering fighting the ticket but need help knowing where to begin? You might wonder whether it is worth hiring a lawyer for a speeding ticket. You likely have several other questions [&hellip;]<\/p>\n","protected":false},"author":4,"featured_media":0,"parent":939,"menu_order":0,"comment_status":"closed","ping_status":"closed","template":"","meta":{"_acf_changed":false,"footnotes":""},"class_list":["post-1858","page","type-page","status-publish","hentry"],"acf":[],"_links":{"self":[{"href":"https:\/\/mrticketfixer.com\/es\/wp-json\/wp\/v2\/pages\/1858","targetHints":{"allow":["GET"]}}],"collection":[{"href":"https:\/\/mrticketfixer.com\/es\/wp-json\/wp\/v2\/pages"}],"about":[{"href":"https:\/\/mrticketfixer.com\/es\/wp-json\/wp\/v2\/types\/page"}],"author":[{"embeddable":true,"href":"https:\/\/mrticketfixer.com\/es\/wp-json\/wp\/v2\/users\/4"}],"replies":[{"embeddable":true,"href":"https:\/\/mrticketfixer.com\/es\/wp-json\/wp\/v2\/comments?post=1858"}],"version-history":[{"count":0,"href":"https:\/\/mrticketfixer.com\/es\/wp-json\/wp\/v2\/pages\/1858\/revisions"}],"up":[{"embeddable":true,"href":"https:\/\/mrticketfixer.com\/es\/wp-json\/wp\/v2\/pages\/939"}],"wp:attachment":[{"href":"https:\/\/mrticketfixer.com\/es\/wp-json\/wp\/v2\/media?parent=1858"}],"curies":[{"name":"wp","href":"https:\/\/api.w.org\/{rel}","templated":true}]}}