{"id":1862,"date":"2022-01-06T15:07:24","date_gmt":"2022-01-06T23:07:24","guid":{"rendered":"https:\/\/mrticketfixer.com\/?page_id=1862"},"modified":"2025-03-17T15:38:34","modified_gmt":"2025-03-17T22:38:34","slug":"hov-infractions","status":"publish","type":"page","link":"https:\/\/mrticketfixer.com\/es\/traffic-tickets\/hov-infractions\/","title":{"rendered":"Infracciones por Invadir Carriles Para Viajes Compartidos. (HOV: High Occupancy Vehicle)"},"content":{"rendered":"<h2 class=\"wp-block-heading\" id=\"what-is-a-wa-hov-traffic-ticket\">\u00bfQu\u00e9 es Una Infracci\u00f3n de Tr\u00e1nsito HOV en Washington State?<\/h2>\n\n\n\n<p>Todos conocemos las malas noticias sin necesidad de que los titulares lo demuestren: el tr\u00e1fico y los conductores del oeste de Washington se encuentran entre los peores del pa\u00eds. Para muchos de nosotros, estar sentado en un tr\u00e1fico intermitente es adormecedor e irritante.<\/p>\n\n\n\n<p>Los \u00faltimos estudios ofrecen una letan\u00eda de pruebas.<\/p>\n\n\n\n<p>Una clasificaci\u00f3n de estados de la industria de seguros, basada en accidentes e infracciones de tr\u00e1nsito, concluy\u00f3 que en 2018 <u><a href=\"https:\/\/wsdot.wa.gov\/travel\/roads-bridges\/toll-roads-bridges-tunnels\/i-405-express-toll-lanes\" target=\"_blank\" rel=\"noopener\">los conductores de Washington fueron los d\u00e9cimos peores del pa\u00eds<\/a><\/u> (el a\u00f1o anterior, \u00e9ramos el quinto peor). <u><a href=\"https:\/\/quotewizard.com\/news\/the-best-and-worst-drivers-by-state\" target=\"_blank\" rel=\"noopener\">fifth-worst<\/a><\/u>.)<\/p>\n\n\n\n<p>En t\u00e9rminos de horas extra que pasan sentados en carreteras congestionadas, <u><a href=\"https:\/\/inrix.com\/scorecard\/\" target=\"_blank\" rel=\"noopener\">los conductores de Seattle ocuparon el puesto #9 y los conductores de Tacoma el #16<\/a><\/u> ;en el 2016; en comparaci\u00f3n con los automovilistas de otras \u00e1reas urbanas del pa\u00eds. Para poner esto en t\u00e9rminos pr\u00e1cticos, <u><a href=\"https:\/\/wsdot.wa.gov\/publications\/fulltext\/graynotebook\/corridor-capacity-report-17.pdf\" target=\"_blank\" rel=\"noopener\">el viaje matutino promedio<\/a><\/u>&nbsp;de Everett a Seattle en 2016 fue de 94 minutos, mientras que el viaje matutino de Federal Way a Seattle fue de 72 minutos.<\/p>\n\n\n\n<p>Ver a los conductores pasar por carriles HOV de flujo libre puede aumentar la frustraci\u00f3n.<\/p>\n\n\n\n<h4 class=\"wp-block-heading\" id=\"what-are-hov-lanes\">\u00bfQu\u00e9 son los carriles HOV?<\/h4>\n\n\n\n<p><em>Los Carriles HOV<\/em> a menudo llamados carriles para viajes compartidos, est\u00e1n destinados a ayudar a los conductores de Washington a navegar por carreteras congestionadas, no a crear estr\u00e9s adicional.&nbsp;<em>HOV<\/em> es un acr\u00f3nimo de veh\u00edculo de alta ocupaci\u00f3n y estos carriles est\u00e1n destinados a veh\u00edculos compartidos, veh\u00edculos de tr\u00e1nsito, viajes compartidos y motociclistas.<\/p>\n\n\n\n<p>Fueron creados como un incentivo para que los conductores reduzcan sus viajes en solitario. En teor\u00eda, ofrecen un cl\u00e1sico beneficio mutuo: los usuarios de carriles HOV pueden pasar r\u00e1pidamente por el tr\u00e1fico estancado de la autopista, al mismo tiempo que reducen la cantidad de veh\u00edculos en los carriles congestionados. Como resultado, m\u00e1s viajeros pueden moverse a trav\u00e9s de corredores de alto volumen a velocidades m\u00e1s r\u00e1pidas, tanto en los carriles HOV como en los carriles de uso general.<\/p>\n\n\n\n<p>Los estudios demuestran que esta estrategia funciona. Los analistas de transporte del estado de Washington dicen que muchos usuarios de carriles de viajes compartidos (HOV) volver\u00edan a viajar solos si se eliminaran los carriles especiales, lo que provocar\u00eda un tr\u00e1fico congestionado en todos los carriles.<\/p>\n\n\n\n<p>Nuestro estado tiene dos tipos b\u00e1sicos de carriles HOV en la I-5, la I-90, la I-405, la Carretera 16, la Carretera 167 y la Carretera 520.<\/p>\n\n\n\n<p>Sus reglas pueden parecer confusas. La cantidad m\u00ednima de pasajeros requeridos var\u00eda; la aplicaci\u00f3n de la ley puede depender de la hora o incluso del d\u00eda de la semana; Algunos carriles HOV permiten que los conductores que  viajan solos paguen m\u00e1s para usarlos.<\/p>\n\n\n\n<h4 class=\"wp-block-heading\" id=\"hov-lanes-generally-fall-into-two-categories\">Los Carriles de Viajes Compartidos (HOV) generalmente se dividen en dos categor\u00edas:<\/h4>\n\n\n\n<ul class=\"wp-block-list\">\n<li><strong>Los Carriles de Viajes Compartidos (HOV)  est\u00e1ndar:<\/strong> La mayor\u00eda de los  carriles HOV est\u00e1ndar est\u00e1n a la izquierda, generalmente con s\u00edmbolos de diamantes pintados en el pavimento y una l\u00ednea blanca continua que los separa de otros carriles. Los requisitos de ocupaci\u00f3n, publicados en las se\u00f1ales de tr\u00e1fico, pueden variar entre 2+ o 3+ personas por veh\u00edculo, dependiendo de la carretera y la hora del d\u00eda. Las motocicletas pueden utilizar todos los carriles HOV est\u00e1ndar, al igual que los veh\u00edculos policiales y de emergencia.<\/li>\n\n\n\n<li><strong>Carriles de Peaje Express y carriles de peaje para viajes compartidos (HOT - High-Occupancy Toll):<\/strong> Estos carriles especiales brindan a los conductores solitarios la posibilidad de pagar por un viaje m\u00e1s r\u00e1pido comprando un <u><a href=\"https:\/\/wsdot.wa.gov\/travel\/roads-bridges\/toll-roads-bridges-tunnels\" target=\"_blank\" rel=\"noopener\">Good to Go! <\/a><\/u>El <u><a href=\"https:\/\/wsdot.wa.gov\/travel\/roads-bridges\/toll-roads-bridges-tunnels\/i-405-express-toll-lanes\" target=\"_blank\" rel=\"noreferrer noopener\">carriles de Peaje Express de la I-405<\/a><\/u>&nbsp;est\u00e1n vigentes de 5 a. m. a 7 p. m., de lunes a viernes; Los usuarios de viajes compartidos pueden utilizar estos carriles obteniendo un <u><a href=\"https:\/\/wsdot.wa.gov\/travel\/roads-bridges\/toll-roads-bridges-tunnels\/i-405-express-toll-lanes\" target=\"_blank\" rel=\"noopener\">Flex Pass Gratuito.<\/a><\/u>Las motocicletas requieren un <u><a href=\"https:\/\/wsdot.wa.gov\/travel\/roads-bridges\/toll-roads-bridges-tunnels\" target=\"_blank\" rel=\"noopener\">Good To Go!&nbsp;Motorcycle pass<\/a><\/u>Los <u><a href=\"https:\/\/wsdot.wa.gov\/travel\/roads-bridges\/toll-roads-bridges-tunnels\/sr-167-high-occupancy-toll-hot-lanes\" target=\"_blank\" rel=\"noopener\">carriles HOT de la autopista 167<\/a><\/u> funcionan todos los d\u00edas de 5 a. m. a 7 p. m. Estos son carriles HOV cl\u00e1sicos, pero tambi\u00e9n pueden ser utilizados por conductores solitarios que instalen un <u><a href=\"https:\/\/wsdot.wa.gov\/travel\/roads-bridges\/toll-roads-bridges-tunnels\" target=\"_blank\" rel=\"noopener\">Good to Go! <\/a><\/u>pase en sus veh\u00edculos. Las tarifas de peaje var\u00edan entre 50 centavos y $9 dependiendo de las condiciones del flujo de tr\u00e1fico. Los veh\u00edculos compartidos, furgonetas, autobuses y motocicletas pueden utilizar los carriles de peaje de forma gratuita.<\/li>\n<\/ul>\n\n\n\n<p>Los camiones que pesen m\u00e1s de 10,000 libras no pueden usar los carriles HOV, aunque s\u00ed pueden hacerlo los veh\u00edculos recreativos de cualquier peso.<\/p>\n\n\n\n<p>En Washington, Invadir Los Carriles de Viajes Compartidos (HOV) es una infracci\u00f3n de tr\u00e1nsito seg\u00fan <u><a href=\"https:\/\/app.leg.wa.gov\/rcw\/default.aspx?cite=46.61.165\" target=\"_blank\" rel=\"noopener\">Art\u00edculo 46.61.165.<\/a><\/u>Los tribunales tratan estas infracciones como cualquier otra infracci\u00f3n en movimiento, sea: acelerar o pasarse una se\u00f1al de alto o una infracci\u00f3n por exceso de velocidad.<\/p>\n\n\n\n<p>El Departamento de Transporte del estado estima que las tasas de infracciones por Invadir Carriles de Viajes Compartidos (HOV) en Washington est\u00e1n entre el 1 y el 7 por ciento, muy por debajo del promedio nacional del 10 al 15 por ciento. El estado le da cr\u00e9dito a su <u><a href=\"http:\/\/www.seattletimes.com\/seattle-news\/hov-lane-violators-someone-is-watching\/\" target=\"_blank\" rel=\"noopener\">programa HERO<\/a><\/u>\u00a0for that relative success, as frustrated, law-abiding drivers rat on cheaters by reporting their license plate numbers by calling toll-free 877-764-HERO. First-time violators identified via the HERO program get a brochure in the mail; additional violations result in progressively sterner letters.<\/p>\n\n\n\n<p>Puede resultar tentador utilizar los Carriles de Viajes Compartidos (HOV) como una soluci\u00f3n espont\u00e1nea al atasco, ya sea que uno est\u00e9 lidiando con una emergencia genuina o simplemente est\u00e9 impaciente por el tr\u00e1fico lento.<\/p>\n\n\n\n<p>Es f\u00e1cil no tomarse en serio las posibles consecuencias: una infracci\u00f3n cara; tasas de seguro elevadas; adem\u00e1s del retraso adicional y la frustraci\u00f3n de la propia parada de tr\u00e1fico.<\/p>\n\n\n\n<p>Pero los polic\u00edas est\u00e1n tomando medidas en\u00e9rgicas.<\/p>\n\n\n\n<p>Solo en el condado de King, los polic\u00edas detuvieron a m\u00e1s de 11,000 conductores por a\u00f1o en 2016 y 2017 por infracciones HOV, seg\u00fan el Seattle Times.<\/p>\n\n\n\n<p>En septiembre pasado, la Patrulla Estatal de Washington dedic\u00f3 una semana completa al \u00e9nfasis en HOV, deteniendo a m\u00e1s de 1,700 automovilistas en los condados de King, North Pierce y el sur de Snohomish.<\/p>\n\n\n\n<p>Esto inclu\u00eda conductores solitarios creativos que disfrazaban mu\u00f1ecos y esqueletos en intentos fallidos de hacer trampa sin ser descubiertos.<\/p>\n\n\n\n<h4 class=\"wp-block-heading\" id=\"what-are-the-repercussions-of-getting-an-hov-ticket-some-common-questions-and-answers\">\u00bfCu\u00e1les son las repercusiones de obtener una infracci\u00f3n por Invadir Carriles de Viajes Compartidos (HOV)? Algunas preguntas y respuestas comunes:<\/h4>\n\n\n\n<ul class=\"wp-block-list\">\n<li>What is the fine for driving solo in a carpool lane in Washington State? The current fine is $186 for your first violation. If you receive second or more repeat violations&nbsp;within a two-year period the fine will be $336.<\/li>\n\n\n\n<li>\u00bfEs una infracci\u00f3n por Invadir Carriles de Viajes COmpartidos (HOV) una infracci\u00f3n en movimiento? S\u00ed, es as\u00ed en el Estado de Washington.<\/li>\n\n\n\n<li>\u00bfLas infracciones HOV se incluyen en su historial de conducci\u00f3n? S\u00ed, as\u00ed sucede en el estado de Washington.<\/li>\n\n\n\n<li>\u00bfLas infracci\u00f3n por Invadir Carriles de Viajes Compartidos (HOV) aumentan las tarifas de su seguro? Un <u><a href=\"https:\/\/wtop.com\/news\/2014\/03\/which-driving-infractions-raise-insurance-premiums-the-most\/\" target=\"_blank\" rel=\"noopener\">estudio<\/a><\/u> encargado hace varios a\u00f1os por InsuranceQuotes.com encontr\u00f3 que, a nivel nacional, una infracci\u00f3n por Invadir Carriles de Viajes Compartidos (HOV) elevaba las tarifas en aproximadamente un 18%.<\/li>\n<\/ul>\n\n\n\n<h4 class=\"wp-block-heading\" id=\"should-i-hire-a-traffic-attorney-to-fight-my-hov-infraction\">\u00bfDebo contratar a un abogado de tr\u00e1nsito para luchar contra mi infracci\u00f3n por Invadir Carriles de Viajes Compartidos (HOV)?<\/h4>\n\n\n\n<p>En Washington,tanto las infracciones en movimiento, como las infracci\u00f3n por Invadir Carriles de Viajes Compartidos (HOV), permanecer\u00e1n en su historial de manejo durante tres a\u00f1os.<\/p>\n\n\n\n<p>Dado que las infracciones en movimiento afectan las tarifas de los seguros, los conductores sin lugar a dudas deben contratar a un abogado especializado en infracciones de tr\u00e1nsito para combatir estas infracciones.<\/p>\n\n\n\n<p>Las infracciones por Invadir Carriles de Viajes Compartidos (HOV) pueden ser dif\u00edciles de desestimar. Sin embargo, un abogado experto en infracciones de tr\u00e1nsito generalmente puede reducirlas a <u><a href=\"https:\/\/mrticketfixer.com\/es\/traffic-tickets\/moving-vs-non-moving-violations\/\">infracciones estacionarias,<\/a><\/u>.<\/p>\n\n\n\n<p>En Garguile Law | Abogados de DUI &amp; Infracciones de Tr\u00e1nsito, hemos impugnado (exigido la anulaci\u00f3n de cargos de la infracci\u00f3n) con \u00e9xito en m\u00e1s de 10,000 infracciones de tr\u00e1nsito. Entonces, si recientemente recibi\u00f3 una infracci\u00f3n por Invadir Carriles de Viajes Compartidos (HOV) en los condados de Pierce, King, Snohomish, Kitsap, Thurston o Lewis, ll\u00e1menos hoy para una sesi\u00f3n gratuita sobre estrategia de infracciones de tr\u00e1nsito. Nos encargaremos de todos los aspectos de su caso, de principio a fin; en la mayor\u00eda de los casos, ni siquiera tendr\u00e1 que acudir a los tribunales.<\/p>\n\n\n\n<p>Ahorre tiempo y dinero y deje que uno de los mejores abogados defensores de infracciones de tr\u00e1nsito de Washington se encargue del largo y confuso proceso legal por usted.<\/p>\n\n\n\n<p>Las sesiones de estrategia se realizan por tel\u00e9fono, por lo que no es necesario acudir a una cita.<\/p>\n\n\n\n<h4 class=\"wp-block-heading\" id=\"hov-infractions-face-increased-fines-in-washington-state\">Las infracci\u00f3n por Invadir Carriles de Viajes Compartidos (HOV) enfrentan mayores multas en el estado de Washington<\/h4>\n\n\n\n<p>A partir del 28 de julio de 2019, entraron en vigor nuevas leyes sobre carriles de viajes compartidos (HOV) que aumentan las sanciones para los infractores por Invadir Carriles de Viajes Compartidos (HOV) y de veh\u00edculos compartidos en el estado de Washington. A partir de este verano, los conductores sorprendidos haciendo mal uso de los carriles HOV no solo ser\u00e1n sancionados con el pago de multas m\u00e1s altas, si no que ahora tambi\u00e9n enfrentar\u00e1n una infracci\u00f3n completamente nueva si son sorprendidos usando el carril de viajes compartidos con un mu\u00f1eco, mu\u00f1eca u otro se\u00f1uelo, haci\u00e9ndose pasar por un pasajero en un intento de utilizar el carril HOV.<\/p>\n\n\n\n<p>Seg\u00fan <a href=\"https:\/\/lawfilesext.leg.wa.gov\/biennium\/2019-20\/Pdf\/Bills\/Session%20Laws\/Senate\/5695-S.SL.pdf\" target=\"_blank\" rel=\"noopener\">Proyecto de Ley Senatorial 5695<\/a>, la Legislatura estatal aprob\u00f3 aumentos de multas para los infractores de los carriles HOV, as\u00ed como regulaciones de peaje de viajes compartidos (HOT) y carriles de Peaje Express (ETL).<\/p>\n\n\n\n<h4 class=\"wp-block-heading\" id=\"changes-to-the-hov-law-now-include\">Los cambios a la ley de invadir carriles de viajes compartidos (HOV) ahora incluyen:<\/h4>\n\n\n\n<ul class=\"wp-block-list\">\n<li>Aumentar la multa por infracci\u00f3n inicial de $136 a $186.<\/li>\n\n\n\n<li>Crear una infracci\u00f3n de $336 por una segunda infracci\u00f3n y violaciones repetidas posteriores dentro de un per\u00edodo de dos a\u00f1os.<\/li>\n\n\n\n<li>Agregar una multa de $200 para cualquier persona sorprendida tratando de usar un mu\u00f1eco, mu\u00f1eca u otro art\u00edculo para que parezca que hay otra persona en el veh\u00edculo. La multa de $200 se suma a la multa por infracci\u00f3n, lo que crea una multa m\u00e1xima posible de $536.<\/li>\n<\/ul>\n\n\n\n<p>En septiembre pasado, los agentes de la Patrulla Estatal de Washington citaron a 1,671 infractores de carriles compartidos en solo una semana en los condados de Pierce, King y Snohomish como parte de una patrulla de \u00e9nfasis financiada por el Departamento de Transporte del Estado de Washington. Diecisiete de esos conductores fueron detenidos m\u00e1s de una vez en la misma semana por utilizar repetidamente el carril HOV como conductor no acompa\u00f1ado. Si bien no es ning\u00fan misterio que el tr\u00e1fico y los tiempos de espera en los desplazamientos en el estado de Washington se encuentran entre los peores del pa\u00eds, evitar la tentaci\u00f3n de conducir en carriles HOV designados en \u00faltima instancia le ahorrar\u00e1 el dolor de cabeza y la carga financiera de sufrir una infracci\u00f3n al final.<\/p>\n\n\n\n<p>Seg\u00fan el proyecto de ley oficial, los legisladores describieron las crecientes sanciones como una amonestaci\u00f3n para disuadir a los infractores reincidentes de hacer un mal uso del carril para viajes compartidos. Los infractores por Invadir Carriles de Viajes Compartidos (HOV) impiden que tanto los carriles comunes como los de veh\u00edculos compartidos funcionen seg\u00fan lo previsto para ayudar a que el tr\u00e1fico fluya m\u00e1s libremente. <a href=\"https:\/\/lawfilesext.leg.wa.gov\/biennium\/2019-20\/Pdf\/Bills\/Session%20Laws\/Senate\/5695-S.SL.pdf\" target=\"_blank\" rel=\"noopener\">La nueva legislaci\u00f3n<\/a> establece que los conductores que violan los requisitos de los carriles HOV \u201cfrustran la gesti\u00f3n de la congesti\u00f3n del estado e incitan justificadamente a la indignaci\u00f3n y la ira entre otros usuarios de los sistemas de transporte\u201d.<\/p>\n\n\n\n<p>Es f\u00e1cil comprender la absoluta frustraci\u00f3n que se produce al estar sentado en el tr\u00e1fico y ver a los autom\u00f3viles en los carriles HOV y carriles express superar la congesti\u00f3n de la carretera con facilidad; pero recibir una multa por violar las leyes HOV no es la \u00fanica repercusi\u00f3n que enfrentar\u00e1n los conductores si los atrapan. En el estado de Washington, una infracci\u00f3n HOV se considera una infracci\u00f3n en movimiento, que ocurre cuando un veh\u00edculo en movimiento infringe una ley de tr\u00e1nsito. Las infracciones HOV permanecer\u00e1n en el historial del conductor durante 3 a\u00f1os y se sabe que aumentan las tarifas de seguro hasta en un 18%.<\/p>\n\n\n\n<p>A medida que los polic\u00edas comiencen a tomar medidas en\u00e9rgicas este verano, se alienta a los conductores de Washington a pensar en las nuevas sanciones establecidas como un incentivo para ser un conductor responsable y comprender mejor las reglas de tr\u00e1nsito. Los carriles HOV se dise\u00f1aron para maximizar el movimiento de personas en lugar de veh\u00edculos, lo que ayuda a gestionar el tr\u00e1fico y permite a los conductores navegar mejor por carreteras congestionadas y, al mismo tiempo, reducir el riesgo de accidentes.<\/p>\n\n\n\n<p><em>HOV<\/em><em>&nbsp;<\/em>es un acr\u00f3nimo de Carriles de Viajes Compartidos (HOV)  y estos carriles designados est\u00e1n destinados a veh\u00edculos compartidos, veh\u00edculos de tr\u00e1nsito, viajes compartidos y motociclistas. Al reducir la cantidad de conductores solitarios en la autopista, los carriles para veh\u00edculos compartidos permiten efectivamente a los conductores evitar el tr\u00e1fico en \u00e1reas de alto volumen mientras conducen a velocidades m\u00e1s r\u00e1pidas tanto en el Carril de Viajes Compartidos (HOV) como en todos los dem\u00e1s carriles de uso general. Los estudios realizados por analistas de transporte del estado de Washington han demostrado que los carriles HOV no solo motivan a los viajeros a viajar juntos, si no que tambi\u00e9n demostraron que la mayor\u00eda de los usuarios de HOV volver\u00edan a conducir solos en la autopista si los carriles especiales permitieran que todos los usaran, creando m\u00e1s tr\u00e1fico para todos.<\/p>\n\n\n\n<p>El Departamento de Transporte del Estado de Washington (WSDOT:Washington State Department of Transportation) ofrece diferentes tipos de carriles HOV a lo largo de la Interestatal 5, la Interestatal 90, la Interestatal 405, la Ruta Estatal 16, la Ruta Estatal 167 y la Ruta Estatal 520.<\/p>\n\n\n\n<p>Los carriles HOV est\u00e1ndar generalmente est\u00e1n ubicados en los carriles interiores izquierdos y est\u00e1n etiquetados con se\u00f1ales a lo largo de la carretera con s\u00edmbolos de diamantes pintados en el pavimento. Estos carriles generalmente est\u00e1n separados de los dem\u00e1s en la autopista por una l\u00ednea blanca continua. El carril HOV requiere 2+ o 3+ personas por veh\u00edculo, dependiendo de la carretera y la hora del d\u00eda. Las motocicletas, as\u00ed como los veh\u00edculos de emergencia y policiales, tambi\u00e9n tienen derecho a utilizar los carriles HOV est\u00e1ndar.<\/p>\n\n\n\n<p>Los carriles de Peaje Express (ETL) y los carriles de peaje de alta ocupaci\u00f3n (HOT) son una forma de carril HOV que tambi\u00e9n pueden utilizar los conductores que no son HOV, y que optan por pagar un peaje para evitar el tr\u00e1fico. Si bien los dos tipos de carriles son muy similares, requieren que los conductores tengan un pase <a href=\"https:\/\/wsdot.wa.gov\/travel\/roads-bridges\/toll-roads-bridges-tunnels\" target=\"_blank\" rel=\"noopener\">\u00a1Good To Go!<\/a> en su veh\u00edculo para poder utilizar los beneficios de estos carriles especiales.<\/p>\n\n\n\n<p>Se han colocado nuevas se\u00f1ales a lo largo de varias carreteras de la regi\u00f3n para recordar el nuevo aumento de las multas que ahora enfrentar\u00e1n los infractores de los carriles HOV. Si bien es cierto, puede parecer una soluci\u00f3n inofensiva para evitar los atascos, usar indebidamente el carril HOV no vale la pena cuando vemos los riesgos de sufrir una infracci\u00f3n, entre otras consecuencias a largo plazo. Si bien las infracciones por HOV pueden ser dif\u00edciles de desestimar, con la ayuda de un abogado experto en infracciones de tr\u00e1nsito, las infracciones generalmente pueden reducirse a una infracci\u00f3n estacionaria.<\/p>\n\n\n\n<p>Nuestro galardonado bufete de abogados hace que todo el proceso sea lo m\u00e1s f\u00e1cil posible al ofrecer sesiones de estrategia por tel\u00e9fono, para que no tenga que preocuparse por acudir a una cita. Si recientemente le han emitido una multa por infracci\u00f3n de HOV en los condados de Pierce, King o Snohomish, <a href=\"https:\/\/mrticketfixer.com\/es\/contact\/\">\u00a1ll\u00e1menos<\/a>&nbsp;hoy para una consulta gratuita!<\/p>","protected":false},"excerpt":{"rendered":"<p>What Is A WA HOV Traffic Ticket? We all know the bad news without needing headlines to prove it: Western Washington traffic \u2013 and drivers \u2013 are among the nation\u2019s worst. For many of us, sitting in stop-and-go traffic is mind-numbing and infuriating. The latest studies offer a litany of proof. An insurance-industry ranking of [&hellip;]<\/p>\n","protected":false},"author":4,"featured_media":0,"parent":939,"menu_order":0,"comment_status":"closed","ping_status":"closed","template":"","meta":{"_acf_changed":false,"footnotes":""},"class_list":["post-1862","page","type-page","status-publish","hentry"],"acf":[],"_links":{"self":[{"href":"https:\/\/mrticketfixer.com\/es\/wp-json\/wp\/v2\/pages\/1862","targetHints":{"allow":["GET"]}}],"collection":[{"href":"https:\/\/mrticketfixer.com\/es\/wp-json\/wp\/v2\/pages"}],"about":[{"href":"https:\/\/mrticketfixer.com\/es\/wp-json\/wp\/v2\/types\/page"}],"author":[{"embeddable":true,"href":"https:\/\/mrticketfixer.com\/es\/wp-json\/wp\/v2\/users\/4"}],"replies":[{"embeddable":true,"href":"https:\/\/mrticketfixer.com\/es\/wp-json\/wp\/v2\/comments?post=1862"}],"version-history":[{"count":0,"href":"https:\/\/mrticketfixer.com\/es\/wp-json\/wp\/v2\/pages\/1862\/revisions"}],"up":[{"embeddable":true,"href":"https:\/\/mrticketfixer.com\/es\/wp-json\/wp\/v2\/pages\/939"}],"wp:attachment":[{"href":"https:\/\/mrticketfixer.com\/es\/wp-json\/wp\/v2\/media?parent=1862"}],"curies":[{"name":"wp","href":"https:\/\/api.w.org\/{rel}","templated":true}]}}