{"id":1864,"date":"2022-01-06T15:10:59","date_gmt":"2022-01-06T23:10:59","guid":{"rendered":"https:\/\/mrticketfixer.com\/?page_id=1864"},"modified":"2025-03-17T15:33:43","modified_gmt":"2025-03-17T22:33:43","slug":"getting-speeding-tickets-dismissed","status":"publish","type":"page","link":"https:\/\/mrticketfixer.com\/es\/traffic-tickets\/speeding-tickets\/getting-speeding-tickets-dismissed\/","title":{"rendered":"Defensas que NO funcionan"},"content":{"rendered":"<h2 class=\"wp-block-heading\" id=\"15-reasons-a-speeding-ticket-will-not-be-dismissed\">15 Razones por las que una Infracci\u00f3n por Exceso de Velocidad No Ser\u00e1 Desestimada<\/h2>\n\n\n\n<p>Como abogado de infracciones de transito en el estado de Washington, paso la mayor parte de mis d\u00edas luchando contra infracciones por velocidad&nbsp;<em>Infracciones por Velocidad<\/em>&nbsp;en los tribunales. La mayor\u00eda de los conductores hoy en d\u00eda no creen que haya razones leg\u00edtimas para que se desestime una infracci\u00f3n por exceso de velocidad. La verdad es que hay formas y razones exitosas para que se desestime una infracci\u00f3n por exceso de velocidad. Desafortunadamente, cuando los conductores deciden&nbsp;<a href=\"https:\/\/mrticketfixer.com\/es\/traffic-tickets\/how-to-fight-traffic-tickets\/contested-hearing\/\">pelear o impugnar<\/a>&nbsp;su multa por exceso de velocidad (sin un abogado especializado en multas de tr\u00e1fico), muchos utilizan los mismos argumentos fallidos en la corte.<\/p>\n\n\n\n<p>Una de las razones m\u00e1s comunes por las que se puede desestimar una multa por exceso de velocidad se basa en una tecnicidad probatoria. Estos tecnicismos giran en torno a la admisibilidad del resultado del dispositivo de medici\u00f3n de velocidad (SMD). El SMD es el dispositivo que los oficiales de polic\u00eda utilizan para medir su velocidad. En t\u00e9rminos sencillos, los abogados de multas de tr\u00e1nsito (como yo) se aseguran de que el oficial de polic\u00eda haya puesto todos los puntos sobre las \u00edes y cruzado todas las t\u00e9s. De lo contrario, argumentamos que el juez deber\u00eda excluir el resultado del SMD en la audiencia del cliente porque es poco confiable.<\/p>\n\n\n\n<h3 class=\"wp-block-heading\" id=\"don-t-use-any-of-these-defenses-if-you-want-to-beat-your-speeding-ticket\">\u00a1No uses ninguna de estas defensas si quieres ganar tu multa por exceso de velocidad!<\/h3>\n\n\n\n<ol class=\"wp-block-list\"><li><em>Encontrar errores en lo que el polic\u00eda escribi\u00f3 en la parte frontal de la multa (incluyendo que el polic\u00eda escriba informaci\u00f3n incorrecta, errores ortogr\u00e1ficos, etc.)<\/em>&nbsp;\u2013 En el estado de Washington, una infracci\u00f3n por exceso de velocidad no ser\u00e1 desestimada por alg\u00fan defecto menor, imperfecci\u00f3n u<a href=\"https:\/\/www.courts.wa.gov\/court_rules\/?fa=court_rules.display&amp;group=clj&amp;set=irlj&amp;ruleid=cljirlj3.1\" target=\"_blank\" rel=\"noopener\" data-cke-saved-href=\"https:\/\/www.courts.wa.gov\/court_rules\/?fa=court_rules.display&amp;group=clj&amp;set=irlj&amp;ruleid=cljirlj3.1\" data-cke-saved->&nbsp;omisi\u00f3n que no perjudique sustancialmente sus derechos a una audiencia justa.<\/a>Lo que significa que los errores menores en su boleta por parte del oficial no ser\u00e1n una de las razones por las que se pueda desestimar una infracci\u00f3n por exceso de velocidad.<\/li><li><em>Continuar Repetidamente Su Caso<\/em>&nbsp;\u2013 He tenido clientes potenciales que me han dicho que esta era su estrategia, con la esperanza de que el polic\u00eda no recuerde los detalles espec\u00edficos de su situaci\u00f3n. El problema es que, en el estado de Washington, los polic\u00edas no se presentan a tu audiencia (a menos que los cites). En su lugar, redactan un informe generalmente el mismo d\u00eda en que te detuvieron por exceso de velocidad, y el Tribunal se basar\u00e1 en esa declaraci\u00f3n. Estos informes no parecen olvidarse.<\/li><li><em>Confiar en el asesoramiento legal que usted encontr\u00f3 en Internet o en un foro de multas de tr\u00e1nsito \u2013<\/em>&nbsp;\u00bfSabe c\u00f3mo vencer tu infracci\u00f3n por exceso de velocidad? \u00a1Los abogados que escriben estos consejos en los foros que est\u00e1s leyendo tampoco saben! Estos expertos desde el sill\u00f3n probablemente no conocen las razones v\u00e1lidas por las que se puede desestimar una infracci\u00f3n por exceso de velocidad. Cada caso y cada tribunal son diferentes. Lo que \"supuestamente\" funcion\u00f3 para ellos probablemente no funcionar\u00e1 para usted.<\/li><li><em>No vio una se\u00f1al de l\u00edmite de velocidad o no sab\u00edas que el l\u00edmite de velocidad hab\u00eda cambiado<\/em>&nbsp;\u2013 Ese no es el problema del tribunal. \u00a1Es su problema! Esto podr\u00eda ser un factor atenuante (reducir el monto de su multa), pero esto no le exime de una infracci\u00f3n por exceso de velocidad. La ignorancia de la ley no es una excusa para romperla.<\/li><li><em>El oficial no te mostr\u00f3 el radar (o l\u00e1ser, etc.)&nbsp;<\/em>\u2013 Este est\u00e1 en el Monte Rushmore de las leyendas urbanas sobre las multas por exceso de velocidad. Los oficiales de polic\u00eda no est\u00e1n obligados a demostrarlo mostr\u00e1ndote sus pruebas. Ellos redactar\u00e1n una declaraci\u00f3n informando al Tribunal cu\u00e1l era su velocidad y, a menos que usted tenga algo (adem\u00e1s de su palabra) para demostrar lo contrario, esto probablemente ser\u00e1 suficiente para el Juez.<\/li><li><em>El polic\u00eda ten\u00eda mal su velocidad<\/em>&nbsp;\u2013 \"Su se\u00f1or\u00eda, el polic\u00eda dijo que iba 15 por encima, no hay manera de que iba tan r\u00e1pido, tal vez 5 por encima pero no 15\". Esto me mata, y lo triste es que la mayor\u00eda de la gente no se da cuenta de que acaba de perder al admitir que iba a exceso de velocidad. Est\u00e1s all\u00ed para que el Estado\/Ciudad demuestre que realmente estaba excediendo el l\u00edmite de velocidad, no ponga el \u00faltimo clavo en su ata\u00fad. \u00a1La admisi\u00f3n de culpabilidad no es una de las razones por las que se puede desestimar una multa por exceso de velocidad!<\/li><li><em>El polic\u00eda debe haber tomado la velocidad de otro veh\u00edculo.<\/em>&nbsp;\u00bfC\u00f3mo sabe eso? \u00bfCu\u00e1l es su prueba? Por un lado, la polic\u00eda present\u00f3 una declaraci\u00f3n jurada ante el Tribunal diciendo que est\u00e1 capacitado en el uso de SMD y que est\u00e1 100% seguro de que le atrap\u00f3 conduciendo a alta velocidad. Mientras que toda su evidencia es su palabra. Casi el 99.9% de las veces el juez se pondr\u00e1 del lado del oficial.<\/li><li><em>Iba con el flujo del tr\u00e1fico, \u00bfpor qu\u00e9 le detuvo?<\/em>&nbsp;- \u00a1Porque era su d\u00eda de mala suerte! Los polic\u00edas solo pueden detener a una persona a la vez.<\/li><li><em>Su veh\u00edculo no puede ir tan r\u00e1pido<\/em>&nbsp;\u2013 El problema aqu\u00ed es c\u00f3mo demuestra esa afirmaci\u00f3n al juez. No puede, porque al igual que en el caso #7, la prueba necesita ser m\u00e1s que su palabra.<\/li><li><em>El veloc\u00edmetro, piloto autom\u00e1tico o alg\u00fan otro aspecto de su coche estaba fallando<\/em>&nbsp;\u2013 Una vez m\u00e1s, este es su problema, no de los tribunales. Solo porque no supiera a qu\u00e9 velocidad iba no le exime de haber superado el l\u00edmite de velocidad.<\/li><li><em>Usted estaba conduciendo un veh\u00edculo nuevo o desconocido<\/em> \u2013 Las multas siguen al conductor\u2026 \u00a1NO al veh\u00edculo!<\/li><li><em>Tiene una licencia comercial (CDL) y perder\u00e1 su trabajo si recibe una infracci\u00f3n:<\/em>&nbsp;\u00a1Esta es la que m\u00e1s me ha sorprendido! Si conduce para ganarse la vida y su sustento depende de su CDL, \u00a1CONTRATE A UN ABOGADO DE INFRACCIONES DE TR\u00c1NSITO! Dependiendo de su historial,&nbsp;<a href=\"https:\/\/mrticketfixer.com\/es\/traffic-tickets\/\" data-cke-saved-href=\"https:\/\/mrticketfixer.com\/traffic-tickets\/\" data-cke-saved->su CDL puede ser descalificada<\/a>&nbsp;por una infracci\u00f3n de velocidad.<\/li><li><em>El polic\u00eda estaba escondido o estacionado en un lugar que cree que era ilegal<\/em>&nbsp;\u2013 No hay ninguna ley que requiera que sean visibles para usted en el estado de Washington. Los polic\u00edas tienen la autoridad legal para determinar qui\u00e9n estaba excediendo el l\u00edmite de velocidad mientras est\u00e1n sentados en cualquier lugar que deseen.<\/li><li><em>Estaba enfermo o conduciendo a alta velocidad por alguna otra raz\u00f3n sustancial<\/em>&nbsp;\u2013 No importa. El minuto en que admita en la corte que estaba excediendo la velocidad, \u00a1pierde! Este es un factor atenuante pero no una defensa para el exceso de velocidad.<\/li><li><em>Tiene un historial de conducci\u00f3n limpio, eso deber\u00eda ayudar<\/em>&nbsp;\u2013 Incorrecto. Los jueces est\u00e1n all\u00ed para examinar el caso en cuesti\u00f3n. De hecho, su historial no deber\u00eda tener nada que ver con el resultado de su caso. Dicho esto, por favor, tenga en cuenta que cuando se presente ante el Juez, ellos estar\u00e1n revisando su historial. Toda infracci\u00f3n que usted haya recibido en todo el estado de Washington est\u00e1 en la pantalla de la computadora justo frente a ellos. Por favor, h\u00e1gase un favor y no pierda su credibilidad diciendo que tiene un buen historial de conducci\u00f3n si ha recibido infracciones en el pasado.<\/li><\/ol>\n\n\n\n<p>Si quiere ganar su infracci\u00f3n por exceso de velocidad en Tacoma, WA o en toda el \u00e1rea del Puget Sound y estaba planeando usar una de las defensas mencionadas anteriormente,&nbsp;<a href=\"https:\/\/mrticketfixer.com\/es\/contact-us\/\" data-cke-saved-href=\"https:\/\/mrticketfixer.com\/contact\/\">\u00a1cont\u00e1ctenos hoy!<\/a>Estamos encantados de ofrecer una consulta telef\u00f3nica inicial gratuita sobre sus opciones.<\/p>","protected":false},"excerpt":{"rendered":"<p>15 Reasons A Speeding Ticket Will Not Be Dismissed As a Washington State Traffic Ticket Attorney, I spend the majority of my days fighting&nbsp;Speeding Tickets&nbsp;in Court. Most drivers today don\u2019t believe there are legitimate reasons a speeding ticket can be dismissed. The truth is there are successful ways and reasons a speeding ticket can be [&hellip;]<\/p>\n","protected":false},"author":4,"featured_media":0,"parent":1857,"menu_order":0,"comment_status":"closed","ping_status":"closed","template":"","meta":{"_acf_changed":false,"footnotes":""},"class_list":["post-1864","page","type-page","status-publish","hentry"],"acf":[],"_links":{"self":[{"href":"https:\/\/mrticketfixer.com\/es\/wp-json\/wp\/v2\/pages\/1864","targetHints":{"allow":["GET"]}}],"collection":[{"href":"https:\/\/mrticketfixer.com\/es\/wp-json\/wp\/v2\/pages"}],"about":[{"href":"https:\/\/mrticketfixer.com\/es\/wp-json\/wp\/v2\/types\/page"}],"author":[{"embeddable":true,"href":"https:\/\/mrticketfixer.com\/es\/wp-json\/wp\/v2\/users\/4"}],"replies":[{"embeddable":true,"href":"https:\/\/mrticketfixer.com\/es\/wp-json\/wp\/v2\/comments?post=1864"}],"version-history":[{"count":0,"href":"https:\/\/mrticketfixer.com\/es\/wp-json\/wp\/v2\/pages\/1864\/revisions"}],"up":[{"embeddable":true,"href":"https:\/\/mrticketfixer.com\/es\/wp-json\/wp\/v2\/pages\/1857"}],"wp:attachment":[{"href":"https:\/\/mrticketfixer.com\/es\/wp-json\/wp\/v2\/media?parent=1864"}],"curies":[{"name":"wp","href":"https:\/\/api.w.org\/{rel}","templated":true}]}}