{"id":1866,"date":"2022-01-06T15:16:42","date_gmt":"2022-01-06T23:16:42","guid":{"rendered":"https:\/\/mrticketfixer.com\/?page_id=1866"},"modified":"2025-03-17T15:38:34","modified_gmt":"2025-03-17T22:38:34","slug":"contested-hearing","status":"publish","type":"page","link":"https:\/\/mrticketfixer.com\/es\/traffic-tickets\/how-to-fight-traffic-tickets\/contested-hearing\/","title":{"rendered":"Audiencias Impugnadas por Infracciones de Tr\u00e1nsito"},"content":{"rendered":"<h2 class=\"wp-block-heading\" id=\"what-to-expect-at-a-contested-hearing-for-a-traffic-ticket\">Qu\u00e9 Esperar en una Audiencia Impugnada (donde se exige la anulaci\u00f3n de cargos) por Una Infracci\u00f3n de Tr\u00e1nsito<\/h2>\n\n\n\n<p>A medida que continuamos en nuestra serie enfoc\u00e1ndonos en las diversas formas en que puede responder a una infracci\u00f3n de tr\u00e1nsito en el estado de Washington, quer\u00edamos abordar algunas preguntas comunes relacionadas con la elecci\u00f3n de una&nbsp;<i>Audiencia Impugnada para Una Infracci\u00f3n de Tr\u00e1nsito<\/i>. Si decide luchar contra su infracci\u00f3n, puede haber muchas cosas que considerar y el proceso a menudo puede resultar un poco confuso, especialmente si no est\u00e1 familiarizado con los procedimientos judiciales generales. Eche un vistazo a algunas de nuestras recomendaciones y respuestas a preguntas frecuentes relacionadas con una audiencia impugnada por su infracci\u00f3n de tr\u00e1nsito a continuaci\u00f3n.<\/p>\n\n\n\n<h4 class=\"wp-block-heading\" id=\"what-is-a-contested-hearing-for-a-traffic-ticket\">\u00bfQu\u00e9 es una audiencia impugnada por una infracci\u00f3n de tr\u00e1nsito?<\/h4>\n\n\n\n<p>Primero lo primero, \u00bfqu\u00e9 es una&nbsp;<i>Audiencia Impugnada (Anulaci\u00f3n de Cargos) en lugar de una audiencia de mitigaci\u00f3n.<\/i>&nbsp;y qu\u00e9 significa? Si decide impugnar la infracci\u00f3n de tr\u00e1nsito por la que fue citado, est\u00e1 eligiendo luchar contra los cargos y est\u00e1 tratando de demostrar ante el tribunal que no fue culpable de cometer la infracci\u00f3n tal como se le acus\u00f3. Seleccionar una audiencia impugnada es el camino a seguir si est\u00e1 tratando de evitar que la infracci\u00f3n se convierta en parte de su historial de conducci\u00f3n o resumen en su historial de conducci\u00f3n y, posteriormente, afecte las tasas de su seguro.<\/p>\n\n\n\n<p>Como mencionamos en nuestra publicaci\u00f3n anterior, elegir una&nbsp;<a href=\"https:\/\/mrticketfixer.com\/es\/traffic-tickets\/how-to-fight-traffic-tickets\/mitigation-hearing\/\" data-cke-saved-href=\"https:\/\/mrticketfixer.com\/traffic-tickets\/how-to-fight-traffic-tickets\/mitigation-hearing\/\">audiencia de mitigaci\u00f3n&nbsp;<\/a>no le proporciona la audiencia correcta para impugnar o pelear la infracci\u00f3n. Si selecciona una audiencia de mitigaci\u00f3n, acepta que cometi\u00f3 la infracci\u00f3n, pero solicita una oportunidad para explicar las circunstancias al tribunal. S\u00f3lo una audiencia impugnada le brindar\u00e1 el entorno adecuado para luchar contra los cargos por los que fue citado en una infracci\u00f3n de tr\u00e1nsito.<\/p>\n\n\n\n<h4 class=\"wp-block-heading\" id=\"i-sent-in-my-ticket-requesting-a-contested-hearing-now-what\">Envi\u00e9 mi infracci\u00f3n solicitando una audiencia impugnada, \u00bfy ahora qu\u00e9?<\/h4>\n\n\n\n<p>Despu\u00e9s de enviar la infracci\u00f3n para solicitar una audiencia impugnada, el tribunal programar\u00e1 una fecha para la audiencia. Cada tribunal es diferente en cuanto a la rapidez con la que programar\u00e1n la audiencia de su caso. Algunos tribunales, como el\u00a0<a href=\"https:\/\/mrticketfixer.com\/es\/wa-state-courts\/pierce-county\/pierce-county-district-court\/\" target=\"_blank\" data-type=\"wa-state-courts\" data-id=\"2786\" rel=\"noreferrer noopener\">Tribunal de Distrito del Condado de Pierce<\/a>\u00a0programar\u00e1n su audiencia muy r\u00e1pidamente, normalmente entre 30 y 45 d\u00edas. Sin embargo, otros tribunales, como el Tribunal de Distrito del Condado de Thurston, suelen programar las audiencias a un ritmo mucho m\u00e1s lento, normalmente en un plazo de 90 d\u00edas.<\/p>\n\n\n\n<p>Es importante tener en cuenta que tiene derecho a un juicio r\u00e1pido, lo que significa que el tribunal debe programar su audiencia dentro de los 120 d\u00edas posteriores a la infracci\u00f3n. Esto es requerido por<a href=\"https:\/\/www.courts.wa.gov\/court_rules\/?fa=court_rules.display&amp;group=clj&amp;set=IRLJ&amp;ruleid=cljirlj2.6\" target=\"_blank\" rel=\"noopener\" data-cke-saved-href=\"https:\/\/www.courts.wa.gov\/court_rules\/?fa=court_rules.display&amp;group=clj&amp;set=IRLJ&amp;ruleid=cljirlj2.6\" data-cke-saved->&nbsp;IRLJ 2.6(a)(1).&nbsp;<\/a>El tribunal le enviar\u00e1 por correo un aviso de la fecha de la audiencia a la direcci\u00f3n que escribi\u00f3 en la infracci\u00f3n cuando se la envi\u00f3 por correo, as\u00ed que est\u00e9 atento. \u00a1No querr\u00e1 perderte la fecha de su audiencia en la corte!<\/p>\n\n\n\n<h4 class=\"wp-block-heading\" id=\"can-i-reschedule-court-date\">\u00bfPuedo reprogramar la fecha de la corte?<\/h4>\n\n\n\n<p>S\u00ed, normalmente es posible solicitar una pr\u00f3rroga \u00fanica de la fecha de la audiencia judicial. La mayor\u00eda de los tribunales est\u00e1n dispuestos a reprogramar la fecha si usted los solicita dentro de un plazo razonable. Puede llamar, ir al tribunal o enviar una solicitud por correo para obtener una nueva fecha. Le sugerimos solicitar una nueva fecha de audiencia tan pronto como sepa que no estuvo disponible para la fecha original. Si espera hasta el \u00faltimo minuto, como el d\u00eda de la audiencia, es posible que no se conceda su solicitud.<\/p>\n\n\n\n<p>Algunos tribunales, como el&nbsp;<a href=\"https:\/\/www.seattle.gov\/courts\/tickets-and-payments\/frequently-asked-questions\" target=\"_blank\" rel=\"noopener\">Tribunal Municipal de Seattle<\/a>&nbsp;exigen que se presente una solicitud al menos dos semanas antes de la fecha de la audiencia. \u00a1Cuanto antes pueda comunicarse con el tribunal para solicitar una nueva fecha, mejor! Por lo general, la mayor\u00eda de los tribunales solo permitir\u00e1n aplazar la fecha de la audiencia una vez. Si tiene que solicitar continuamente una nueva fecha de audiencia m\u00e1s de una vez, el tribunal puede optar por no atender sus solicitudes.<\/p>\n\n\n\n<h4 class=\"wp-block-heading\" id=\"what-happens-if-i-miss-my-scheduled-court-date\">\u00bfQu\u00e9 sucede si pierdo mi fecha programada para la audiencia en la corte?<\/h4>\n\n\n\n<p>Si no asiste a su fecha programada para la audiencia, el tribunal impondr\u00e1 algunas consecuencias adicionales. Primero, la mayor\u00eda de los tribunales agregar\u00e1n un cargo por pago atrasado de $52 a la infracci\u00f3n por multa. En segundo lugar, la infracci\u00f3n se considerar\u00e1 cometida. En tercer lugar, el tribunal emitir\u00e1 un FTA\/FTR, que significa No comparecer\/No responder. Cuando se emite un FTA\/FTR, el tribunal env\u00eda una notificaci\u00f3n al Departamento de Licencias y se iniciar\u00e1 un proceso para suspender su licencia de conducir.<\/p>\n\n\n\n<p>Adem\u00e1s, si el  No Comparecer\/ No Responder (FTA\/FTR) no se aborda dentro de unos d\u00edas de la audiencia judicial perdida, el tribunal tambi\u00e9n enviar\u00e1 el saldo adeudado (la infracci\u00f3n por multa + el cargo por pago atrasado) a cobranza. El Departamento de Licencias enviar\u00e1 una carta a la direcci\u00f3n que usted registr\u00f3 con ellos (generalmente la direcci\u00f3n que figura en su licencia de conducir, a menos que la haya actualizado) inform\u00e1ndole de la fecha de suspensi\u00f3n de la licencia pendiente. Por lo general, la fecha de suspensi\u00f3n de la licencia pendiente ser\u00e1 de 30 a 60 d\u00edas a partir de la fecha de la audiencia judicial perdida.<\/p>\n\n\n\n<h4 class=\"wp-block-heading\" id=\"what-should-i-wear-to-my-hearing\">\u00bfC\u00f3mo debo vestirme para mi audiencia?<\/h4>\n\n\n\n<p>Ser\u00eda bueno vestirse con vestimenta profesional cuando asista a su audiencia en la corte. Para los hombres, un traje o pantalones de vestir y una camisa bonita y limpia con botones y corbata es una buena opci\u00f3n. Para las mujeres, se prefiere vestimenta profesional o informal de negocios. Si no tiene traje o vestimenta informal de negocios, est\u00e1 bien, pero, trate de evitar usar pantalones cortos, jeans, camisetas sin mangas o ropa con logotipos o gr\u00e1ficos. Una camisa sencilla y pantalones de vestir son una buena opci\u00f3n para hombres o mujeres si no tienes un traje para usar en la corte.<\/p>\n\n\n\n<h4 class=\"wp-block-heading\" id=\"what-will-happen-when-i-arrive-for-my-hearing\">\u00bfQu\u00e9 pasar\u00e1 cuando llegue a mi audiencia?<\/h4>\n\n\n\n<p>Cuando llegue, ingresar\u00e1 a la sala del tribunal con todos los dem\u00e1s acusados \u200b\u200bque est\u00e1n programados en el expediente (palabra legal para calendario) ese d\u00eda. Todas las audiencias de esa sala del tribunal y del juez en particular se programan para la misma hora, y el juez convoca cada caso en el orden que considere oportuno. Eso significa que si su audiencia est\u00e1 programada para las 9:00 a. m., es posible que no lo llamen a las 9:00 a. m. Simplemente, depende de d\u00f3nde se encuentre en el orden del expediente.<\/p>\n\n\n\n<p>Por lo general, el juez o el asistente judicial presente pasar\u00e1 lista antes de que se escuche cualquier caso. Cuando se llame su nombre, simplemente indique que est\u00e1 presente para que el tribunal pueda tomar nota de ello. Cuando el juez llame a su caso, se dirigir\u00e1 al frente de la sala del tribunal. Si no es el primer caso llamado, tendr\u00e1 que esperar en la sala del tribunal hasta que el juez diga su nombre.<\/p>\n\n\n\n<p>Si el expediente es corto para el d\u00eda de su audiencia, es posible que no tenga que esperar mucho. Sin embargo, si hay una gran cantidad de casos en el expediente, es posible que deba esperar bastante tiempo. Algunos de los tribunales municipales m\u00e1s peque\u00f1os tienden a celebrar audiencias solo uno o dos d\u00edas al mes, por lo que puede haber una gran cantidad de casos que abordar ese d\u00eda. Est\u00e9 preparado para esperar su turno; es poco probable que su estancia en el tribunal dure una hora o menos de una hora. Planifique el resto de su agenda del d\u00eda, en consecuencia, para no tener prisa.<\/p>\n\n\n\n<h4 class=\"wp-block-heading\" id=\"will-the-officer-be-there\">\u00bfEstar\u00e1 el oficial all\u00ed?<\/h4>\n\n\n\n<p>A menos que el fiscal o usted haya solicitado espec\u00edficamente que el oficial est\u00e9 presente en la audiencia mediante una citaci\u00f3n, es poco probable que est\u00e9 presente. Si desea que el oficial est\u00e9 presente en la audiencia, se le debe emitir una citaci\u00f3n oficial al menos siete d\u00edas antes de la audiencia. En algunos casos, el fiscal puede optar por citar al oficial sin notific\u00e1rselo. Por lo general, esto se debe a que beneficiar\u00e1 su versi\u00f3n del argumento en el tribunal. Sin embargo, para la mayor\u00eda de las infracciones menores, sin circunstancias atenuantes, es poco probable que el oficial est\u00e9 presente.<\/p>\n\n\n\n<h4 class=\"wp-block-heading\" id=\"if-the-officer-does-not-show-do-i-get-my-ticket-dismissed\">Si el oficial no se presenta, \u00bfme anulan la infracci\u00f3n?<\/h4>\n\n\n\n<p>Esto es algo que a menudo confunde a mucha gente. Aqu\u00ed hay dos escenarios posibles, y con uno de ellos, s\u00ed, hay muchas posibilidades de que su infracci\u00f3n sea anulada. Si cita adecuadamente al oficial y \u00e9l\/ella no asiste a la audiencia, Y no tiene una excusa razonable para no asistir, entonces su caso puede ser anulado con una solicitud adecuada al tribunal. Depende del juez determinar si la excusa del oficial para faltar a la audiencia es razonable o no. Si el oficial no puede asistir a la audiencia, se podr\u00e1 reprogramar para adaptarla a su horario.<\/p>\n\n\n\n<p>Es importante tener en cuenta que para obtener una anulaci\u00f3n de cargos de la infracci\u00f3n basada \u00fanicamente en el hecho de que el oficial no se present\u00f3 (y no ten\u00eda excusa razonable para no hacerlo),  previamente se le debe haber entregado una citaci\u00f3n oficial y adecuada. Como se mencion\u00f3 anteriormente, a menos que el oficial sea citado, no est\u00e1 obligado a estar presente en la audiencia. Por lo tanto, si no se emiti\u00f3 ninguna citaci\u00f3n y el funcionario no asiste a la audiencia, entonces no habr\u00eda motivo para una nulidad basada \u00fanicamente en eso.<\/p>\n\n\n\n<h4 class=\"wp-block-heading\" id=\"will-the-prosecutor-be-there\">\u00bfEstar\u00e1 el fiscal?<\/h4>\n\n\n\n<p>En el estado de Washington, los fiscales no est\u00e1n obligados a estar presentes en una audiencia de impugnaci\u00f3n por una infracci\u00f3n de tr\u00e1nsito. Algunos fiscales han optado por estar presentes en estas audiencias, mientras que otros no. Cada tribunal es diferente. En los tribunales donde no hay fiscal, usted presentar\u00eda su caso directamente ante el juez. Sin embargo, la mayor\u00eda de los tribunales en el \u00e1rea metropolitana de Puget Sound tienen un fiscal para los casos de infracci\u00f3n. Sin embargo, \u00e9l\/ella puede estar presente o no dependiendo de c\u00f3mo el tribunal maneje su calendario.<\/p>\n\n\n\n<p>Algunos tribunales solo optan por programar los casos de infracci\u00f3n en fechas en las que estar\u00e1 presente un fiscal si el acusado ha contratado a un abogado para que lo represente. Si el acusado est\u00e1 manejando el caso por su cuenta (prosa), el tribunal puede optar por programar la audiencia para una fecha en la que el fiscal no estar\u00e1 presente. Aun as\u00ed, en otros tribunales, el fiscal est\u00e1 presente en todos los casos de infracci\u00f3n, independientemente de si un abogado representar\u00e1 al acusado o no.<\/p>\n\n\n\n<h4 class=\"wp-block-heading\" id=\"the-judge-called-my-case-what-do-i-do\">El juez llam\u00f3 mi caso, \u00bfqu\u00e9 hago?<\/h4>\n\n\n\n<p>Cuando el juez llame a su caso, se dirigir\u00e1 al frente de la sala del tribunal y se sentar\u00e1 en la mesa que est\u00e1 instalada al frente de la sala. Una vez que el juez verifique su nombre e informaci\u00f3n de contacto, tendr\u00e1 la oportunidad de presentar cualquier moci\u00f3n para suprimir pruebas y posteriormente compartir sus argumentos contra el cargo de infracci\u00f3n de tr\u00e1nsito en su contra.<\/p>\n\n\n\n<p>Una cosa que debe tener en cuenta cuando presenta argumentos es que al juez y al fiscal les preocupan los hechos del caso, no la informaci\u00f3n de fondo o el razonamiento relacionado con por qu\u00e9 estaba haciendo lo que estaba haciendo. Por ejemplo, el juez y\/o el fiscal no estar\u00e1n interesados \u200b\u200ben escuchar sus declaraciones sobre el hecho de que otros autom\u00f3viles en el carril r\u00e1pido tambi\u00e9n estaban acelerando y usted simplemente estaba siguiendo el flujo del tr\u00e1fico. Trate de mantener sus argumentos relacionados con los hechos del caso y sea siempre educado y cort\u00e9s cuando hable con el juez y\/o el fiscal asignado.<\/p>\n\n\n\n<h4 class=\"wp-block-heading\" id=\"the-prosecutor-is-asking-me-questions-at-my-contested-hearing-do-i-have-to-answer\">El fiscal me hace preguntas en mi audiencia impugnada. \u00bfTengo que responderlas?<\/h4>\n\n\n\n<p>Si el fiscal ha elegido estar presente en su audiencia impugnada por una infracci\u00f3n de tr\u00e1nsito, puede llamarlo como testigo y hacerle preguntas sobre su infracci\u00f3n de tr\u00e1nsito. Ahora quiz\u00e1s est\u00e9s pensando, \u00bfpor qu\u00e9 no puedo simplemente alegar a la Quinta Enmienda? Sin embargo, dado que se trata de un caso civil, no criminal, no tiene el derecho de la Quinta Enmienda a permanecer en silencio. Este derecho puede estar disponible en circunstancias limitadas, pero en gran medida no se aplicar\u00e1 en la mayor\u00eda de los casos de infracciones de tr\u00e1nsito.<\/p>\n\n\n\n<p>Por lo tanto, dependiendo de su caso, prep\u00e1rese para responder preguntas como: \u00bfA qu\u00e9 velocidad iba ese d\u00eda? \u00bfDe qu\u00e9 color era la luz cuando entr\u00f3 a la intersecci\u00f3n?<\/p>\n\n\n\n<h4 class=\"wp-block-heading\" id=\"the-judge-is-about-to-make-a-decision-what-is-the-burden-of-proof\">El juez est\u00e1 a punto de tomar una decisi\u00f3n. \u00bfCu\u00e1l es la carga de la prueba?<\/h4>\n\n\n\n<p>Esta es otra \u00e1rea de confusi\u00f3n para la mayor\u00eda de la gente. Si bien a menudo se escucha que se presume que un acusado es inocente hasta que se demuestre su culpabilidad m\u00e1s all\u00e1 de toda duda razonable, ese no es el caso con las infracciones de tr\u00e1nsito. En cambio, debe establecerse una preponderancia de las pruebas para determinar que se ha cometido una infracci\u00f3n. Eso significa que s\u00f3lo el 51% de la evidencia indica que era m\u00e1s probable que el acusado hubiera cometido la infracci\u00f3n para que el juez fallara en su contra.<\/p>\n\n\n\n<p>En otras palabras, la mayor\u00eda de las pruebas proporcionadas (por usted, la ciudad, el fiscal, el oficial y cualquier otra parte involucrada) respaldan el hecho de que el acusado, de hecho, cometi\u00f3 la infracci\u00f3n. Si no puede proporcionar pruebas suficientes para respaldar el hecho de que no cometi\u00f3 la infracci\u00f3n tal como se le imput\u00f3, es probable que se considere que la infracci\u00f3n se ha cometido.<\/p>\n\n\n\n<h4 class=\"wp-block-heading\" id=\"i-lost-my-contested-hearing-for-a-traffic-ticket-now-what\">Perd\u00ed mi audiencia impugnada por una infracci\u00f3n de tr\u00e1nsito... \u00bfY ahora qu\u00e9?<\/h4>\n\n\n\n<p>Si pierde su audiencia, se le exigir\u00e1 que pague la multa por la infracci\u00f3n y se considerar\u00e1 cometida la infracci\u00f3n. Por lo general, la mayor\u00eda de los tribunales le dan al acusado entre 30 y 60 d\u00edas o m\u00e1s para hacerse cargo del pago de la multa. Adem\u00e1s, algunos tribunales le permitir\u00e1n establecer un plan de pago para que pueda realizar pagos a lo largo del tiempo hasta pagar el saldo en su totalidad. Aseg\u00farese de preguntar sobre esto en el momento de la audiencia si cree que no podr\u00e1 pagar el monto total dentro del plazo asignado.<\/p>\n\n\n\n<p>Una vez que se determine que se ha cometido la infracci\u00f3n, se informar\u00e1 al Departamento de Licencias y la infracci\u00f3n pasar\u00e1 a formar parte del resumen de su historial de conducci\u00f3n.<\/p>\n\n\n\n<p>Adem\u00e1s, una vez que se informa una infracci\u00f3n al Departamento de Licencias, esta se vuelve visible y est\u00e1 disponible para las compa\u00f1\u00edas de seguros. La mayor\u00eda de las compa\u00f1\u00edas de seguros aumentar\u00e1n sus tasas despu\u00e9s de que se descubra que se ha cometido una infracci\u00f3n o se designe un accidente en su historial de manejo.&nbsp;<u>Incluso una infracci\u00f3n menor por exceso de velocidad&nbsp;<\/u><u>of<\/u><u>&nbsp;de solo 5 millas por hora por encima del<\/u>&nbsp;l\u00edmite podr\u00eda resultar en un aumento significativo en sus primas de seguro, especialmente teniendo en cuenta el hecho de que las infracciones cometidas permanecen en su historial de manejo durante tres a\u00f1os en el estado de Washington.<\/p>\n\n\n\n<h3 class=\"wp-block-heading\" id=\"can-i-hire-a-traffic-ticket-lawyer-to-do-this-for-me\">\u00bfPuedo contratar a un abogado especializado en infracciones de tr\u00e1nsito para que haga esto por m\u00ed?<\/h3>\n\n\n\n<p>\u00a1Absolutamente! Honestamente, creemos que es la mejor opci\u00f3n para la mayor\u00eda de los acusados \u200b\u200bque enfrentan una infracci\u00f3n de tr\u00e1nsito. Si contrata a un abogado local de infracciones de tr\u00e1nsito, como nosotros, no tendr\u00e1 que asistir a la audiencia judicial de su caso. El abogado estar\u00e1 presente en su nombre y no se necesitar\u00e1 de su asistencia al tribunal. No tendr\u00e1s que preocuparte por ausentarte del trabajo ni por lo que le dir\u00e1s al Juez cuando llamen tu caso porque no tendr\u00e1s que asistir. Le quitamos el estr\u00e9s de la comparecencia ante el tribunal para que pueda concentrarse en cosas m\u00e1s importantes.<\/p>\n\n\n\n<p>Tenemos a\u00f1os de experiencia lidiando con casos de infracciones de tr\u00e1nsito en docenas de tribunales en todo Washington. Entendemos los procedimientos de los diferentes tribunales en los que ejercemos y sabemos c\u00f3mo utilizar ese conocimiento a su favor en cada caso. Tambi\u00e9n tenemos relaciones positivas y duraderas con los fiscales y jueces de cada tribunal. Esto nos permite tener un nivel de \u00e9xito mucho mayor que aquellos que optan por defenderse en los tribunales.<\/p>\n\n\n\n<p>Nuestra tasa general de \u00e9xito para mantener las infracciones de tr\u00e1nsito fuera del historial del conductor es superior al 98% y nuestra experiencia no tiene comparaci\u00f3n con la mayor\u00eda en el \u00e1rea circundante. Si recientemente ha sido citado por una multa de tr\u00e1nsito de Pierce, King, Kitsap, Thurston, Lewis o Snohomish y prefiere que lo represente un abogado en lugar de ocuparse del caso usted mismo, ll\u00e1menos. \u00a1Esperamos poder servirle pronto!<\/p>","protected":false},"excerpt":{"rendered":"<p>What to Expect at a Contested Hearing for a Traffic Ticket As we continue in our series focusing on the various ways you can respond to a traffic ticket in Washington state, we wanted to address some common questions related to choosing a&nbsp;Contested Hearing For A Traffic Ticket. If you decide to fight your infraction [&hellip;]<\/p>\n","protected":false},"author":4,"featured_media":0,"parent":1355,"menu_order":0,"comment_status":"closed","ping_status":"closed","template":"","meta":{"_acf_changed":false,"footnotes":""},"class_list":["post-1866","page","type-page","status-publish","hentry"],"acf":[],"_links":{"self":[{"href":"https:\/\/mrticketfixer.com\/es\/wp-json\/wp\/v2\/pages\/1866","targetHints":{"allow":["GET"]}}],"collection":[{"href":"https:\/\/mrticketfixer.com\/es\/wp-json\/wp\/v2\/pages"}],"about":[{"href":"https:\/\/mrticketfixer.com\/es\/wp-json\/wp\/v2\/types\/page"}],"author":[{"embeddable":true,"href":"https:\/\/mrticketfixer.com\/es\/wp-json\/wp\/v2\/users\/4"}],"replies":[{"embeddable":true,"href":"https:\/\/mrticketfixer.com\/es\/wp-json\/wp\/v2\/comments?post=1866"}],"version-history":[{"count":0,"href":"https:\/\/mrticketfixer.com\/es\/wp-json\/wp\/v2\/pages\/1866\/revisions"}],"up":[{"embeddable":true,"href":"https:\/\/mrticketfixer.com\/es\/wp-json\/wp\/v2\/pages\/1355"}],"wp:attachment":[{"href":"https:\/\/mrticketfixer.com\/es\/wp-json\/wp\/v2\/media?parent=1866"}],"curies":[{"name":"wp","href":"https:\/\/api.w.org\/{rel}","templated":true}]}}