{"id":1871,"date":"2022-01-06T15:25:43","date_gmt":"2022-01-06T23:25:43","guid":{"rendered":"https:\/\/mrticketfixer.com\/?page_id=1871"},"modified":"2024-12-21T10:36:01","modified_gmt":"2024-12-21T18:36:01","slug":"dui-and-company-cars","status":"publish","type":"page","link":"https:\/\/mrticketfixer.com\/es\/criminal-defense\/dui-defense\/dui-and-company-cars\/","title":{"rendered":"DUI While Driving a Company Car"},"content":{"rendered":"<p>Recibir un cargo de DWI (Conducir Mientras Est\u00e1 Intoxicado)\/ DUI (Conducir Bajo la Influencia) puede ser un momento incre\u00edblemente estresante, tanto para los infractores primerizos como para los reincidentes, ya que conlleva graves ramificaciones legales. Recibir un DWI (Conducir Mientras Est\u00e1 Intoxicado) mientras conduce un autom\u00f3vil de empresa simplemente tiene consecuencias en m\u00faltiples frentes.<\/p>\n\n\n\n<p>Comencemos con las consecuencias para la empresa.<\/p>\n\n\n\n<p>En una situaci\u00f3n de DWI\/DUI que involucra un autom\u00f3vil de la empresa, la empresa en cuesti\u00f3n se reserva el derecho de determinar su propia serie de consecuencias o cursos de acci\u00f3n para el empleado. Generalmente, la pol\u00edtica de la empresa respecto a este escenario suele encontrarse en el manual del empleado o contrato laboral, y habr\u00e1 sido firmada por el empleado antes de comenzar a conducir su veh\u00edculo de empresa.<\/p>\n\n\n\n<p>Como empleador, es importante trabajar tanto con un abogado comercial como con un abogado de DWI o DUI, para establecer el c\u00f3digo de conducta adecuado y garantizar que dichos c\u00f3digos est\u00e9n redactados correctamente en el contrato del empleado. Adem\u00e1s, desea estar absolutamente seguro de que tiene derecho a tomar cualquier acci\u00f3n que considere adecuada contra un empleado acusado de DWI (Conducir Mientras Est\u00e1 Intoxicado)\/ DUI (Conducir Bajo la Influencia) , y que dicha acci\u00f3n es en el mejor inter\u00e9s de su negocio, independientemente de si ese negocio es una Compa\u00f1\u00eda de Responsabilidad Limitada (LLC), Sociedad o Corporaci\u00f3n.<\/p>\n\n\n\n<p>Es importante que sus empleados que conducen veh\u00edculos de la empresa comprendan sus derechos en caso de DWI (Conducir Mientras Est\u00e1 Intoxicado)\/ DUI (Conducir Bajo la Influencia) , as\u00ed como sus derechos como empleador, para aplicar las consecuencias de la manera que considere apropiada. Si un empleado recibe un cargo de DWI\/DUI mientras conduce un autom\u00f3vil de la empresa, hay algunas acciones que la empresa puede tomar. La m\u00e1s obvia, por supuesto, es el cese inmediato del empleo. M\u00e1s all\u00e1 del despido, los empleadores pueden cambiar el alcance de la descripci\u00f3n del trabajo, as\u00ed como suspender su derecho a conducir un veh\u00edculo de la empresa durante un per\u00edodo de tiempo determinado. Si opta por la \u00faltima opci\u00f3n, es importante contar con un sistema preestablecido; el primer DWI resulta en una suspensi\u00f3n, el segundo DWI resulta en el despido.<\/p>\n\n\n\n<p>M\u00e1s all\u00e1 de las consecuencias para la empresa, existen ciertas consecuencias legales <a href=\"https:\/\/alcohol.org\/dui\/\" target=\"_blank\" rel=\"noopener\">Inevitables por un DWI (Conducir Mientras Est\u00e1 Intoxicado).<\/a>Los detalles depender\u00e1n de d\u00f3nde ocurre el DWI (Conducir Mientras Est\u00e1 Intoxicado), ya que cada estado tiene leyes variadas sobre la conducci\u00f3n bajo los efectos del alcohol. Es probable que le suspendan la licencia por un per\u00edodo de tiempo. La cantidad de tiempo que debe permanecer despojado de una licencia depender\u00e1 de cu\u00e1ntas condenas por DWI (Conducir Mientras Est\u00e1 Intoxicado) tenga o de la gravedad del cargo. La primera condena podr\u00eda resultar en una suspensi\u00f3n de treinta d\u00edas, la segunda, una suspensi\u00f3n de seis meses, y as\u00ed sucesivamente, hasta que su licencia sea revocada indefinidamente.<\/p>\n\n\n\n<p>La pena de c\u00e1rcel tampoco es imposible, y esto depender\u00e1 de cu\u00e1ntas condenas anteriores haya tenido. Nuevamente, las leyes estatales o municipales variar\u00e1n seg\u00fan sus consecuencias legales espec\u00edficas; algunos estados pueden ser completamente m\u00e1s severos con un infractor por primera vez que otros estados.<\/p>\n\n\n\n<p>El tipo de licencia que tenga el empleado condenado tambi\u00e9n influye en las consecuencias legales.<\/p>\n\n\n\n<p>Los dos tipos de licencias a los que nos referimos aqu\u00ed son una Licencia Personal versus una Licencia Comercial. Una CDL (Licencia Comercial de Manejo)  es una licencia de conducir comercial y requiere capacitaci\u00f3n y ex\u00e1menes federales. El Departamento de Transporte regula las CDLs (Licencias Comerciales de Manejo) . Una CDL ser\u00e1 utilizada por personas que conduzcan camiones grandes, como autobuses, gr\u00faas y semirremolques.<\/p>\n\n\n\n<p>Si un conductor recibe un DWI (Conducir Mientras Est\u00e1 Intoxicado) mientras tiene una CDL (Licencia Comercial de Manejo) , enfrentar\u00e1 consecuencias federales, as\u00ed como las del estado y su empresa. La ley federal exige que una persona que conduce con una CDL (Licencia Comercial de Manejo)  y recibe una Infracci\u00f3n por DWI (Conducir Mientras Est\u00e1 Intoxicado) perder\u00e1 su licencia por un m\u00ednimo de un a\u00f1o por su primera infracci\u00f3n. Una segunda infracci\u00f3n le quitar\u00e1 su CDL (Licencia Comercial de Manejo) permanentemente.<\/p>\n\n\n\n<p>Conducir Bajo los Efectos del Alcohol o Drogas siempre tendr\u00e1 sus consecuencias, independientemente de d\u00f3nde trabaje. Conducir un veh\u00edculo cuando sus reacciones se ven atenuadas por alguna sustancia o medicamento es muy peligroso y potencialmente letal, y a menudo resulta en accidentes mortales y horribles.<\/p>\n\n\n\n<p>Una Infracci\u00f3n por DWI (Conducir Mientras Est\u00e1 Intoxicado) tiene el potencial de cambiar el curso de su carrera. Si tiene una CDL (Licencia Comercial de Manejo) y recibe un DWI, podr\u00eda perder su licencia, lo que le obligar\u00eda a buscar una carrera profesional diferente, ya que ser\u00e1 casi imposible encontrar otro trabajo en la misma industria. A menos, por supuesto, que mienta en su solicitud, lo que, nuevamente, tendr\u00e1 consecuencias en sus perspectivas laborales futuras, incluso en una industria diferente. Incluso si tiene una licencia personal, el riesgo de suspensi\u00f3n o p\u00e9rdida de la licencia, as\u00ed como de rescisi\u00f3n, son posibilidades muy reales que pueden afectar su capacidad de obtener ingresos.<\/p>\n\n\n\n<p>Nunca se suba a un autom\u00f3vil cuando est\u00e9 ebrio, por mucho que crea que puede manejarlo; Preferir\u00eda llegar tarde que tener una Infracci\u00f3n por Manejar Mientras est\u00e1 Intoxicado (DWI)\/ Manejar Bajo los Efectos de Alcohol o Drogas (DUI), o peor a\u00fan, causar un accidente que resulte en una muerte.<\/p>","protected":false},"excerpt":{"rendered":"<p>Receiving a DWI\/DUI charge can be an incredibly stressful time, both for first-time and repeat offenders as it carries with it severe legal ramifications. Receiving a DWI while driving a company car is simply rife with consequences on multiple fronts. Let\u2019s begin with company consequences. In a DWI\/DUI situation involving a company car, the company [&hellip;]<\/p>\n","protected":false},"author":4,"featured_media":0,"parent":940,"menu_order":0,"comment_status":"closed","ping_status":"closed","template":"","meta":{"_acf_changed":false,"footnotes":""},"class_list":["post-1871","page","type-page","status-publish","hentry"],"acf":[],"_links":{"self":[{"href":"https:\/\/mrticketfixer.com\/es\/wp-json\/wp\/v2\/pages\/1871","targetHints":{"allow":["GET"]}}],"collection":[{"href":"https:\/\/mrticketfixer.com\/es\/wp-json\/wp\/v2\/pages"}],"about":[{"href":"https:\/\/mrticketfixer.com\/es\/wp-json\/wp\/v2\/types\/page"}],"author":[{"embeddable":true,"href":"https:\/\/mrticketfixer.com\/es\/wp-json\/wp\/v2\/users\/4"}],"replies":[{"embeddable":true,"href":"https:\/\/mrticketfixer.com\/es\/wp-json\/wp\/v2\/comments?post=1871"}],"version-history":[{"count":0,"href":"https:\/\/mrticketfixer.com\/es\/wp-json\/wp\/v2\/pages\/1871\/revisions"}],"up":[{"embeddable":true,"href":"https:\/\/mrticketfixer.com\/es\/wp-json\/wp\/v2\/pages\/940"}],"wp:attachment":[{"href":"https:\/\/mrticketfixer.com\/es\/wp-json\/wp\/v2\/media?parent=1871"}],"curies":[{"name":"wp","href":"https:\/\/api.w.org\/{rel}","templated":true}]}}