{"id":2570,"date":"2023-01-25T15:20:50","date_gmt":"2023-01-25T23:20:50","guid":{"rendered":"https:\/\/mrticketfixer.com\/?page_id=2570"},"modified":"2026-04-02T11:37:12","modified_gmt":"2026-04-02T18:37:12","slug":"pricing","status":"publish","type":"page","link":"https:\/\/mrticketfixer.com\/es\/pricing\/","title":{"rendered":"PRECIOS"},"content":{"rendered":"<div data-elementor-type=\"wp-page\" data-elementor-id=\"2570\" class=\"elementor elementor-2570\" data-elementor-post-type=\"page\">\n\t\t\t\t<div class=\"elementor-element elementor-element-780c9c26 e-con-full e-flex e-con e-parent\" data-id=\"780c9c26\" data-element_type=\"container\" data-e-type=\"container\" data-settings=\"{&quot;background_background&quot;:&quot;classic&quot;}\">\n\t\t\t\t<div class=\"elementor-element elementor-element-1bce4fba elementor-vertical-align-bottom elementor-widget-tablet__width-inherit elementor-widget elementor-widget-image-box\" data-id=\"1bce4fba\" data-element_type=\"widget\" data-e-type=\"widget\" data-widget_type=\"image-box.default\">\n\t\t\t\t\t<div class=\"elementor-image-box-wrapper\"><div class=\"elementor-image-box-content\"><h1 class=\"elementor-image-box-title\">PRECIOS<\/h1><p class=\"elementor-image-box-description\">Clear &amp; Fair Attorney Fees<\/p><\/div><\/div>\t\t\t\t<\/div>\n\t\t\t\t<\/div>\n\t\t<div class=\"elementor-element elementor-element-47ed6156 e-flex e-con-boxed e-con e-parent\" data-id=\"47ed6156\" data-element_type=\"container\" data-e-type=\"container\">\n\t\t\t\t\t<div class=\"e-con-inner\">\n\t\t\t\t<div class=\"elementor-element elementor-element-6fe46e3b elementor-widget elementor-widget-text-editor\" data-id=\"6fe46e3b\" data-element_type=\"widget\" data-e-type=\"widget\" data-widget_type=\"text-editor.default\">\n\t\t\t\t\t\t\t\t\t<h2>\u00bfCu\u00e1nto Cuesta un Abogado de Tr\u00e1nsito?<\/h2>\n<p>Para combatir una sola infracci\u00f3n en la mayor\u00eda de los tribunales de WA, <strong>los precios comienzan en $285.<\/strong>Para m\u00faltiples infracciones, y para algunos tribunales notoriamente dif\u00edciles, el precio puede cambiar debido al trabajo adicional que pueda estar involucrado.<\/p>\n<p>Si te preguntas<a href=\"https:\/\/mrticketfixer.com\/es\/traffic-tickets\/is-cost-of-traffic-lawyer-worth-it\/\" data-type=\"page\" data-id=\"1858\">\"\u00bfvale la pena un abogado de tr\u00e1nsito?\"<\/a>\u2013 la respuesta es casi siempre s\u00ed. Incluso si los honorarios del abogado son el mismo precio que la multa, al contratar a un abogado y mantener la multa fuera de tu historial, generalmente <strong>ahorrar\u00e1s cientos en tarifas de seguro aumentadas.<\/strong>.<\/p>\n<h3>Our Fee Protection Guarantee (for Civil Infractions)<\/h3>\n<p>Hiring a traffic ticket attorney should never feel like a gamble. While Washington ethics rules prohibit any lawyer from guaranteeing a specific court result, we believe in a fair and transparent fee structure. To remove the risk of hiring us, we offer a Partial Money-Back Guarantee to help offset your costs if we are unable to secure a dismissal or a non-moving violation.<\/p>\n<p><strong>We provide a Partial Refund if:<\/strong><\/p>\n<ul>\n<li>\n<p><strong>Up to $150 Refund:<\/strong> If we secure a <span style=\"text-decoration: underline;\">Fallo Aplazado<\/span> on your behalf (this refund helps you manage the court\u2019s administrative fee).<\/p>\n<\/li>\n<li>\n<p><strong>Up to $100 Refund:<\/strong> If the original moving violation is found to have been <span style=\"text-decoration: underline;\">cometida<\/span> after a contested hearing.<\/p>\n<\/li>\n<\/ul>\n<p><b>No Refund is provided if:<\/b><\/p>\n<ul>\n<li>\n<p>Your ticket is <span style=\"text-decoration: underline;\">dismissed<\/span> o <span style=\"text-decoration: underline;\">amended<\/span> to a non-moving violation.<\/p>\n<\/li>\n<li>\n<p>You are eligible to have your ticket dismissed or amended by taking a <span style=\"text-decoration: underline;\">defensive driving course<\/span>.<\/p>\n<\/li>\n<li>\n<p>Usted <span style=\"text-decoration: underline;\">reject an offer<\/span> that would have reduced your moving violation to a non-moving violation and instruct us to contest the ticket regardless of the outcome.<\/p>\n<\/li>\n<\/ul>\n<p><!-- \/wp:list-item --><\/p>\n<p><!-- \/wp:list --><!-- wp:paragraph --><\/p>\n<p><b>Important Details &amp; Exclusions:<\/b><\/p>\n<p><!-- \/wp:list-item --><\/p>\n<p><!-- \/wp:list --><!-- wp:paragraph --><\/p>\n<ul>\n<li><strong>Determination:<\/strong> The specific refund amount is determined at the sole discretion of the Law Office based on the total fee paid and the complexity of the work performed.<\/li>\n<li><strong>Court Fees:<\/strong> All court-ordered fines and administrative fees are the Client&#8217;s legal responsibility. Per RPC 1.8(e), we do not pay court fees directly.<\/li>\n<li><strong>Eligibility:<\/strong> This guarantee applies only to civil traffic infractions with a single moving violation. It does not apply to tickets with multiple moving violations or non-moving violations.<\/li>\n<li><strong>Jurisdiction:<\/strong> This guarantee does not apply to cases in the Grays Harbor, Lewis, or Skagit County District Courts.<\/li>\n<\/ul>\n<p>Please note that our &#8220;Fee Protection Guarantee&#8221; only applies to <em>infracciones de tr\u00e1nsito civiles<\/em> with only one moving violation on your traffic ticket. The Fee Protection Guarantee is not applicable if multiple moving violations exist on the same traffic ticket. We handle non-moving violations at no additional costs and thus are not included in the Fee Protection Guarantee. The Fee Protection Guarantee does not apply to Grays Harbor District Court, Lewis County District Court, or Skagit County District Court.<\/p>\n<p><!-- \/wp:paragraph --><!-- wp:heading --><!-- \/wp:paragraph --><\/p>\t\t\t\t\t\t\t\t<\/div>\n\t\t\t\t<div class=\"elementor-element elementor-element-bec67ff elementor-cta--skin-classic elementor-animated-content elementor-widget elementor-widget-call-to-action\" data-id=\"bec67ff\" data-element_type=\"widget\" data-e-type=\"widget\" data-widget_type=\"call-to-action.default\">\n\t\t\t\t\t\t\t<div class=\"elementor-cta\">\n\t\t\t\t\t\t\t<div class=\"elementor-cta__content\">\n\t\t\t\t\n\t\t\t\t\t\t\t\t\t<div class=\"elementor-cta__title elementor-cta__content-item elementor-content-item\">\n\t\t\t\t\t\tObtenga una Cotizaci\u00f3n Instant\u00e1nea\t\t\t\t\t<\/div>\n\t\t\t\t\n\t\t\t\t\t\t\t\t\t<div class=\"elementor-cta__description elementor-cta__content-item elementor-content-item\">\n\t\t\t\t\t\tPelee legalmente su infracci\u00f3n en tan solo un minuto.\t\t\t\t\t<\/div>\n\t\t\t\t\n\t\t\t\t\t\t\t\t\t<div class=\"elementor-cta__button-wrapper elementor-cta__content-item elementor-content-item\">\n\t\t\t\t\t<a class=\"elementor-cta__button elementor-button elementor-size-\" href=\"https:\/\/mrticketfixer.com\/es\/traffic-tickets\/get-my-quote\/\">\n\t\t\t\t\t\tObtener mi Cotizaci\u00f3n Instant\u00e1nea\t\t\t\t\t<\/a>\n\t\t\t\t\t<\/div>\n\t\t\t\t\t\t\t<\/div>\n\t\t\t\t\t\t<\/div>\n\t\t\t\t\t\t<\/div>\n\t\t\t\t<div class=\"elementor-element elementor-element-844038e elementor-widget elementor-widget-text-editor\" data-id=\"844038e\" data-element_type=\"widget\" data-e-type=\"widget\" data-widget_type=\"text-editor.default\">\n\t\t\t\t\t\t\t\t\t<h2 class=\"wp-block-heading\">\u00bfCu\u00e1nto cuesta un abogado de DUI?<\/h2>\n<p><!-- \/wp:heading --><\/p>\n<p><!-- wp:paragraph --><\/p>\n<p>If you&#8217;ve been charged with <a href=\"https:\/\/mrticketfixer.com\/es\/criminal-defense\/dui-defense\/\">DUI in WA state<\/a>, you need to be prepared to act quickly &#8211; your <a href=\"https:\/\/mrticketfixer.com\/es\/criminal-defense\/dui-defense\/dol-hearing-dui-license-suspension\/\">DOL Hearing<\/a> (to determine if your license will be suspended) needs to be addressed within 7 days.<\/p>\n<p><!-- \/wp:paragraph --><\/p>\n<p><!-- wp:paragraph --><\/p>\n<p>Para evitar que su licencia sea suspendida, contratar a un abogado defensor penal para manejar su <strong>audiencia DOL cuesta alrededor de $2000.<\/strong>.<\/p>\n<p><!-- \/wp:paragraph --><\/p>\n<p><!-- wp:paragraph --><\/p>\n<p>Contratar a un abogado de DUI para manejar todo su caso (que incluye la defensa de la audiencia del DOL) depender\u00e1 mucho de las circunstancias. \u00bfEs este un DUI menor (alguien menor de 18 a\u00f1os)? \u00bfEs su primer, segundo o tercer DUI? \u00bfAlguien result\u00f3 herido? Proporcionaremos n\u00fameros exactos despu\u00e9s de su consulta gratuita, pero puede esperar que <strong>los abogados de defensa por DUI cuesten entre $4,500 y $7,000<\/strong>.<\/p>\n<p><!-- \/wp:paragraph --><\/p>\n<p><!-- wp:heading --><!-- \/wp:paragraph --><\/p>\n<p><!-- \/wp:paragraph --><\/p>\n<p><!-- wp:heading --><!-- \/wp:paragraph --><\/p>\t\t\t\t\t\t\t\t<\/div>\n\t\t\t\t<div class=\"elementor-element elementor-element-69be900 elementor-cta--skin-classic elementor-animated-content elementor-widget elementor-widget-call-to-action\" data-id=\"69be900\" data-element_type=\"widget\" data-e-type=\"widget\" data-widget_type=\"call-to-action.default\">\n\t\t\t\t\t\t\t<div class=\"elementor-cta\">\n\t\t\t\t\t\t\t<div class=\"elementor-cta__content\">\n\t\t\t\t\n\t\t\t\t\t\t\t\t\t<div class=\"elementor-cta__title elementor-cta__content-item elementor-content-item\">\n\t\t\t\t\t\tLlame, o Solicite una Consulta Gratis\t\t\t\t\t<\/div>\n\t\t\t\t\n\t\t\t\t\t\t\t\t\t<div class=\"elementor-cta__description elementor-cta__content-item elementor-content-item\">\n\t\t\t\t\t\tHable con un abogado sobre su caso\t\t\t\t\t<\/div>\n\t\t\t\t\n\t\t\t\t\t\t\t\t\t<div class=\"elementor-cta__button-wrapper elementor-cta__content-item elementor-content-item\">\n\t\t\t\t\t<a class=\"elementor-cta__button elementor-button elementor-size-\" href=\"https:\/\/mrticketfixer.com\/es\/contact\/\">\n\t\t\t\t\t\tCont\u00e1ctenos\t\t\t\t\t<\/a>\n\t\t\t\t\t<\/div>\n\t\t\t\t\t\t\t<\/div>\n\t\t\t\t\t\t<\/div>\n\t\t\t\t\t\t<\/div>\n\t\t\t\t<div class=\"elementor-element elementor-element-8a192d7 elementor-widget elementor-widget-text-editor\" data-id=\"8a192d7\" data-element_type=\"widget\" data-e-type=\"widget\" data-widget_type=\"text-editor.default\">\n\t\t\t\t\t\t\t\t\t<h2>\u00bfCu\u00e1nto cuesta un abogado defensor para infracciones penales?<\/h2>\n<p>El precio depende en gran medida del tipo de caso y las circunstancias, pero t\u00edpicamente <strong>, los abogados defensores cuestan entre $1,800 y $4,500<\/strong> para luchar contra los cargos criminales. Adem\u00e1s de DUI, otros tipos de casos criminales incluyen:<\/p>\n<ul>\n<li><a href=\"https:\/\/mrticketfixer.com\/es\/criminal-defense\/negligent-driving-1st-degree\/\">Cargo de Conducci\u00f3n Negligente en Primer Grado.<\/a><\/li>\n<li><a href=\"https:\/\/mrticketfixer.com\/es\/criminal-defense\/reckless-driving\/\">Conducci\u00f3n Imprudente<\/a><\/li>\n<li>Carreras<\/li>\n<li>Hit &amp; Run<\/li>\n<li>Conducir con la Licencia Suspendida<\/li>\n<\/ul>\n<p>Despu\u00e9s de su consulta gratuita, nuestros abogados defensores de WA podr\u00e1n proporcionar una cotizaci\u00f3n clara espec\u00edfica para su caso.<\/p>\t\t\t\t\t\t\t\t<\/div>\n\t\t\t\t<div class=\"elementor-element elementor-element-f0eb859 elementor-widget elementor-widget-text-editor\" data-id=\"f0eb859\" data-element_type=\"widget\" data-e-type=\"widget\" data-widget_type=\"text-editor.default\">\n\t\t\t\t\t\t\t\t\t<p><!-- wp:heading --><\/p>\n<h2 class=\"wp-block-heading\"><span style=\"font-family: var( --e-global-typography-e54acc9-font-family ), Verdana,Sans-serif; font-size: var( --e-global-typography-e54acc9-font-size ); font-weight: var( --e-global-typography-e54acc9-font-weight ); text-align: var(--text-align); color: var( --e-global-color-text );\">\u00bfCu\u00e1nto cuesta una eliminaci\u00f3n de antecedentes?<\/span><\/h2>\n<p><!-- \/wp:heading --><!-- wp:paragraph --><\/p>\n<p>El precio puede variar seg\u00fan el tipo de caso, pero <strong>las eliminaciones de antecedentes suelen costar alrededor de $2,000.<\/strong>El n\u00famero de cargos, la gravedad de los cargos y su historial criminal completo determinar\u00e1n el precio final. Cont\u00e1ctenos para una consulta gratuita y le proporcionaremos r\u00e1pidamente una cotizaci\u00f3n.<\/p>\n<p><!-- \/wp:paragraph --><\/p>\t\t\t\t\t\t\t\t<\/div>\n\t\t\t\t\t<\/div>\n\t\t\t\t<\/div>\n\t\t\t\t<\/div>","protected":false},"excerpt":{"rendered":"<p>Pricing Clear &amp; Fair Attorney Fees How Much Does a Traffic Lawyer Cost? To fight a single infraction in most WA courts, pricing starts at $285. For multiple infractions, and for a few notoriously difficult courts, pricing may change due to extra work that may be involved. If you&#8217;re wondering &#8220;is a traffic lawyer worth [&hellip;]<\/p>\n","protected":false},"author":7,"featured_media":0,"parent":0,"menu_order":0,"comment_status":"closed","ping_status":"closed","template":"","meta":{"_acf_changed":false,"footnotes":""},"class_list":["post-2570","page","type-page","status-publish","hentry"],"acf":[],"_links":{"self":[{"href":"https:\/\/mrticketfixer.com\/es\/wp-json\/wp\/v2\/pages\/2570","targetHints":{"allow":["GET"]}}],"collection":[{"href":"https:\/\/mrticketfixer.com\/es\/wp-json\/wp\/v2\/pages"}],"about":[{"href":"https:\/\/mrticketfixer.com\/es\/wp-json\/wp\/v2\/types\/page"}],"author":[{"embeddable":true,"href":"https:\/\/mrticketfixer.com\/es\/wp-json\/wp\/v2\/users\/7"}],"replies":[{"embeddable":true,"href":"https:\/\/mrticketfixer.com\/es\/wp-json\/wp\/v2\/comments?post=2570"}],"version-history":[{"count":0,"href":"https:\/\/mrticketfixer.com\/es\/wp-json\/wp\/v2\/pages\/2570\/revisions"}],"wp:attachment":[{"href":"https:\/\/mrticketfixer.com\/es\/wp-json\/wp\/v2\/media?parent=2570"}],"curies":[{"name":"wp","href":"https:\/\/api.w.org\/{rel}","templated":true}]}}