{"id":2611,"date":"2023-07-21T08:50:06","date_gmt":"2023-07-21T15:50:06","guid":{"rendered":"https:\/\/mrticketfixer.com\/?page_id=2611"},"modified":"2024-12-24T08:15:47","modified_gmt":"2024-12-24T16:15:47","slug":"negligent-driving-2nd-degree","status":"publish","type":"page","link":"https:\/\/mrticketfixer.com\/es\/traffic-tickets\/negligent-driving-2nd-degree\/","title":{"rendered":"Conducci\u00f3n Negligente en Segundo Grado"},"content":{"rendered":"<h2 class=\"wp-block-heading\"><strong>Abogado por Conducci\u00f3n Negligente  de Segundo Grado en Washington<\/strong><\/h2>\n\n\n\n<p>La conducci\u00f3n negligente en segundo grado es una infracci\u00f3n de tr\u00e1nsito civil que puede tener graves consecuencias si no se resuelve. Si recientemente recibi\u00f3 una infracci\u00f3n por este delito, es posible que le preocupe el impacto en su historial de manejo, sus tasas de seguro y su bienestar financiero general. Sin embargo, es importante comprender que tiene opciones. Con la ayuda de un abogado con experiencia en conducci\u00f3n negligente de segundo grado en Washington de Garguile Law | Abogados de DUI &amp; Infracciones de Tr\u00e1nsito, puede construir una defensa que funcione y luchar con \u00e9xito contra el cargo en el tribunal. Ya sea que est\u00e9 lidiando con un error puntual o tenga un historial de infracciones de tr\u00e1nsito, es esencial tomar medidas proactivas para asegurar el mejor resultado posible. Si se informa sobre el sistema legal y trabaja con un profesional jur\u00eddico de confianza, podr\u00e1 superar este desaf\u00edo y seguir adelante con confianza.<\/p>\n\n\n\n<h3 class=\"wp-block-heading\"><strong>\u00bfConducci\u00f3n Negligente en Primer Grado versus Conducci\u00f3n Negligente en Segundo Grado?<\/strong><\/h3>\n\n\n\n<p>Conducir negligentemente en el estado de Washington es siempre un delito grave. Sin embargo, es fundamental distinguir entre los dos tipos: Negligencia de 1\u00ba Grado y Negligencia de Conducci\u00f3n de 2\u00ba Grado. <strong>Conducci\u00f3n Negligente en Primer Grado (Neg 1) es un delito criminal<\/strong> que conlleva hasta un m\u00e1ximo de 90 d\u00edas de c\u00e1rcel y una multa de 1.000,00. La definici\u00f3n de conducci\u00f3n negligente en primer grado (<a href=\"https:\/\/app.leg.wa.gov\/rcw\/default.aspx?cite=46.61.5249\" target=\"_blank\" rel=\"noopener\">Art\u00edculo 46.61.5249<\/a>es<\/p>\n\n\n\n<blockquote class=\"wp-block-quote is-layout-flow wp-block-quote-is-layout-flow\">\n<p>Una persona que opera un veh\u00edculo motorizado de manera negligente y que pone en peligro o puede poner en peligro a cualquier persona o propiedad y exhibe los efectos de haber consumido licor o una droga ilegal.<\/p>\n<\/blockquote>\n\n\n\n<p><strong>Conducci\u00f3n Negligente en Segundo Grado (Neg 2) es una infracci\u00f3n de tr\u00e1nsito civil<\/strong>y, si bien no existe la posibilidad de ir a prisi\u00f3n, los costos pueden ser sustanciales. Tambi\u00e9n hay dos tipos de infracciones Neg 2: conducci\u00f3n negligente est\u00e1ndar seg\u00fan<a href=\"https:\/\/app.leg.wa.gov\/rcw\/default.aspx?cite=46.61.525\" target=\"_blank\" rel=\"noopener\"> Art\u00edculo 46.61.525<\/a> que involucra a un usuario vulnerable seg\u00fan<a href=\"https:\/\/app.leg.wa.gov\/rcw\/default.aspx?cite=46.61.526\" target=\"_blank\" rel=\"noopener\"> Art\u00edculo  46.61.526<\/a>Neg 2 que involucra a un usuario vulnerable, tiene sanciones financieras m\u00e1s severas que una infracci\u00f3n criminal, incluida una multa de hasta $10,000.00, y puede resultar en una suspensi\u00f3n de licencia, a diferencia del cargo criminal de Neg 1 o la infracci\u00f3n civil est\u00e1ndar de Neg 2. Pero la mayor\u00eda de las infracciones por conducci\u00f3n negligente entran en la categor\u00eda normal Neg 2, que es el tema central de esta p\u00e1gina.\u00a0<\/p>\n\n\n\n<p>La definici\u00f3n de conducci\u00f3n negligente en primer grado seg\u00fan el C\u00f3digo Revisado de Washington (RCW)<a href=\"https:\/\/app.leg.wa.gov\/rcw\/default.aspx?cite=46.61.525\" target=\"_blank\" rel=\"noopener\">Art\u00edculo 46.61.525<\/a>) is:<\/p>\n\n\n\n<blockquote class=\"wp-block-quote is-layout-flow wp-block-quote-is-layout-flow\">\n<p>Una persona que opera un veh\u00edculo motorizado de manera negligente y que pone en peligro o puede poner en peligro a cualquier persona o propiedad.<\/p>\n<\/blockquote>\n\n\n\n<p>&#8220;<em>\u201cNegligente\u201d<\/em>significa la falta de cuidado normal por parte de un conductor, lo que significa que el conductor hizo algo en la carretera que una persona razonablemente cuidadosa no har\u00eda en circunstancias iguales o similares. Adem\u00e1s, un conductor puede ser negligente al no hacer algo que una persona razonablemente cuidadosa har\u00eda en circunstancias similares.&nbsp;<\/p>\n\n\n\n<p>En el Estado de Washington, usted podr\u00eda verse acusado de conducir negligentemente por cruzar accidentalmente la l\u00ednea amarilla, olvidarse de usar una se\u00f1al de giro, exceso de velocidad, quedarse dormido al volante o simplemente no prestar atenci\u00f3n a las condiciones de la carretera. En Washington, la citaci\u00f3n tambi\u00e9n puede deberse a un accidente automovil\u00edstico, \u00a1incluso si el oficial no lo presenci\u00f3! A veces, los casos tambi\u00e9n implican una acusaci\u00f3n de que una persona condujo demasiado r\u00e1pido en carreteras lluviosas o nevadas y heladas durante el invierno. Si los agentes ven a un conductor cometiendo m\u00faltiples infracciones de tr\u00e1nsito, como exceso de velocidad, pasarse un sem\u00e1foro en rojo o hacer varios cambios de carril a la vez, generalmente citan al conductor por conducci\u00f3n negligente. Un oficial tambi\u00e9n puede elevar una infracci\u00f3n regular a una citaci\u00f3n Neg 2 si hay otros autom\u00f3viles o personas alrededor.<\/p>\n\n\n\n<p>La conducci\u00f3n negligente se diferencia del cargo m\u00e1s grave de conducci\u00f3n temeraria porque la conducci\u00f3n temeraria se produce cuando un conductor muestra una desconsideraci\u00f3n total y maliciosa hacia otras personas o propiedades. Por el contrario, la conducci\u00f3n negligente es simplemente un descuido percibido. Desafortunadamente, definir una acci\u00f3n como \u201cnegligente\u201d conlleva algunas \u00e1reas grises, ya que hay mucha subjetividad al evaluar qu\u00e9 es \u201cnegligente\u201d y el juicio del oficial juega un papel importante a la hora de citar a alguien por conducci\u00f3n negligente.&nbsp;<\/p>\n\n\n\n<h3 class=\"wp-block-heading\"><strong>Sanciones por Conducci\u00f3n Negligente en Segundo Grado en el Estado de Washington<\/strong><\/h3>\n\n\n\n<p>La pena m\u00e1xima por conducci\u00f3n negligente en segundo grado (que no involucre a un usuario vulnerable) es una multa de $559 ($250 m\u00e1s costos y honorarios judiciales). Pero los costos no terminan ah\u00ed si el Neg 2 figura en su historial. Una infracci\u00f3n de tr\u00e1nsito como Neg 2 permanecer\u00e1 en su historial de conducci\u00f3n durante tres a\u00f1os. Washington no es un estado de \u201cpuntos\u201d como muchos otros. En cambio, el departamento de licencias de Washington distingue entre infracciones en movimiento y estacionarias, y las infracciones en movimiento tienen consecuencias en el seguro del carro y en su historial de manejo. Si tiene una licencia de otro estado, es muy probable que se le asignen puntos a la infracci\u00f3n si recibi\u00f3 el Neg 2 en el estado de Washington.&nbsp;<\/p>\n\n\n\n<p>Tener una infracci\u00f3n de tr\u00e1nsito o recibir puntos de Neg 2 en su historial de conducci\u00f3n resultar\u00e1 en un aumento significativo del seguro durante los tres a\u00f1os que est\u00e9 en su  su historial de conducci\u00f3n  Una infracci\u00f3n por conducci\u00f3n negligente en segundo grado es de $559,00, pero la compa\u00f1\u00eda de seguros aumentar\u00e1 sus tarifas en un promedio de 20 a 25%. Si paga alrededor de $150 al mes por el seguro, podr\u00eda llegar alrededor de $30 cada mes, \u00a1lo que representar\u00e1 un aumento de alrededor de $1,000 en tres a\u00f1os! En el estado de Washington, la ley proh\u00edbe a las compa\u00f1\u00edas de seguros hacer distinciones en el historial de un conductor entre los diferentes grados de conducci\u00f3n negligente. Como resultado, las compa\u00f1\u00edas de seguros no siempre comprenden las diferencias entre los dos delitos y tratan una infracci\u00f3n de tr\u00e1nsito civil de la misma manera que tratan un cargo criminal.&nbsp;<\/p>\n\n\n\n<p>Un Neg 2 NO suspender\u00e1 su licencia EXCEPTO si fue citado por<a href=\"https:\/\/app.leg.wa.gov\/rcw\/default.aspx?cite=46.61.526\" target=\"_blank\" rel=\"noopener\"> Art\u00edculo  46.61.526<\/a> que involucra a un usuario vulnerable. Lo cual, de no manejarse correctamente, puede suspender tu licencia por 90 d\u00edas.&nbsp;<\/p>\n\n\n\n<p>Por \u00faltimo, un cargo por Conducci\u00f3n Negligente Segundo Grado, adem\u00e1s de los costos judiciales y del seguro, tambi\u00e9n puede costarle futuras oportunidades laborales. Una Neg 2 es una de las peores, si no la peor, infracciones de tr\u00e1nsito civil que puede sufrir. <a href=\"https:\/\/www.carinsurancecomparison.com\/will-a-ticket-for-negligent-driving-affect-car-insurance-rates\/\" target=\"_blank\" rel=\"noopener\">&nbsp;<\/a><\/p>\n\n\n\n<p>Para cualquier tipo de infracci\u00f3n por conducci\u00f3n negligente, como puede ver, simplemente pagar la multa no es una buena opci\u00f3n. Muchos conductores no quieren tener que ir a los tribunales por una infracci\u00f3n de tr\u00e1nsito y ausentarse del trabajo, por lo que simplemente pagan la multa. Pero la verdad es que si simplemente env\u00eda la infracci\u00f3n con un cheque de pago o lo paga en l\u00ednea, ser\u00e1 mucho m\u00e1s costoso que pagarle a un abogado para que lo maneje.<\/p>\n\n\n\n<p>Cuando recibe la citaci\u00f3n del oficial, tiene tres opciones seg\u00fan la ley del estado de Washington:<\/p>\n\n\n\n<ol class=\"wp-block-list\">\n<li>Pague la multa en su totalidad: Usted acepta que cometi\u00f3 la infracci\u00f3n y la multa quedar\u00e1 registrada en su historial de manejo. UNA VEZ QUE LA INFRACCI\u00d3N EST\u00c1 EN SU HISTORIAL DE CONDUCCI\u00d3N, ES MUY DIF\u00cdCIL DESHACERLA. Debe hablar con un abogado local de infracciones de tr\u00e1nsito antes de acudir al tribunal para revisar minuciosamente sus opciones.&nbsp;<\/li>\n\n\n\n<li>Solicitar mitigaci\u00f3n: esta opci\u00f3n le permite explicar sus circunstancias frente a un juez que puede reducir su multa, pero aun as\u00ed admite que cometi\u00f3 la infracci\u00f3n y la multa quedar\u00e1 registrada en su historial  de manejo. Consultar con un abogado con experiencia en infracciones de tr\u00e1nsito puede ser m\u00e1s beneficioso a largo plazo que simplemente reducir la multa de la infracci\u00f3n. Si solo paga la multa, a\u00fan puede enfrentar los costos del aumento de las tarifas del seguro y tener la infracci\u00f3n en su historial durante tres a\u00f1os.<\/li>\n\n\n\n<li>Impugnar la infracci\u00f3n o exigir la anulaci\u00f3n de cargos: aqu\u00ed, usted est\u00e1 diciendo que no hizo lo que el oficial dijo que hizo o quiere que demuestren que lo hizo luchando en la corte. Puede marcar la casilla correspondiente y enviar la infracci\u00f3n por correo a la corte, y tendr\u00e1 su d\u00eda frente a un juez. Aqu\u00ed es donde un abogado local con experiencia en infracciones de tr\u00e1nsito, como Garguile Law, lo defender\u00e1 y le presentar\u00e1 todas las defensas y problemas de su caso.&nbsp;<\/li>\n<\/ol>\n\n\n\n<h3 class=\"wp-block-heading\"><strong>\u00bfQu\u00e9 Pasa si Simplemente Ignoro la Infracci\u00f3n de Segundo Grado por Conducci\u00f3n Negligente?<\/strong><\/h3>\n\n\n\n<p>\u00a1Ignorar el ticket es una opci\u00f3n terrible! El tribunal suspender\u00e1 su licencia y enviar\u00e1 su infracci\u00f3n a una empresa de cobranza. Tendr\u00e1 que pagar todos los costos judiciales de cobro y demora y la infracci\u00f3n original para recuperar su licencia. Comun\u00edquese con un abogado lo antes posible despu\u00e9s de recibir una infracci\u00f3n Neg 2 para que eval\u00fae su caso.&nbsp;&nbsp;<\/p>\n\n\n\n<h3 class=\"wp-block-heading\"><strong>\u00bfQu\u00e9 Hago si no Respondo a Mi Infracci\u00f3n y Ya Pas\u00f3 un Tiempo?<\/strong><\/h3>\n\n\n\n<p>Si no responde, no permita que las cosas empeoren. Si no asisti\u00f3 a su cita en la corte, no respondi\u00f3 a la infracci\u00f3n o recibi\u00f3 cartas del tribunal, de cobranzas o del departamento de licencias, comun\u00edquese ,de inmediato con un abogado con experiencia, como Garguile Law | Abogados de DUI &amp; Infracciones de Tr\u00e1nsito. A menudo, todav\u00eda podemos ayudarle.&nbsp;<\/p>\n\n\n\n<p>\u00a1Luche en contra de su citaci\u00f3n por Conducci\u00f3n Negligente  en Segundo Grado! Cont\u00e1ctenos ahora para una evaluaci\u00f3n gratuita de su caso que le ayudar\u00e1 a mantener este cargo fuera de su historial de manejo y evitar multas costosas y aumentos de seguros. No se demore; \u00a1act\u00fae r\u00e1pido y recuerda que solo tienes 30 d\u00edas!<\/p>","protected":false},"excerpt":{"rendered":"<p>Washington Negligent Driving 2nd Degree Attorney Negligent driving in the second degree is a civil traffic infraction that can have severe consequences if left unresolved. If you&#8217;ve recently received a ticket for this offense, you may be concerned about the impact on your driving record, insurance rates, and overall financial well-being. However, it&#8217;s important to [&hellip;]<\/p>\n","protected":false},"author":7,"featured_media":0,"parent":939,"menu_order":0,"comment_status":"closed","ping_status":"closed","template":"","meta":{"_acf_changed":false,"footnotes":""},"class_list":["post-2611","page","type-page","status-publish","hentry"],"acf":[],"_links":{"self":[{"href":"https:\/\/mrticketfixer.com\/es\/wp-json\/wp\/v2\/pages\/2611","targetHints":{"allow":["GET"]}}],"collection":[{"href":"https:\/\/mrticketfixer.com\/es\/wp-json\/wp\/v2\/pages"}],"about":[{"href":"https:\/\/mrticketfixer.com\/es\/wp-json\/wp\/v2\/types\/page"}],"author":[{"embeddable":true,"href":"https:\/\/mrticketfixer.com\/es\/wp-json\/wp\/v2\/users\/7"}],"replies":[{"embeddable":true,"href":"https:\/\/mrticketfixer.com\/es\/wp-json\/wp\/v2\/comments?post=2611"}],"version-history":[{"count":0,"href":"https:\/\/mrticketfixer.com\/es\/wp-json\/wp\/v2\/pages\/2611\/revisions"}],"up":[{"embeddable":true,"href":"https:\/\/mrticketfixer.com\/es\/wp-json\/wp\/v2\/pages\/939"}],"wp:attachment":[{"href":"https:\/\/mrticketfixer.com\/es\/wp-json\/wp\/v2\/media?parent=2611"}],"curies":[{"name":"wp","href":"https:\/\/api.w.org\/{rel}","templated":true}]}}