{"id":3371,"date":"2024-12-24T07:57:23","date_gmt":"2024-12-24T15:57:23","guid":{"rendered":"https:\/\/mrticketfixer.com\/?page_id=3371"},"modified":"2025-03-17T15:26:40","modified_gmt":"2025-03-17T22:26:40","slug":"what-we-do","status":"publish","type":"page","link":"https:\/\/mrticketfixer.com\/es\/what-we-do\/","title":{"rendered":"Qu\u00e9 hacemos?"},"content":{"rendered":"<div data-elementor-type=\"wp-page\" data-elementor-id=\"3371\" class=\"elementor elementor-3371\" data-elementor-post-type=\"page\">\n\t\t\t\t<div class=\"elementor-element elementor-element-3091b1d e-con-full e-flex e-con e-parent\" data-id=\"3091b1d\" data-element_type=\"container\" data-e-type=\"container\" data-settings=\"{&quot;background_background&quot;:&quot;classic&quot;}\">\n\t\t\t\t<div class=\"elementor-element elementor-element-751ac8d elementor-vertical-align-bottom elementor-widget-tablet__width-inherit elementor-widget elementor-widget-image-box\" data-id=\"751ac8d\" data-element_type=\"widget\" data-e-type=\"widget\" data-widget_type=\"image-box.default\">\n\t\t\t\t\t<div class=\"elementor-image-box-wrapper\"><div class=\"elementor-image-box-content\"><h1 class=\"elementor-image-box-title\">Qu\u00e9 hacemos?<\/h1><p class=\"elementor-image-box-description\">Tickets &amp; Criminal Defense<\/p><\/div><\/div>\t\t\t\t<\/div>\n\t\t\t\t<\/div>\n\t\t<div class=\"elementor-element elementor-element-6a8c69b e-con-full e-flex e-con e-parent\" data-id=\"6a8c69b\" data-element_type=\"container\" data-e-type=\"container\" data-settings=\"{&quot;background_background&quot;:&quot;classic&quot;}\">\n\t\t\t\t<div class=\"elementor-element elementor-element-625ba0c elementor-position-inline-start elementor-view-default elementor-mobile-position-block-start elementor-widget elementor-widget-icon-box\" data-id=\"625ba0c\" data-element_type=\"widget\" data-e-type=\"widget\" data-widget_type=\"icon-box.default\">\n\t\t\t\t\t\t\t<div class=\"elementor-icon-box-wrapper\">\n\n\t\t\t\t\t\t<div class=\"elementor-icon-box-icon\">\n\t\t\t\t<span  class=\"elementor-icon\">\n\t\t\t\t<i aria-hidden=\"true\" class=\"far fa-calendar-check\"><\/i>\t\t\t\t<\/span>\n\t\t\t<\/div>\n\t\t\t\n\t\t\t\t\t\t<div class=\"elementor-icon-box-content\">\n\n\t\t\t\t\t\t\t\t\t<div class=\"elementor-icon-box-title\">\n\t\t\t\t\t\t<span  >\n\t\t\t\t\t\t\tDesde 2017\t\t\t\t\t\t<\/span>\n\t\t\t\t\t<\/div>\n\t\t\t\t\n\t\t\t\t\t\t\t\t\t<p class=\"elementor-icon-box-description\">\n\t\t\t\t\t\tDefendiendo a Conductores de Washington State\t\t\t\t\t<\/p>\n\t\t\t\t\n\t\t\t<\/div>\n\t\t\t\n\t\t<\/div>\n\t\t\t\t\t\t<\/div>\n\t\t\t\t<div class=\"elementor-element elementor-element-586a04a elementor-position-inline-start elementor-view-default elementor-mobile-position-block-start elementor-widget elementor-widget-icon-box\" data-id=\"586a04a\" data-element_type=\"widget\" data-e-type=\"widget\" data-widget_type=\"icon-box.default\">\n\t\t\t\t\t\t\t<div class=\"elementor-icon-box-wrapper\">\n\n\t\t\t\t\t\t<div class=\"elementor-icon-box-icon\">\n\t\t\t\t<span  class=\"elementor-icon\">\n\t\t\t\t<i aria-hidden=\"true\" class=\"fas fa-landmark\"><\/i>\t\t\t\t<\/span>\n\t\t\t<\/div>\n\t\t\t\n\t\t\t\t\t\t<div class=\"elementor-icon-box-content\">\n\n\t\t\t\t\t\t\t\t\t<div class=\"elementor-icon-box-title\">\n\t\t\t\t\t\t<span  >\n\t\t\t\t\t\t\tM\u00faltiples Oficinas\t\t\t\t\t\t<\/span>\n\t\t\t\t\t<\/div>\n\t\t\t\t\n\t\t\t\t\t\t\t\t\t<p class=\"elementor-icon-box-description\">\n\t\t\t\t\t\tSeattle, Tacoma, Olympia\t\t\t\t\t<\/p>\n\t\t\t\t\n\t\t\t<\/div>\n\t\t\t\n\t\t<\/div>\n\t\t\t\t\t\t<\/div>\n\t\t\t\t<div class=\"elementor-element elementor-element-eccc33a elementor-position-inline-start elementor-view-default elementor-mobile-position-block-start elementor-widget elementor-widget-icon-box\" data-id=\"eccc33a\" data-element_type=\"widget\" data-e-type=\"widget\" data-widget_type=\"icon-box.default\">\n\t\t\t\t\t\t\t<div class=\"elementor-icon-box-wrapper\">\n\n\t\t\t\t\t\t<div class=\"elementor-icon-box-icon\">\n\t\t\t\t<span  class=\"elementor-icon\">\n\t\t\t\t<i aria-hidden=\"true\" class=\"fas fa-map\"><\/i>\t\t\t\t<\/span>\n\t\t\t<\/div>\n\t\t\t\n\t\t\t\t\t\t<div class=\"elementor-icon-box-content\">\n\n\t\t\t\t\t\t\t\t\t<div class=\"elementor-icon-box-title\">\n\t\t\t\t\t\t<span  >\n\t\t\t\t\t\t\t\u00c1rea de Pr\u00e1ctica\t\t\t\t\t\t<\/span>\n\t\t\t\t\t<\/div>\n\t\t\t\t\n\t\t\t\t\t\t\t\t\t<p class=\"elementor-icon-box-description\">\n\t\t\t\t\t\tEl Oeste de Washington\t\t\t\t\t<\/p>\n\t\t\t\t\n\t\t\t<\/div>\n\t\t\t\n\t\t<\/div>\n\t\t\t\t\t\t<\/div>\n\t\t\t\t<\/div>\n\t\t<div class=\"elementor-element elementor-element-49efdcb e-flex e-con-boxed e-con e-parent\" data-id=\"49efdcb\" data-element_type=\"container\" data-e-type=\"container\">\n\t\t\t\t\t<div class=\"e-con-inner\">\n\t\t\t\t<div class=\"elementor-element elementor-element-26c2348 elementor-widget__width-inherit elementor-widget-tablet__width-inherit elementor-widget elementor-widget-heading\" data-id=\"26c2348\" data-element_type=\"widget\" data-e-type=\"widget\" data-widget_type=\"heading.default\">\n\t\t\t\t\t<h2 class=\"elementor-heading-title elementor-size-default\">Defendiendo a los conductores desde 2017<\/h2>\t\t\t\t<\/div>\n\t\t\t\t<div class=\"elementor-element elementor-element-f2b0633 elementor-cta--valign-top elementor-widget__width-initial elementor-widget-mobile__width-inherit elementor-cta--skin-classic elementor-animated-content elementor-widget elementor-widget-call-to-action\" data-id=\"f2b0633\" data-element_type=\"widget\" data-e-type=\"widget\" data-widget_type=\"call-to-action.default\">\n\t\t\t\t\t\t\t<div class=\"elementor-cta\">\n\t\t\t\t\t\t\t<div class=\"elementor-cta__content\">\n\t\t\t\t\t\t\t\t\t<div class=\"elementor-content-item elementor-cta__content-item elementor-icon-wrapper elementor-cta__icon elementor-view-default\">\n\t\t\t\t\t\t<div class=\"elementor-icon\">\n\t\t\t\t\t\t\t<i aria-hidden=\"true\" class=\"fas fa-traffic-light\"><\/i>\t\t\t\t\t\t<\/div>\n\t\t\t\t\t<\/div>\n\t\t\t\t\n\t\t\t\t\t\t\t\t\t<h2 class=\"elementor-cta__title elementor-cta__content-item elementor-content-item\">\n\t\t\t\t\t\tCiviles\t\t\t\t\t<\/h2>\n\t\t\t\t\n\t\t\t\t\t\t\t\t\t<div class=\"elementor-cta__description elementor-cta__content-item elementor-content-item\">\n\t\t\t\t\t\tPelee sus infracciones en solo 10 minutos!\n<ul><li>Infracciones Por Velocidad<\/li>\n<li>Infracciones por Invadir Carril de Uso Compartido<\/li><li>Infracciones por Conducci\u00f3n Negligente 2do Grado<\/li><li>Infracciones por Conducci\u00f3n Distra\u00edda<\/li>\n<li>M\u00e1s<\/li><\/ul>\t\t\t\t\t<\/div>\n\t\t\t\t\n\t\t\t\t\t\t\t\t\t<div class=\"elementor-cta__button-wrapper elementor-cta__content-item elementor-content-item\">\n\t\t\t\t\t<a class=\"elementor-cta__button elementor-button elementor-size-\" href=\"https:\/\/mrticketfixer.com\/es\/traffic-tickets\/\">\n\t\t\t\t\t\tInfracciones de Tr\u00e1nsito\t\t\t\t\t<\/a>\n\t\t\t\t\t<\/div>\n\t\t\t\t\t\t\t<\/div>\n\t\t\t\t\t\t<\/div>\n\t\t\t\t\t\t<\/div>\n\t\t\t\t<div class=\"elementor-element elementor-element-7492bb4 elementor-cta--valign-top elementor-widget__width-initial elementor-widget-mobile__width-inherit elementor-cta--skin-classic elementor-animated-content elementor-widget elementor-widget-call-to-action\" data-id=\"7492bb4\" data-element_type=\"widget\" data-e-type=\"widget\" data-widget_type=\"call-to-action.default\">\n\t\t\t\t\t\t\t<div class=\"elementor-cta\">\n\t\t\t\t\t\t\t<div class=\"elementor-cta__content\">\n\t\t\t\t\t\t\t\t\t<div class=\"elementor-content-item elementor-cta__content-item elementor-icon-wrapper elementor-cta__icon elementor-view-default\">\n\t\t\t\t\t\t<div class=\"elementor-icon\">\n\t\t\t\t\t\t\t<i aria-hidden=\"true\" class=\"fas fa-exclamation-triangle\"><\/i>\t\t\t\t\t\t<\/div>\n\t\t\t\t\t<\/div>\n\t\t\t\t\n\t\t\t\t\t\t\t\t\t<h2 class=\"elementor-cta__title elementor-cta__content-item elementor-content-item\">\n\t\t\t\t\t\tPenales\t\t\t\t\t<\/h2>\n\t\t\t\t\n\t\t\t\t\t\t\t\t\t<div class=\"elementor-cta__description elementor-cta__content-item elementor-content-item\">\n\t\t\t\t\t\tMinimiza las consecuencias y protege tu futuro.\n<ul><li>DUI<\/li>\n<li>Conducci\u00f3n Negligente 1er Grado<\/li>\n<li>Conducci\u00f3n Imprudente<\/li>\n<li>M\u00e1s<\/li><\/ul>\t\t\t\t\t<\/div>\n\t\t\t\t\n\t\t\t\t\t\t\t\t\t<div class=\"elementor-cta__button-wrapper elementor-cta__content-item elementor-content-item\">\n\t\t\t\t\t<a class=\"elementor-cta__button elementor-button elementor-size-\" href=\"https:\/\/mrticketfixer.com\/es\/criminal-defense\/\">\n\t\t\t\t\t\tDefensa Penal\t\t\t\t\t<\/a>\n\t\t\t\t\t<\/div>\n\t\t\t\t\t\t\t<\/div>\n\t\t\t\t\t\t<\/div>\n\t\t\t\t\t\t<\/div>\n\t\t\t\t<div class=\"elementor-element elementor-element-69e82bd elementor-widget__width-initial elementor-widget-mobile__width-inherit elementor-cta--valign-top elementor-cta--skin-classic elementor-animated-content elementor-widget elementor-widget-call-to-action\" data-id=\"69e82bd\" data-element_type=\"widget\" data-e-type=\"widget\" data-widget_type=\"call-to-action.default\">\n\t\t\t\t\t\t\t<div class=\"elementor-cta\">\n\t\t\t\t\t\t\t<div class=\"elementor-cta__content\">\n\t\t\t\t\t\t\t\t\t<div class=\"elementor-content-item elementor-cta__content-item elementor-icon-wrapper elementor-cta__icon elementor-view-default\">\n\t\t\t\t\t\t<div class=\"elementor-icon\">\n\t\t\t\t\t\t\t<i aria-hidden=\"true\" class=\"fas fa-history\"><\/i>\t\t\t\t\t\t<\/div>\n\t\t\t\t\t<\/div>\n\t\t\t\t\n\t\t\t\t\t\t\t\t\t<h2 class=\"elementor-cta__title elementor-cta__content-item elementor-content-item\">\n\t\t\t\t\t\tEliminaciones de Antecedentes Penales\t\t\t\t\t<\/h2>\n\t\t\t\t\n\t\t\t\t\t\t\t\t\t<div class=\"elementor-cta__description elementor-cta__content-item elementor-content-item\">\n\t\t\t\t\t\t<p>Limpie su historial y borre el pasado. Los cargos penales no tienen por qu\u00e9 perseguirle de por vida.<\/p>\n<p>Hable con un abogado y vea qu\u00e9 se puede hacer para limpiar su nombre.<\/p>\n<p>Solicite su consulta gratuita hoy.<\/p>\t\t\t\t\t<\/div>\n\t\t\t\t\n\t\t\t\t\t\t\t\t\t<div class=\"elementor-cta__button-wrapper elementor-cta__content-item elementor-content-item\">\n\t\t\t\t\t<a class=\"elementor-cta__button elementor-button elementor-size-\" href=\"https:\/\/mrticketfixer.com\/es\/criminal-defense\/expungement\/\">\n\t\t\t\t\t\tEliminaciones de Antecedentes Penales\t\t\t\t\t<\/a>\n\t\t\t\t\t<\/div>\n\t\t\t\t\t\t\t<\/div>\n\t\t\t\t\t\t<\/div>\n\t\t\t\t\t\t<\/div>\n\t\t\t\t\t<\/div>\n\t\t\t\t<\/div>\n\t\t<div class=\"elementor-element elementor-element-9fa41d3 e-flex e-con-boxed e-con e-parent\" data-id=\"9fa41d3\" data-element_type=\"container\" data-e-type=\"container\">\n\t\t\t\t\t<div class=\"e-con-inner\">\n\t\t\t\t<div class=\"elementor-element elementor-element-25fa84f elementor-widget elementor-widget-heading\" data-id=\"25fa84f\" data-element_type=\"widget\" data-e-type=\"widget\" data-widget_type=\"heading.default\">\n\t\t\t\t\t<h2 class=\"elementor-heading-title elementor-size-default\">\u00a1Hacemos que los conductores vuelvan al ruedo!<\/h2>\t\t\t\t<\/div>\n\t\t\t\t<div class=\"elementor-element elementor-element-c1bd998 elementor-widget elementor-widget-text-editor\" data-id=\"c1bd998\" data-element_type=\"widget\" data-e-type=\"widget\" data-widget_type=\"text-editor.default\">\n\t\t\t\t\t\t\t\t\t<p>Garguile DUI &amp; Traffic Lawyers se centra exclusivamente en ayudar a los conductores de Washington a defender su historial, ahorrar dinero y proteger su futuro. No nos distraemos con otros tipos de casos y solo nos ocupamos de infracciones relacionadas con la conducci\u00f3n:<\/p><h4>Infracciones de Tr\u00e1nsito Civiles<\/h4><p>Las infracciones de tr\u00e1nsito civiles suelen considerarse infracciones de tr\u00e1nsito \u201cest\u00e1ndar\u201d. Entre ellas se incluyen infracciones como exceso de velocidad y conducci\u00f3n distra\u00edda. La gravedad de los cargos y las consecuencias de los cargos civiles en su historial de conducci\u00f3n pueden acumularse r\u00e1pidamente.<\/p><ul><li><a href=\"https:\/\/mrticketfixer.com\/es\/traffic-tickets\/speeding-tickets\/\">Infracciones Por Velocidad<\/a><\/li><li><a href=\"https:\/\/mrticketfixer.com\/es\/traffic-tickets\/negligent-driving-2nd-degree\/\">Conducci\u00f3n Negligente (Segundo Grado)<\/a><\/li><li><a href=\"https:\/\/mrticketfixer.com\/es\/traffic-tickets\/hov-infractions\/\">Infracciones por Invadir Carril de Uso Compartido<\/a><\/li><li><a href=\"https:\/\/mrticketfixer.com\/es\/traffic-tickets\/failure-to-pay-tolls\/\">Peajes sin Pagar<\/a><\/li><li><a href=\"https:\/\/mrticketfixer.com\/es\/traffic-tickets\/drowsy-driving\/\">Infracciones por Conducir con Fatiga o Falta de Sue\u00f1o<\/a><\/li><li><a href=\"https:\/\/mrticketfixer.com\/es\/traffic-tickets\/distracted-driving-electronics\/\">Infracciones por Conducci\u00f3n Distra\u00edda<\/a><\/li><li><a href=\"https:\/\/mrticketfixer.com\/es\/traffic-tickets\/too-fast-for-conditions\/\">Acelerar R\u00e1pidamente en Condiciones de Riesgo<\/a><\/li><li><a href=\"https:\/\/mrticketfixer.com\/es\/traffic-tickets\/speeding-to-pass-slower-cars\/\">Acelerar y Rebasar un Carro Lento<\/a><\/li><\/ul><h4>Infracciones Penales<\/h4><p>Las infracciones de tr\u00e1nsito penales nunca deben tomarse a la ligera. Recibir una condena por conducir bajo los efectos del alcohol o por conducir de forma negligente (en primer grado) puede tener consecuencias graves e inmediatas. Es muy posible que pierda su licencia, se enfrente a una pena de c\u00e1rcel y tenga que pagar multas importantes. Si est\u00e1 luchando contra un delito penal, debe contratar a un abogado de inmediato.<\/p><ul><li><a href=\"https:\/\/mrticketfixer.com\/es\/criminal-defense\/dui-defense\/\">DUI<\/a><\/li><li><a href=\"https:\/\/mrticketfixer.com\/es\/criminal-defense\/negligent-driving-1st-degree\/\">Conducci\u00f3n Negligente (Primer Grado)<\/a><\/li><li><a href=\"https:\/\/mrticketfixer.com\/es\/criminal-defense\/reckless-driving\/\">Conducci\u00f3n Imprudente<\/a><\/li><\/ul><h4>Conductores con Licencias Comerciales y Profesionales<\/h4><p>Nos tomamos en serio todas las infracciones, pero les brindamos a los conductores profesionales la atenci\u00f3n y el cuidado adicionales que merecen, porque para usted, no es solo una multa, es su medio de vida. Ya sea que sea un conductor con licencia CDL en un cami\u00f3n semirremolque, un conductor de reparto de FedEx en una camioneta o un conductor de Uber en su propio autom\u00f3vil, recibir una multa puede afectar gravemente su bienestar. Los riesgos son mayores cuando su trabajo est\u00e1 en juego.<\/p><ul><li><a href=\"https:\/\/mrticketfixer.com\/es\/traffic-tickets\/cdl-traffic-tickets\/\">Conductores Profesionales e Infracciones de Tr\u00e1nsito<\/a><\/li><li><a href=\"https:\/\/mrticketfixer.com\/es\/criminal-defense\/dui-defense\/dui-impact-to-cdl\/\">Conductores Profesionales y DUI<\/a><\/li><\/ul><h4>Eliminaciones de Antecedentes Penales<\/h4><p>Ciertos cargos, despu\u00e9s de un cierto tiempo, pueden ser elegibles para ser eliminados de su expediente. Borrar su expediente puede ayudarlo a tener nuevas oportunidades y sentirse como comenzar de nuevo. Preg\u00fantele a un abogado qu\u00e9 puede hacer para borrar su pasado.<\/p><ul><li><a href=\"https:\/\/mrticketfixer.com\/es\/criminal-defense\/expungement\/\">Eliminaciones de Antecedentes Penales<\/a><\/li><\/ul>\t\t\t\t\t\t\t\t<\/div>\n\t\t\t\t\t<\/div>\n\t\t\t\t<\/div>\n\t\t\t\t<\/div>","protected":false},"excerpt":{"rendered":"<p>What We Do Tickets &#038; Criminal Defense Since 2017 Defending WA Drivers Multiple Offices Seattle, Tacoma, Olympia Service Area Western Washington Defending Drivers Since 2017 Civil Fight tickets in 10 minutes! Speeding HOV Violations Neg-2 Distracted Driving More&#8230; Traffic Tickets Criminal Minimize the fallout, and protect your future. DUI Neg-1 Reckless Driving More&#8230; Criminal Defense [&hellip;]<\/p>\n","protected":false},"author":10,"featured_media":0,"parent":0,"menu_order":0,"comment_status":"closed","ping_status":"closed","template":"","meta":{"_acf_changed":false,"footnotes":""},"class_list":["post-3371","page","type-page","status-publish","hentry"],"acf":[],"_links":{"self":[{"href":"https:\/\/mrticketfixer.com\/es\/wp-json\/wp\/v2\/pages\/3371","targetHints":{"allow":["GET"]}}],"collection":[{"href":"https:\/\/mrticketfixer.com\/es\/wp-json\/wp\/v2\/pages"}],"about":[{"href":"https:\/\/mrticketfixer.com\/es\/wp-json\/wp\/v2\/types\/page"}],"author":[{"embeddable":true,"href":"https:\/\/mrticketfixer.com\/es\/wp-json\/wp\/v2\/users\/10"}],"replies":[{"embeddable":true,"href":"https:\/\/mrticketfixer.com\/es\/wp-json\/wp\/v2\/comments?post=3371"}],"version-history":[{"count":0,"href":"https:\/\/mrticketfixer.com\/es\/wp-json\/wp\/v2\/pages\/3371\/revisions"}],"wp:attachment":[{"href":"https:\/\/mrticketfixer.com\/es\/wp-json\/wp\/v2\/media?parent=3371"}],"curies":[{"name":"wp","href":"https:\/\/api.w.org\/{rel}","templated":true}]}}