{"id":3455,"date":"2025-04-21T11:03:44","date_gmt":"2025-04-21T18:03:44","guid":{"rendered":"https:\/\/mrticketfixer.com\/?page_id=3455"},"modified":"2025-04-21T11:03:45","modified_gmt":"2025-04-21T18:03:45","slug":"sr-22-insurance","status":"publish","type":"page","link":"https:\/\/mrticketfixer.com\/es\/criminal-defense\/dui-defense\/dui-penalties-in-washington\/sr-22-insurance\/","title":{"rendered":"Seguro SR-22 y Responsabilidad Financiera"},"content":{"rendered":"<p>Si enfrenta un <a href=\"https:\/\/mrticketfixer.com\/es\/criminal-defense\/dui-defense\/\" data-type=\"page\" data-id=\"940\">DUI en Washington<\/a>, probablemente est\u00e9 analizando mucha informaci\u00f3n e incertidumbre. Una de las primeras cosas que puede surgir es el seguro SR-22, un requisito que a menudo resulta confuso y abrumador en un momento en que ya est\u00e1 lidiando con muchos asuntos.<\/p>\n\n\n\n<p>Afortunadamente, no est\u00e1 solo en este proceso. Muchas personas en Washington han transitado por el mismo camino, y con la orientaci\u00f3n adecuada, puede avanzar con confianza. El seguro SR-22 es solo un paso para volver a la normalidad despu\u00e9s de un DUI; comprender c\u00f3mo funciona puede ayudar a despejar parte del misterio y el estr\u00e9s, y facilitarle el camino.<\/p>\n\n\n\n<p>En Garguile Law, hemos ayudado a personas en todo el estado de Washington a gestionar los <a href=\"https:\/\/mrticketfixer.com\/es\/criminal-defense\/dui-defense\/dui-process-timelines\/\" data-type=\"page\" data-id=\"3431\">aspectos legales y administrativos de los cargos por DUI<\/a>, incluyendo la presentaci\u00f3n del SR-22. Con un enfoque directo y comprensivo, y un profundo conocimiento de las leyes estatales, estamos aqu\u00ed para ayudarle a dar el siguiente paso: uno que priorice su futuro y le coloque en la mejor posici\u00f3n posible para avanzar.<\/p>\n\n\n\n<h2 class=\"wp-block-heading\">\u00bfQu\u00e9 es el seguro SR-22 en el estado de Washington?<\/h2>\n\n\n\n<p>Si le han acusado de un cargo por <a href=\"https:\/\/mrticketfixer.com\/es\/criminal-defense\/dui-defense\/\" data-type=\"page\" data-id=\"940\">DUI en Washington<\/a>es posible que haya o\u00eddo hablar del t\u00e9rmino \"SR-22\" con frecuencia. A pesar de su nombre, el SR-22 <em>no<\/em> es una p\u00f3liza de seguro propiamente dicha. Es un <strong>un certificado de resonsabilidad financiera<\/strong> que su compa\u00f1\u00eda de seguros de auto presenta ante el Departamento de Licencias del Estado de Washington (DOL) para <em>demostrar<\/em> que cuenta con el seguro de auto y la cobertura de responsabilidad civil m\u00ednimos que exige la ley estatal.<\/p>\n\n\n\n<p>El certificado SR-22 sirve como <strong>comprobante legal oficial<\/strong> de que cumple con los requisitos de seguro de auto del estado de Washington despu\u00e9s de una infracci\u00f3n de tr\u00e1nsito grave, como conducir bajo los efectos del alcohol (DUI), conducci\u00f3n imprudente o conducir sin seguro. Esto se debe a que, despu\u00e9s de un DUI, se le considera un <strong>conductor de alto riesgo<\/strong>. El SR-22 demuestra al DOL que usted es financieramente responsable en caso de que ocurra otro incidente.<\/p>\n\n\n\n<p>Una vez que su aseguradora presente su SR-22, quedar\u00e1 bajo vigilancia. Cualquier caducidad, cancelaci\u00f3n o no renovaci\u00f3n de su p\u00f3liza de seguro de auto se reportar\u00e1 al Departamento de Licencias (DOL) de inmediato, lo que puede resultar en la suspensi\u00f3n de la licencia u otras penalidades.<\/p>\n\n\n\n<h2 class=\"wp-block-heading\">\u00bfC\u00f3mo afecta el seguro SR-22 a su licencia de conducir?<\/h2>\n\n\n\n<p>Usted puede <a href=\"https:\/\/mrticketfixer.com\/es\/criminal-defense\/dui-defense\/dol-hearing-dui-license-suspension\/\" data-type=\"page\" data-id=\"3406\">perder sus privilegios de conducir<\/a> en Washington si es condenado por conducir bajo la influencia del alcohol (DUI), o incluso si recibe una suspensi\u00f3n administrativa de la licencia de conducir mientras su caso est\u00e1 pendiente. <strong>Presentar un SR-22<\/strong> suele ser <strong>necesario<\/strong> para <strong>reestablecer su<\/strong> <strong>licencia de conducir<\/strong> o <strong>mantener privilegios de conducir limitados<\/strong>, como conducir con una <a href=\"https:\/\/dol.wa.gov\/driver-licenses-and-permits\/suspended-license\/types-driver-license-suspensions\/restricted-driver-licenses\/ignition-interlock-driver-license-iil\" target=\"_blank\" rel=\"noopener\">licencia de interbloqueo de encendido (IIL)<\/a>.<\/p>\n\n\n\n<p>Despu\u00e9s de un DUI o una suspensi\u00f3n de licencia relacionada, no podr\u00e1 conducir legalmente en el estado de Washington sin presentar un SR-22. El DOL requiere un comprobante de seguro mediante el SR-22 antes de considerar la posibilidad de restablecer su licencia. Si su seguro caduca por cualquier motivo durante el per\u00edodo requerido del SR-22  \u2013 usualmente <strong>3 a\u00f1os<\/strong> su licencia puede ser suspendida de nuevo inmediatamente, incluso si no conduc\u00eda durante ese tiempo.<\/p>\n\n\n\n<p>Por eso es importante no solo obtener cobertura de seguro y un SR-22 r\u00e1pidamente, sino tambi\u00e9n <strong>mantenerla sin interrupci\u00f3n<\/strong>. Si trabaja, estudia o cuida de su familia, estas restricciones de conducci\u00f3n pueden tener un grave impacto en su vida diaria. Pero con la asesor\u00eda legal adecuada, puede mantenerse al d\u00eda y evitar contratiempos costosos.<\/p>\n\n\n\n<h2 class=\"wp-block-heading\">Pasos para obtener un seguro SR-22 en Washington<\/h2>\n\n\n\n<p>La idea de cumplir con los requisitos del SR-22 despu\u00e9s de un DUI en Washington puede parecer abrumadora al principio, pero el proceso puede ser sencillo si sabe qu\u00e9 esperar.<\/p>\n\n\n\n<ol class=\"wp-block-list\">\n<li><strong>Confirme el requisito con el Departamento de Licencias de Washington (DOL) <\/strong>\u2013 Antes de tomar cualquier medida, es importante verificar si debe presentar un SR-22. En la mayor\u00eda de los casos, el DOL le notificar\u00e1 por correo si necesita presentar un SR-22 para restablecer su licencia o continuar con sus privilegios de conducir. Si no est\u00e1 seguro, puede contactar directamente al DOL o consultar el estado de su licencia en l\u00ednea.<\/li>\n\n\n\n<li><strong>Contacte con su Aseguradora de Auto<\/strong> \u2013  No todas las aseguradoras ofrecen la presentaci\u00f3n del SR-22, por lo que es posible que su aseguradora actual no pueda o no est\u00e9 dispuesta a ayudarle. En ese caso, deber\u00e1 buscar una aseguradora autorizada para presentar SR-22 en Washington. Si bien presentar el SR-22 no es costoso, prep\u00e1rese para que las primas de su seguro aumenten debido a la designaci\u00f3n de alto riesgo de que un DUI afecte su historial.<\/li>\n\n\n\n<li><strong>Adquiera una p\u00f3liza que incluya la presentaci\u00f3n del SR-22<\/strong> \u2013 Una vez que haya encontrado un proveedor, deber\u00e1 adquirir o modificar su p\u00f3liza de seguro de auto para que incluya la presentaci\u00f3n del SR-22. Esto puede implicar cambiar de aseguradora o trabajar con una compa\u00f1\u00eda especializada en cobertura de alto riesgo. Aseg\u00farese de que la p\u00f3liza cumpla con los requisitos m\u00ednimos de responsabilidad civil del estado de Washington.<\/li>\n\n\n\n<li><strong>Solicite a su Aseguradora que Presente el SR-22 Ante el Departamento de Licencias (DOL):<\/strong> \u2013\u00a0Su compa\u00f1\u00eda de seguros, no usted, debe presentar el certificado SR-22 directamente ante el Departamento de Licencias (DOL) de Washington. Una vez presentado, generalmente recibir\u00e1 confirmaci\u00f3n tanto de su aseguradora como del estado. Conserve la documentaci\u00f3n para sus registros y est\u00e9 cubierto en caso de que surja alg\u00fan problema.<\/li>\n\n\n\n<li><strong>Verifique la Restituci\u00f3n de su Licencia (Si Aplica):<\/strong> \u2013 Si su licencia fue suspendida por conducir bajo los efectos del alcohol (DUI), podr\u00eda ser elegible para su restituci\u00f3n despu\u00e9s de que su SR-22 est\u00e9 registrado y haya cumplido con otras condiciones, como las clases de DUI, las multas o los requisitos del bloqueo de encendido. El Departamento de Licencia (DOL) le informar\u00e1 cu\u00e1ndo podr\u00e1 restituir su licencia.<\/li>\n\n\n\n<li><strong>Mantenga una Cobertura Continua<\/strong> \u2013 Este paso es Fundamental: usted <em>debe<\/em> mantener su p\u00f3liza de seguro SR-22 activa durante todo el per\u00edodo requerido, generalmente 3 a\u00f1os. Esto aplica incluso si no conduce. Cualquier lapso, incluso de un solo d\u00eda, puede resultar en la resuspensi\u00f3n de su licencia y podr\u00eda tener que comenzar el proceso desde cero.<\/li>\n<\/ol>\n\n\n\n<p>Seguir estos pasos pronto, y evitar errores comunes consultando con un abogado con experiencia, puede ayudarle a recuperar el control de su licencia de conducir despu\u00e9s de un cargo por DUI. Si bien el proceso conlleva cierto estr\u00e9s, una buena asesor\u00eda legal puede garantizar que cumpla con todos los requisitos legales sin demoras ni sorpresas desagradables.<\/p>\n\n\n\n<h2 class=\"wp-block-heading\">\u00bfCu\u00e1nto Tiempo Debe Mantener un Seguro SR-22?<\/h2>\n\n\n\n<p>En la mayor\u00eda de los casos relacionados con DUI en Washington, debe mantener su seguro SR-22 durante <strong>durante 3 a\u00f1os consecutivos a partir de la fecha en que se restablezca su permiso de conducir<\/strong>. Este plazo lo establece el Departamento de Licencias del Estado de Washington y se aplica estrictamente.<\/p>\n\n\n\n<p>Es importante entender que se trata de un <strong>requisito de cobertura continua<\/strong>. Si su p\u00f3liza se cancela, caduca o vence antes de que se complete el per\u00edodo de 3 a\u00f1os, podr\u00eda enfrentar multas, la suspensi\u00f3n de la licencia o incluso una extensi\u00f3n del requisito de su SR-22.<\/p>\n\n\n\n<p>Tambi\u00e9n cabe destacar que el requisito de 3 a\u00f1os puede variar seg\u00fan la naturaleza de su delito y su historial de conducci\u00f3n. <strong>Por ejemplo<\/strong>, si tiene m\u00faltiples DUI o infracciones por conducir sin seguro, esto podr\u00eda resultar en mandatos de SR-22 m\u00e1s largos. Su abogado puede ayudarle a aclarar la duraci\u00f3n exacta de su caso espec\u00edfico y garantizar que cumpla con todas las obligaciones legales necesarias. De esta manera, evitar\u00e1 futuras sanciones.<\/p>\n\n\n\n<h2 class=\"wp-block-heading\">\u00bfExisten Alternativas al Seguro SR-22 en Washington?<\/h2>\n\n\n\n<p>Para la mayor\u00eda de las personas, el seguro SR-22 es la \u00fanica opci\u00f3n viable despu\u00e9s de un DUI. Sin embargo, el estado de Washington ofrece <strong>algunas alternativas limitadas<\/strong> para demostrar la responsabilidad financiera:<\/p>\n\n\n\n<ul class=\"wp-block-list\">\n<li><strong>Certificado de Dep\u00f3sito<\/strong> \u2013  Puede depositar $60,000 en efectivo o valores ante la Tesorer\u00eda del Estado de Washington. Esta opci\u00f3n funciona b\u00e1sicamente como una garant\u00eda de auto-seguro, pero suele estar fuera del alcance de la mayor\u00eda de los conductores debido al alto costo inicial.<\/li>\n\n\n\n<li><strong>Fianza de Responsabilidad Civil <\/strong>\u2013  Puede adquirir una fianza por el mismo monto de $60,000 a una compa\u00f1\u00eda de fianzas con licencia en Washington. Al igual que el certificado de dep\u00f3sito, esta sirve como prueba de responsabilidad financiera, pero suele implicar criterios de calificaci\u00f3n estrictos, tiene un alto costo inicial y no se utiliza com\u00fanmente en casos de DUI.<\/li>\n<\/ul>\n\n\n\n<p>Si bien estas alternativas son legales seg\u00fan la ley estatal, no son pr\u00e1cticas para la mayor\u00eda de las personas debido a su costo, complejidad y disponibilidad limitada. El seguro SR-22 sigue siendo el m\u00e9todo m\u00e1s accesible y ampliamente utilizado para cumplir con los requisitos de responsabilidad financiera de Washington despu\u00e9s de un DUI. Si no est\u00e1 seguro de cu\u00e1l es la mejor opci\u00f3n para usted, o si tiene dificultades para obtener un seguro SR-22, le recomendamos hablar con un abogado que comprenda tanto el mercado de seguros como los matices de la ley de DUI en Washington.<\/p>\n\n\n\n<p>Un requisito de SR-22 es m\u00e1s que papeleo: es una obligaci\u00f3n legal que puede tener graves consecuencias si no se gestiona correctamente. Pero tambi\u00e9n es un paso f\u00e1cil de seguir para recuperar su vida despu\u00e9s de un DUI. Comprender los requisitos, evitar los errores comunes y contar con alguien que conozca el sistema de su lado puede marcar la diferencia.<\/p>\n\n\n\n<p>Si enfrenta un cargo por DUI en Washington y no est\u00e1 seguro de qu\u00e9 hacer a continuaci\u00f3n, no tiene que afrontarlo solo. La representaci\u00f3n legal adecuada puede ayudarle a proteger sus derechos, reducir cargas innecesarias y guiarlo hacia la mejor resoluci\u00f3n posible. En Garguile Law, estamos aqu\u00ed para ayudarle en cada etapa de este proceso, desde el tribunal hasta el DMV. Demos el siguiente paso juntos. <a href=\"https:\/\/mrticketfixer.com\/es\/contact\/\" data-type=\"page\" data-id=\"91\">Cont\u00e1ctenos ahora<\/a>.<\/p>","protected":false},"excerpt":{"rendered":"<p>If you\u2019re facing a DUI in Washington, you\u2019re probably sorting through a lot of information and uncertainty. One of the first things that may come up is SR-22 insurance, a requirement that often feels confusing and overwhelming at a time when you\u2019re already dealing with a lot. Fortunately, you\u2019re not alone in this process. Many [&hellip;]<\/p>\n","protected":false},"author":7,"featured_media":0,"parent":1190,"menu_order":0,"comment_status":"closed","ping_status":"closed","template":"","meta":{"_acf_changed":false,"footnotes":""},"class_list":["post-3455","page","type-page","status-publish","hentry"],"acf":[],"_links":{"self":[{"href":"https:\/\/mrticketfixer.com\/es\/wp-json\/wp\/v2\/pages\/3455","targetHints":{"allow":["GET"]}}],"collection":[{"href":"https:\/\/mrticketfixer.com\/es\/wp-json\/wp\/v2\/pages"}],"about":[{"href":"https:\/\/mrticketfixer.com\/es\/wp-json\/wp\/v2\/types\/page"}],"author":[{"embeddable":true,"href":"https:\/\/mrticketfixer.com\/es\/wp-json\/wp\/v2\/users\/7"}],"replies":[{"embeddable":true,"href":"https:\/\/mrticketfixer.com\/es\/wp-json\/wp\/v2\/comments?post=3455"}],"version-history":[{"count":0,"href":"https:\/\/mrticketfixer.com\/es\/wp-json\/wp\/v2\/pages\/3455\/revisions"}],"up":[{"embeddable":true,"href":"https:\/\/mrticketfixer.com\/es\/wp-json\/wp\/v2\/pages\/1190"}],"wp:attachment":[{"href":"https:\/\/mrticketfixer.com\/es\/wp-json\/wp\/v2\/media?parent=3455"}],"curies":[{"name":"wp","href":"https:\/\/api.w.org\/{rel}","templated":true}]}}