{"id":3456,"date":"2025-04-21T10:49:20","date_gmt":"2025-04-21T17:49:20","guid":{"rendered":"https:\/\/mrticketfixer.com\/?page_id=3456"},"modified":"2025-04-21T10:55:55","modified_gmt":"2025-04-21T17:55:55","slug":"baby-dui-under-21","status":"publish","type":"page","link":"https:\/\/mrticketfixer.com\/es\/criminal-defense\/dui-defense\/baby-dui-under-21\/","title":{"rendered":"DUI en Menores \u2013 Obtener un DUI siendo Menor de 21 A\u00f1os"},"content":{"rendered":"<p>Ser acusado de un DUI de menores o \"Baby DUI\" en Washington puede sentirse abrumador y estresante. Ya sea que haya tenido un solo lapsus de juicio o haya habido un malentendido, las consecuencias de una condena pueden ir mucho m\u00e1s all\u00e1 de la sala del tribunal. Un DUI en su historial podr\u00eda <a href=\"https:\/\/mrticketfixer.com\/es\/criminal-defense\/dui-defense\/dol-hearing-dui-license-suspension\/\" data-type=\"page\" data-id=\"3406\">afectar su licencia de conducir<\/a>, educaci\u00f3n, perspectivas laborales y planes futuros.<\/p>\n\n\n\n<p>En un momento en que deber\u00eda estar construyendo una vida orientada hacia sus metas, un contratiempo legal como este puede sentirse como si pusiera todo en riesgo. Por eso es crucial entender a qu\u00e9 se enfrenta y qu\u00e9 puede hacer para proteger sus derechos y su historial.<\/p>\n\n\n\n<p>Con la orientaci\u00f3n legal adecuada, tiene muchas m\u00e1s posibilidades de navegar este proceso de manera estrat\u00e9gica y minimizar el impacto duradero de este incidente en su vida. Nuestra firma de abogados ha manejado numerosos casos de DUI de menores en todo Washington. Entendemos tanto las complejidades de la ley como el lado humano de lo que est\u00e1 pasando, y podemos ayudarle.<\/p>\n\n\n\n<h2 class=\"wp-block-heading\">\u00bfCu\u00e1les son los L\u00edmites para DUI si Tienes menos de 21 a\u00f1os?<\/h2>\n\n\n\n<p>En el estado de Washington, conducir bajo la influencia se toma en serio a cualquier edad, pero las reglas son a\u00fan m\u00e1s estrictas para las <strong>personas menores de 21 a\u00f1os<\/strong>. Mientras que los adultos pueden ser acusados de DUI por una concentraci\u00f3n de alcohol en sangre (BAC) de 0.08% o m\u00e1s, los menores y los conductores menores de edad enfrentan consecuencias legales si su <strong>BAC es de solo 0.02% o m\u00e1s<\/strong>.<\/p>\n\n\n\n<p>Esto significa que incluso una peque\u00f1a cantidad de alcohol, muy por debajo de lo que afectar\u00eda legalmente a un adulto, puede llevar a un cargo de <strong>Baby DUI (DUI en menores)<\/strong> si tienes menos de 21 a\u00f1os. En estos casos, las fuerzas del orden ni siquiera necesitan demostrar que estaba incapacitado para arrestarle bajo este cargo. Simplemente tener trazas de alcohol en su sistema puede ser suficiente para un <strong>DUI en menores<\/strong>.<\/p>\n\n\n\n<p>Adem\u00e1s del alcohol, la ley de Washington tambi\u00e9n cubre el cannabis (marihuana) y otras sustancias. Si le  encuentran con <em>cualquier<\/em> cantidad de THC en sangre, incluso si no est\u00e1 impedido, puede enfrentarse a un DUI menor o un Baby DUI. La ley est\u00e1 dise\u00f1ada para ser estricta y preventiva, pero tambi\u00e9n puede parecer dura, especialmente si es su primer encuentro con el sistema legal.<\/p>\n\n\n\n<h3 class=\"wp-block-heading\">\u00bfC\u00f3mo le afecta la pol\u00edtica de tolerancia cero de Washington?<\/h3>\n\n\n\n<p>La <strong>policia de tolerancia cero<\/strong> del Estado de Washington, significa que el margen de error es casi inexistente para los conductores menores de 21 a\u00f1os. Incluso una sola bebida o una peque\u00f1a cantidad de marihuana pueden resultar en un cargo de Baby DUI, independientemente de si se siente impedido o inseguro para conducir.<\/p>\n\n\n\n<p>Como resultado, esta pol\u00edtica puede acelerar la inclusi\u00f3n de los conductores m\u00e1s j\u00f3venes en el sistema de justicia penal por lo que puede parecer un peque\u00f1o error con consecuencias desproporcionadas.<\/p>\n\n\n\n<p>Adem\u00e1s, si eres un menor que es arrestado con un <strong>BAC de 0.08 o una concentraci\u00f3n de THC en sangre de 5.00 nanogramos (ng\/mL) o m\u00e1s.<\/strong> \u2013 puedes ser acusado con un <strong>DUI regular de adultos<\/strong>.<\/p>\n\n\n\n<p>Estas pol\u00edticas est\u00e1n destinadas a proteger la seguridad p\u00fablica en Washington, pero pueden dejar a los j\u00f3venes enfrentando consecuencias que cambian la vida por una sola mala decisi\u00f3n. La buena noticia es que <em>si<\/em> tiene opciones legales. Una defensa s\u00f3lida puede ayudar a <a href=\"https:\/\/mrticketfixer.com\/es\/criminal-defense\/dui-defense\/how-to-beat-a-dui\/\" data-type=\"page\" data-id=\"2385\">reducir o incluso desestimar los cargos en su contra<\/a>, proteger sus privilegios de conducci\u00f3n y mantener su historial lo m\u00e1s limpio posible.<\/p>\n\n\n\n<h2 class=\"wp-block-heading\">\u00bfCu\u00e1les son las sanciones por un DUI en menores?<\/h2>\n\n\n\n<p>Las penas por un DUI en menores de edad en Washington pueden ser severas, incluso para una primera ofensa. Aunque el objetivo de estas leyes es desalentar el comportamiento inseguro, la realidad es que muchos j\u00f3venes conductores enfrentan castigos que pueden sentirse desproporcionados en relaci\u00f3n con el error.<\/p>\n\n\n\n<p>Si usted es condenado, podr\u00eda enfrentar las siguientes penas:<\/p>\n\n\n\n<ul class=\"wp-block-list\">\n<li><strong>\u2022\tSuspensi\u00f3n de la Licencia de Conducir<\/strong> \u2013 Una suspensi\u00f3n m\u00ednima de 90 d\u00edas por una primera ofensa, con un aumento potencial a 1 a\u00f1o si se niega a una prueba de aliento o sangre despu\u00e9s de su arresto.<\/li>\n\n\n\n<li><strong>Multas y Tarifas <\/strong>\u2013 Un \"baby\" o un DUI menor enfrentar\u00e1 una multa m\u00e1xima de $1,000. Las penas ser\u00e1n m\u00e1s altas si le acusan de un DUI regular para adultos debido a una mayor concentraci\u00f3n de BAC o THC. Es probable que sus tarifas de seguro tambi\u00e9n aumenten.<\/li>\n\n\n\n<li><strong>Tiempo en la c\u00e1rcel o Servicio Comunitario<\/strong> \u2013 El tiempo m\u00e1ximo que puede cumplir en la c\u00e1rcel por un DUI menor es de 90 d\u00edas, aunque esto es poco probable. Los tribunales pueden asignarle libertad condicional, clases obligatorias de educaci\u00f3n sobre el alcohol o requisitos de servicio comunitario en su lugar.<\/li>\n\n\n\n<li><strong>Dispositivo de Bloqueo de Encendido (IID)<\/strong> \u2013 En algunos casos, el tribunal puede requerir que se instale un IID en su veh\u00edculo a su propio costo. Este mecanismo impide que su veh\u00edculo se encienda a menos que puedas pasar una prueba de alcoholemia.<\/li>\n<\/ul>\n\n\n\n<p>Es importante tener en cuenta que las <a href=\"https:\/\/mrticketfixer.com\/es\/criminal-defense\/dui-defense\/dui-penalties-in-washington\/\" data-type=\"page\" data-id=\"1190\">Penalidades por DUI<\/a> pueden volverse significativamente m\u00e1s severas si hubo <a href=\"https:\/\/mrticketfixer.com\/es\/criminal-defense\/dui-defense\/dui-penalties-in-washington\/aggravating-factors\/\" data-type=\"page\" data-id=\"3435\">circunstancias agravantes<\/a> en su arresto, como una colisi\u00f3n o accidente que result\u00f3 en lesiones, un nivel de BAC o THC muy alto, o si hab\u00eda otros pasajeros en el veh\u00edculo, especialmente si tambi\u00e9n eran menores de edad.<\/p>\n\n\n\n<p>Tener a un abogado experimentado en quien conf\u00ede a su lado puede ayudarle a navegar mejor estas sanciones. Su abogado puede trabajar para reducir los cargos en su contra o mantenerlos fuera de su historial a trav\u00e9s de acuerdos negociados o programas alternativos.<\/p>\n\n\n\n<h2 class=\"wp-block-heading\">El impacto de un DUI en menores de edad en su futuro<\/h2>\n\n\n\n<p>Cualquiera que sean las consecuencias legales que enfrente, son solo una parte de la ecuaci\u00f3n. Desafortunadamente, una condena por DUI siendo menor de edad puede tener efectos en cadena que le seguir\u00e1n durante a\u00f1os despu\u00e9s de que el caso haya cerrado. Su futuro puede verse afectado de las siguientes maneras:<\/p>\n\n\n\n<ul class=\"wp-block-list\">\n<li><strong>Oportunidades Educativas<\/strong> \u2013 Las universidades pueden negar la admisi\u00f3n o las becas a los solicitantes con antecedentes de DUI. Si ya est\u00e1 matriculado, su escuela puede imponer acciones disciplinarias.<\/li>\n\n\n\n<li><strong>Empleo y Pasant\u00edas<\/strong> \u2013 Muchos empleadores realizan verificaciones de antecedentes y un DUI puede limitar la elegibilidad para trabajos, especialmente aquellos que requieren conducir o una autorizaci\u00f3n de seguridad.<\/li>\n\n\n\n<li><strong>Tarifas de Seguro de Auto<\/strong> \u2013 Un DUI puede llevar a un aumento significativo en las primas de seguro o hacer que sea dif\u00edcil obtener cobertura en absoluto porque se le considera un riesgo mayor.<\/li>\n<\/ul>\n\n\n\n<p>Afortunadamente, en el estado de Washington, una condena por DUI menor o Baby DUI <em>no<\/em> cuenta como un delito previo si m\u00e1s tarde le acusan de un DUI regular como adulto.<\/p>\n\n\n\n<p>Lo m\u00e1s importante es que una condena puede cambiar c\u00f3mo le perciben \u2013 las escuelas, los empleadores e incluso sus compa\u00f1eros. Por eso, luchar por mantener su historial limpio no se trata solo de evitar un castigo ahora, sino de preservar su reputaci\u00f3n, su libertad y su capacidad para avanzar en la vida con una pizarra en blanco y sin obst\u00e1culos innecesarios.<\/p>\n\n\n\n<h2 class=\"wp-block-heading\">Defendiendo Contra Cargos de DUI para Menores de Edad<\/h2>\n\n\n\n<p>Es importante recordar que un cargo de DUI <em>no<\/em> significa autom\u00e1ticamente una condena. Usted tiene el derecho de defenderse, y el sistema legal permite que impugne las pruebas, los procedimientos e incluso las circunstancias de su arresto.<\/p>\n\n\n\n<p>Con la estrategia legal adecuada, a menudo es posible reducir la gravedad de los cargos o las penas que enfrenta, o incluso evitarlas por completo en algunos casos. Las estrategias de defensa comunes incluyen:<\/p>\n\n\n\n<ul class=\"wp-block-list\">\n<li><strong>Cuestionar la Parada de Tr\u00e1fico<\/strong> \u2013 La polic\u00eda debe tener una raz\u00f3n legal v\u00e1lida llamada sospecha razonable para detenerle. Sin ello, todo su caso podr\u00eda ser desestimado.<\/li>\n\n\n\n<li><strong>Cuestionando la Precisi\u00f3n de las Pruebas Qu\u00edmicas<\/strong> \u2013 Los alcohol\u00edmetros y las pruebas de sangre deben ser manejados y mantenidos adecuadamente. Si hubo un error, los resultados pueden ser inadmisibles.<\/li>\n\n\n\n<li><strong>Argumentar Violaciones Procesales <\/strong>\u2013Si sus derechos fueron violados durante el arresto (como no leer sus derechos Miranda), eso podr\u00eda afectar el caso de la fiscal\u00eda.<\/li>\n\n\n\n<li><strong>Explicaciones M\u00e9dicas o Diet\u00e9ticas<\/strong> \u2013 En casos raros, condiciones de salud o incluso ciertas dietas pueden llevar a falsos positivos en las pruebas de aliento.<\/li>\n\n\n\n<li><strong>Negociar un Cargo Menor o un Programa de Desviaci\u00f3n<\/strong> \u2013 Para los infractores primerizos, puede ser posible negociar un cargo reducido (como conducci\u00f3n temeraria) o ingresar a un programa de desviaci\u00f3n o educaci\u00f3n que le ayude a evitar una condena permanente.<\/li>\n<\/ul>\n\n\n\n<p>Cada caso es \u00fanico. Lo que funciona en una situaci\u00f3n puede no aplicarse a otra. Por eso es tan importante tener un abogado que entienda tanto las complejidades legales como las consecuencias reales que est\u00e1 enfrentando. Una defensa reflexiva y bien preparada puede marcar la diferencia no solo en su caso judicial, sino tambi\u00e9n para su futuro a largo plazo.<\/p>\n\n\n\n<p>Enfrentar un cargo de DUI siendo menor de edad no es el final de su historia, pero c\u00f3mo respondas puede influir en lo que venga despu\u00e9s. El sistema legal es complejo, especialmente para las personas menores de 21 a\u00f1os. Sin un abogado conocedor a su lado, es f\u00e1cil perder oportunidades en su caso que podr\u00edan llevar a un mejor resultado. Tambi\u00e9n es importante actuar r\u00e1pidamente.<\/p>\n\n\n\n<p>Si usted o <a href=\"https:\/\/mrticketfixer.com\/es\/criminal-defense\/dui-defense\/how-to-help\/\" data-type=\"page\" data-id=\"3445\">alguien que le importa<\/a> est\u00e1 lidiando con un DUI de menores en Washington, no tienen que hacerlo solos. Nuestra firma est\u00e1 aqu\u00ed para guiarle en cada paso, brindando confianza, claridad y una defensa s\u00f3lida de su lado del caso. Perm\u00edtanos ayudarle a proteger lo que m\u00e1s importa: sus derechos, su historial y su futuro.<\/p>\n\n\n\n<p><a href=\"https:\/\/mrticketfixer.com\/es\/contact\/\" data-type=\"page\" data-id=\"91\">Cont\u00e1cte<\/a> a los abogados experimentados en DUI de Garguile Law para comenzar con su caso ahora.<\/p>","protected":false},"excerpt":{"rendered":"<p>Getting charged with an underage or \u201cBaby DUI&#8221; in Washington can feel overwhelming and stressful. Whether you had a single lapse in judgment or there was a misunderstanding, the consequences of a conviction can reach far beyond the courtroom. A DUI on your record could affect your driver\u2019s license, education, job prospects, and future plans. [&hellip;]<\/p>\n","protected":false},"author":7,"featured_media":0,"parent":940,"menu_order":0,"comment_status":"closed","ping_status":"closed","template":"","meta":{"_acf_changed":false,"footnotes":""},"class_list":["post-3456","page","type-page","status-publish","hentry"],"acf":[],"_links":{"self":[{"href":"https:\/\/mrticketfixer.com\/es\/wp-json\/wp\/v2\/pages\/3456","targetHints":{"allow":["GET"]}}],"collection":[{"href":"https:\/\/mrticketfixer.com\/es\/wp-json\/wp\/v2\/pages"}],"about":[{"href":"https:\/\/mrticketfixer.com\/es\/wp-json\/wp\/v2\/types\/page"}],"author":[{"embeddable":true,"href":"https:\/\/mrticketfixer.com\/es\/wp-json\/wp\/v2\/users\/7"}],"replies":[{"embeddable":true,"href":"https:\/\/mrticketfixer.com\/es\/wp-json\/wp\/v2\/comments?post=3456"}],"version-history":[{"count":0,"href":"https:\/\/mrticketfixer.com\/es\/wp-json\/wp\/v2\/pages\/3456\/revisions"}],"up":[{"embeddable":true,"href":"https:\/\/mrticketfixer.com\/es\/wp-json\/wp\/v2\/pages\/940"}],"wp:attachment":[{"href":"https:\/\/mrticketfixer.com\/es\/wp-json\/wp\/v2\/media?parent=3456"}],"curies":[{"name":"wp","href":"https:\/\/api.w.org\/{rel}","templated":true}]}}