{"id":941,"date":"2019-01-24T09:38:56","date_gmt":"2019-01-24T09:38:56","guid":{"rendered":"http:\/\/mrticketfixer.lawyertestsite.com\/?page_id=941"},"modified":"2024-12-24T08:19:19","modified_gmt":"2024-12-24T16:19:19","slug":"expungement","status":"publish","type":"page","link":"https:\/\/mrticketfixer.com\/es\/criminal-defense\/expungement\/","title":{"rendered":"Abogados de Defensa para Eliminaci\u00f3n de Antecedentes Penales"},"content":{"rendered":"<h2 class=\"wp-block-heading\">Limpiar su Historial de Antecedentes Penales<\/h2>\n\n\n\n<p>Todos hemos cometido errores en la vida y, para algunos, eso significa quedarse con antecedentes criminales. Si puede identificarse, no est\u00e1 solo- <a href=\"https:\/\/techjury.net\/blog\/criminal-record-statistics\/#gref\" target=\"_blank\" rel=\"noopener\">77 millones de Estadounidenses<\/a> caminan ahora mismo con antecedentes criminales, buscando un nuevo comienzo y, m\u00e1s que nada, un camino a seguir sin un error est\u00fapido cometido hace a\u00f1os colgando sobre sus cabezas. Si esto le suena familiar, la mejor acci\u00f3n es comunicarse con un abogado especializado en Eliminaci\u00f3n de Antecedentes criminales de Washington para que le ayude a limpiar sus antecedentes criminales.<\/p>\n\n\n\n<h3 class=\"wp-block-heading\">C\u00f3mo Limpiar Antecedentes Criminales en Washington<\/h3>\n\n\n\n<p>Incluso si nunca fue acusado o condenado por un delito, la b\u00fasqueda en historiales p\u00fablicos podr\u00eda indicar que tiene antecedentes criminales . Si alguna vez la polic\u00eda tom\u00f3 sus datos y lo arrestaron legalmente, esta informaci\u00f3n pasa a formar parte del historial p\u00fablico: un historial puede seguir a una persona durante el resto de su vida.<\/p>\n\n\n\n<p>Los antecedentes criminales pueden afectar la capacidad de una persona para conseguir un trabajo o trabajar en determinadas profesiones que requieren licencias especiales. Puede afectar su capacidad para conseguir una vivienda y seguir una educaci\u00f3n. Por estas razones y muchas otras, miles de personas buscan que sus antecedentes criminales sean eliminados o invalidados cada a\u00f1o con la ayuda de un abogado especializado en eliminaci\u00f3n de antecedentes criminales en Washington.<\/p>\n\n\n\n<p>Obtener la eliminaci\u00f3n de antecedentes criminales parece una excelente manera para que las personas atrapadas en el sistema judicial escapen de la puerta giratoria. Pero, \u00bfqu\u00e9 significa \"eliminar\u201d los antecedentes criminales? \u00bfY cu\u00e1l es la diferencia entre ser \u201celiminado\u201d e \u201cinvalidado\u201d?  Los abogados expertos en eliminaci\u00f3n de antecedentes criminales de Washington de nuestro equipo pueden responder estas preguntas y m\u00e1s. Pero para tener una idea de lo que le podr\u00eda pasar si solicita que se elimine o invalide una condena criminal en el Estado de Washington, aqu\u00ed encontrar\u00e1 informaci\u00f3n que puede resultarle \u00fatil.<\/p>\n\n\n\n<h4 class=\"wp-block-heading\">\u00bfQu\u00e9 significa \u201celiminar\u201d una condena?<\/h4>\n\n\n\n<p>En el contexto legal, cuando se eliminan antecedentes criminales, se eliminan por completo de su historial. Cuando se elimina un antecedente de condena criminal, se destruye de los registros estatales o federales o se oculta a la vista. Esto se hace mediante una orden de eliminaci\u00f3n de antecedentes criminales que ordena al tribunal de la jurisdicci\u00f3n que preside tratar la condena como si nunca hubiera ocurrido. Las eliminaciones de antecedentes criminales son comunes en los procedimientos de los tribunales de menores, pero son poco comunes en los tribunales federales y en la mayor\u00eda de los tribunales estatales para adultos.<\/p>\n\n\n\n<p>Las personas condenadas por un delito eventualmente querr\u00e1n intentar eliminar esa condena de sus antecedentes criminales. La mayor\u00eda de las personas que buscan limpiar sus antecedentes pueden solicitar la eliminaci\u00f3n de antecedentes criminales, pero probablemente no calificar\u00e1n. Sin embargo, pueden ser elegibles para  \u201cinvalidar\u201d su condena con la ayuda de un abogado experto en Eliminaci\u00f3n de Antecedentes Criminales en Washington.<\/p>\n\n\n\n<h4 class=\"wp-block-heading\">\u00bfQu\u00e9 significa \u201cinvalidar\u201d una condena?<\/h4>\n\n\n\n<p>Cuando un tribunal \u201cinvalida\u201d una condena, elimina el fallo de culpabilidad y desestima el cargo. El tribunal revoca la condena. Invalidar una condena es \u00fatil, pero no borra la informaci\u00f3n de dondequiera que la encuentre. Esto es especialmente cierto en la era digital. Sin embargo, le brinda cierta protecci\u00f3n.<\/p>\n\n\n\n<p>The most important of those protections is the legal right to tell anyone, including a potential employer or landlord, that you have not been convicted of a crime and do not have a criminal record.&nbsp; A Washington expungement lawyer can explain this to you in more detail and whether you would qualify to vacate your past conviction.<\/p>\n\n\n\n<h4 class=\"wp-block-heading\">\u00bfPuedo Eliminar mis Antecedentes Criminales en Washington?<\/h4>\n\n\n\n<p>No. No existe ning\u00fan proceso para  eliminar (remover) una condena criminal de un adulto en el estado de Washington, independientemente de si se trata de un delito grave, un delito menor grave o un delito menor. Los datos que no sean relacionados con una condena pueden ser eliminados, pero la mayor\u00eda no calificar\u00e1n para esta situaci\u00f3n \u00fanica. Aunque no puede eliminar sus condenas criminales si se trata de un adulto, es posible que pueda invalidarlas.<\/p>\n\n\n\n<h4 class=\"wp-block-heading\">\u00bfPuedo Invalidar mis Antecedentes Criminales en Washington?<\/h4>\n\n\n\n<p>En julio de 2019, el Estado de Washington adopt\u00f3 la Ley Nueva Esperanza. Esta ley facilit\u00f3 la invalidaci\u00f3n de condenas criminales dentro de la jurisdicci\u00f3n, aument\u00f3 los tipos de condenas por delitos menores elegibles para invalidar y permiti\u00f3 que se invalidaran varios delitos menores a la vez.<\/p>\n\n\n\n<p>Hay ciertos delitos que los tribunales de Washington no permitir\u00e1n que se invaliden. Por ejemplo, los delitos sexuales no pueden invalidarse con una sola excepci\u00f3n: un delincuente sexual condenado puede invalidar una condena por no registrarse como tal. Los delitos violentos y los intentos de cometer delitos violentos tampoco son elegibles para ser invalidados. Para saber si sus delitos pasados \u200b\u200bson elegibles o est\u00e1n prohibidos para ser invalidados, llame a un abogado defensor para una consulta r\u00e1pida y gratuita.<\/p>\n\n\n\n<h3 class=\"wp-block-heading\">C\u00f3mo Invalidar un Delito Menor en el Estado de Washington<\/h3>\n\n\n\n<p>Como puede explicar cualquier abogado especializado en eliminaci\u00f3n de antecedentes criminales de Washington, los delitos menores son generalmente delitos que se castigan con no m\u00e1s de un a\u00f1o de c\u00e1rcel o una multa de 5.000 d\u00f3lares. Si fue condenado por un delito menor en el Estado de Washington, puede solicitar la invalidaci\u00f3n de sus antecedentes criminales si:<\/p>\n\n\n\n<ol class=\"wp-block-list\">\n<li>Han transcurrido al menos tres a\u00f1os desde que cumpli\u00f3 todos los t\u00e9rminos de la sentencia criminal, incluidas los costos judiciales y las infracciones;<\/li>\n\n\n\n<li>No tiene cargos criminales pendientes ni ha sido condenado por ning\u00fan delito nuevo en ning\u00fan tribunal estatal o federal;<\/li>\n\n\n\n<li>Actualmente, no tiene ninguna orden de violencia dom\u00e9stica, ning\u00fan contacto o antiacoso en su contra; y<\/li>\n\n\n\n<li>Su condena no fue por DUI (Manejar Bajo la Influencia), delito sexual o delito violento.<\/li>\n<\/ol>\n\n\n\n<h3 class=\"wp-block-heading\">C\u00f3mo Invalidar un Delito Grave en el Estado de Washington<\/h3>\n\n\n\n<p>Las condenas por delitos graves se consideran delitos serios. Como resultado, lograr que se invalide un delito grave en el estado de Washington puede ser m\u00e1s dif\u00edcil que lograr que un antecedente de delito menor se invalide Por ejemplo, a una persona condenada por un delito grave de Clase A no se le pueden invalidar sus antecedentes criminales en el Estado de Washington. Aun as\u00ed, alguien condenado por un delito grave en el estado de Washington puede solicitar una orden de invalidaci\u00f3n de cargos con la ayuda de un Abogado Especializado en Eliminaci\u00f3n de Antecedentes Criminales de Washington si:<\/p>\n\n\n\n<ol class=\"wp-block-list\">\n<li>Su condena por delito grave se cometi\u00f3 a partir del 1 de julio de 1984;<\/li>\n\n\n\n<li>No tiene cargos criminales pendientes en su contra en ning\u00fan tribunal estatal o federal;<\/li>\n\n\n\n<li>Si fue condenado por un delito grave de clase B, no ha tenido otras condenas criminales en los \u00faltimos diez a\u00f1os. Han pasado al menos diez a\u00f1os desde su liberaci\u00f3n de la custodia o desde la fecha de su sentencia;\u00a0<\/li>\n\n\n\n<li>Si fue condenado por un delito grave de clase C, no ha tenido otras condenas criminales en ning\u00fan lugar en los \u00faltimos cinco a\u00f1os. Han pasado al menos cinco a\u00f1os desde su liberaci\u00f3n de la custodia o desde la fecha de su sentencia; Y\u00a0<\/li>\n\n\n\n<li>Su condena no est\u00e1 prohibida por ley. Haga clic aqu\u00ed para obtener una lista completa de delitos graves en Washington que no pueden invalidarse.<\/li>\n<\/ol>\n\n\n\n<h3 class=\"wp-block-heading\">\u00bfCu\u00e1nto Cuesta un Abogado de Eliminaci\u00f3n de Antecedentes Criminales?<\/h3>\n\n\n\n<p>El costo de invalidar su historial depende de la cantidad de condenas criminales y de la cantidad de tribunales en los que se encuentran esas condenas. Nuestros honorarios est\u00e1n determinados por cu\u00e1n complicada o compleja pueda ser su situaci\u00f3n. En el extremo inferior, la mayor\u00eda de los precios en el estado de Washington comienzan en alrededor de $ 1,500 para que un abogado de eliminaci\u00f3n de antecedentes criminales se encargue del proceso de principio a fin por una condena criminal.&nbsp; &nbsp;<\/p>\n\n\n\n<h4 class=\"wp-block-heading\">\u00bfCu\u00e1ndo Debo Comunicarme Con un Abogado para Limpiar mis Antecedentes Criminales?<\/h4>\n\n\n\n<p>\u00bfCu\u00e1nto vale su tiempo? Si tiene tiempo y paciencia, puede <i>puede<\/i> hacerlo sin un abogado. Puede encontrar los formularios y algunas instrucciones que necesita <a href=\"https:\/\/www.courts.wa.gov\/forms\/?fa=forms.contribute&amp;formID=38\" target=\"_blank\" rel=\"noopener\">para invalidar su condena criminal aqu\u00ed.<\/a>.<\/p>\n\n\n\n<p>Sin embargo, si no est\u00e1 seguro de los pr\u00f3ximos pasos o no tiene tiempo para analizar arduos niveles, incluidos los requisitos legales, las especificaciones de servicio y presentaci\u00f3n, las restricciones, lo que se debe y no se debe hacer, etc., es hora de comunicarse con un abogado con experiencia en eliminaci\u00f3n de antecedentes criminales del Estado de Washington.<\/p>\n\n\n\n<p>Nuestro equipo puede ayudarle a entender el caos desde el principio, ahorrarle tiempo y dinero y garantizar que est\u00e9 en el camino correcto para liberarse de los desaf\u00edos de tener antecedentes criminales.<\/p>","protected":false},"excerpt":{"rendered":"<p>Clearing Your Criminal Record We\u2019ve all made mistakes in life, and for some, that means being left with a criminal record. If you can relate, you\u2019re not alone &#8211; 77 million Americans are walking around right now with a criminal record, looking for a fresh start and, more than anything, a path forward without a [&hellip;]<\/p>\n","protected":false},"author":4,"featured_media":0,"parent":3344,"menu_order":0,"comment_status":"closed","ping_status":"closed","template":"","meta":{"_acf_changed":false,"footnotes":""},"class_list":["post-941","page","type-page","status-publish","hentry"],"acf":[],"_links":{"self":[{"href":"https:\/\/mrticketfixer.com\/es\/wp-json\/wp\/v2\/pages\/941","targetHints":{"allow":["GET"]}}],"collection":[{"href":"https:\/\/mrticketfixer.com\/es\/wp-json\/wp\/v2\/pages"}],"about":[{"href":"https:\/\/mrticketfixer.com\/es\/wp-json\/wp\/v2\/types\/page"}],"author":[{"embeddable":true,"href":"https:\/\/mrticketfixer.com\/es\/wp-json\/wp\/v2\/users\/4"}],"replies":[{"embeddable":true,"href":"https:\/\/mrticketfixer.com\/es\/wp-json\/wp\/v2\/comments?post=941"}],"version-history":[{"count":0,"href":"https:\/\/mrticketfixer.com\/es\/wp-json\/wp\/v2\/pages\/941\/revisions"}],"up":[{"embeddable":true,"href":"https:\/\/mrticketfixer.com\/es\/wp-json\/wp\/v2\/pages\/3344"}],"wp:attachment":[{"href":"https:\/\/mrticketfixer.com\/es\/wp-json\/wp\/v2\/media?parent=941"}],"curies":[{"name":"wp","href":"https:\/\/api.w.org\/{rel}","templated":true}]}}